{"id":3696674,"date":"2025-10-13T14:09:45","date_gmt":"2025-10-13T18:09:45","guid":{"rendered":"https:\/\/stoic-curie.212-227-153-4.plesk.page\/product\/bracadeira-em-aco-inoxidavel-e-borracha-de-18-mm\/"},"modified":"2026-02-25T00:27:57","modified_gmt":"2026-02-25T00:27:57","slug":"bracadeira-em-aco-inoxidavel-e-borracha-de-18-mm","status":"publish","type":"product","link":"https:\/\/stoic-curie.212-227-153-4.plesk.page\/pt\/product\/bracadeira-em-aco-inoxidavel-e-borracha-de-18-mm\/","title":{"rendered":"Bra\u00e7adeira em A\u00e7o Inoxid\u00e1vel e Borracha de 18 mm"},"content":{"rendered":"<p>Bra\u00e7adeira em A\u00e7o Inoxid\u00e1vel e Borracha de 18 mm &#8211; <\/p>\n<p>Grampo de veda\u00e7\u00e3o de borracha para segurar e fixar todos os tipos de mangueiras, tubos e fios. Banda de a\u00e7o inoxid\u00e1vel 304.<\/p>\n","protected":false},"excerpt":{"rendered":"<p>Bra\u00e7adeira em A\u00e7o Inoxid\u00e1vel e Borracha de 18 mm &#8211; Grampo de veda\u00e7\u00e3o de borracha para segurar e fixar todos<\/p>\n","protected":false},"featured_media":5935714,"comment_status":"closed","ping_status":"closed","template":"","meta":[],"product_brand":[3357],"product_cat":[1961],"product_tag":[],"class_list":{"0":"post-3696674","1":"product","2":"type-product","3":"status-publish","4":"has-post-thumbnail","6":"product_brand-seaflow-pt","7":"product_cat-abracadeiras-para-mangueiras","9":"first","10":"instock","11":"shipping-taxable","12":"purchasable","13":"product-type-simple"},"_links":{"self":[{"href":"https:\/\/stoic-curie.212-227-153-4.plesk.page\/pt\/wp-json\/wp\/v2\/product\/3696674","targetHints":{"allow":["GET"]}}],"collection":[{"href":"https:\/\/stoic-curie.212-227-153-4.plesk.page\/pt\/wp-json\/wp\/v2\/product"}],"about":[{"href":"https:\/\/stoic-curie.212-227-153-4.plesk.page\/pt\/wp-json\/wp\/v2\/types\/product"}],"replies":[{"embeddable":true,"href":"https:\/\/stoic-curie.212-227-153-4.plesk.page\/pt\/wp-json\/wp\/v2\/comments?post=3696674"}],"version-history":[{"count":0,"href":"https:\/\/stoic-curie.212-227-153-4.plesk.page\/pt\/wp-json\/wp\/v2\/product\/3696674\/revisions"}],"wp:featuredmedia":[{"embeddable":true,"href":"https:\/\/stoic-curie.212-227-153-4.plesk.page\/pt\/wp-json\/wp\/v2\/media\/5935714"}],"wp:attachment":[{"href":"https:\/\/stoic-curie.212-227-153-4.plesk.page\/pt\/wp-json\/wp\/v2\/media?parent=3696674"}],"wp:term":[{"taxonomy":"product_brand","embeddable":true,"href":"https:\/\/stoic-curie.212-227-153-4.plesk.page\/pt\/wp-json\/wp\/v2\/product_brand?post=3696674"},{"taxonomy":"product_cat","embeddable":true,"href":"https:\/\/stoic-curie.212-227-153-4.plesk.page\/pt\/wp-json\/wp\/v2\/product_cat?post=3696674"},{"taxonomy":"product_tag","embeddable":true,"href":"https:\/\/stoic-curie.212-227-153-4.plesk.page\/pt\/wp-json\/wp\/v2\/product_tag?post=3696674"}],"curies":[{"name":"wp","href":"https:\/\/api.w.org\/{rel}","templated":true}]}}