{"id":3698116,"date":"2025-10-13T14:15:13","date_gmt":"2025-10-13T18:15:13","guid":{"rendered":"https:\/\/stoic-curie.212-227-153-4.plesk.page\/product\/suporte-em-aco-inoxidavel-glomex-v9123-para-antenas-de-tv-avior-talitha\/"},"modified":"2026-02-25T00:28:08","modified_gmt":"2026-02-25T00:28:08","slug":"suporte-em-aco-inoxidavel-glomex-v9123-para-antenas-de-tv-avior-talitha","status":"publish","type":"product","link":"https:\/\/stoic-curie.212-227-153-4.plesk.page\/pt\/product\/suporte-em-aco-inoxidavel-glomex-v9123-para-antenas-de-tv-avior-talitha\/","title":{"rendered":"Suporte em A\u00e7o Inoxid\u00e1vel Glomex V9123 para Antenas de TV Avior \/ Talitha"},"content":{"rendered":"<p>Suporte em A\u00e7o Inoxid\u00e1vel Glomex V9123 para Antenas de TV Avior \/ Talitha &#8211; <\/p>\n<p>Antenna Glomex V9125AGCU\/DAB20 Talitha omnidirecional para TV anal\u00f3gica\/digital. Gra\u00e7as \u00e0 altura de 31 mm da barbatana de tubar\u00e3o, que permite a recep\u00e7\u00e3o de sinais verticais, esta antena pode receber sinais de TV anal\u00f3gicos ou digitais polarizados horizontal e verticalmente, tornando-a a solu\u00e7\u00e3o ideal para qualquer tipo de barco, seja veleiro ou motor. Equipado com um stylus para receber o sinal DAB e um amplificador de controle autom\u00e1tico de ganho (AGC) que garante um sinal perfeito, tanto no mar quanto no porto. Se combinado com um divisor V9147 (de 2 vias, opcional), instalado entre a antena e o amplificador, tamb\u00e9m pode receber frequ\u00eancias de r\u00e1dio AM-FM. Frequ\u00eancia 87,5\/774 MHz, 174\/240 MHz DA &#8211; Imped\u00e2ncia 75 Ohm &#8211; Fonte de Alimenta\u00e7\u00e3o Universal 12\/24V.<\/p>\n","protected":false},"excerpt":{"rendered":"<p>Suporte em A\u00e7o Inoxid\u00e1vel Glomex V9123 para Antenas de TV Avior \/ Talitha &#8211; Antenna Glomex V9125AGCU\/DAB20 Talitha omnidirecional para<\/p>\n","protected":false},"featured_media":5944453,"comment_status":"closed","ping_status":"closed","template":"","meta":[],"product_brand":[2982],"product_cat":[2041],"product_tag":[],"class_list":{"0":"post-3698116","1":"product","2":"type-product","3":"status-publish","4":"has-post-thumbnail","6":"product_brand-glomex-pt","7":"product_cat-antenas-tv","9":"first","10":"instock","11":"shipping-taxable","12":"purchasable","13":"product-type-simple"},"_links":{"self":[{"href":"https:\/\/stoic-curie.212-227-153-4.plesk.page\/pt\/wp-json\/wp\/v2\/product\/3698116","targetHints":{"allow":["GET"]}}],"collection":[{"href":"https:\/\/stoic-curie.212-227-153-4.plesk.page\/pt\/wp-json\/wp\/v2\/product"}],"about":[{"href":"https:\/\/stoic-curie.212-227-153-4.plesk.page\/pt\/wp-json\/wp\/v2\/types\/product"}],"replies":[{"embeddable":true,"href":"https:\/\/stoic-curie.212-227-153-4.plesk.page\/pt\/wp-json\/wp\/v2\/comments?post=3698116"}],"version-history":[{"count":0,"href":"https:\/\/stoic-curie.212-227-153-4.plesk.page\/pt\/wp-json\/wp\/v2\/product\/3698116\/revisions"}],"wp:featuredmedia":[{"embeddable":true,"href":"https:\/\/stoic-curie.212-227-153-4.plesk.page\/pt\/wp-json\/wp\/v2\/media\/5944453"}],"wp:attachment":[{"href":"https:\/\/stoic-curie.212-227-153-4.plesk.page\/pt\/wp-json\/wp\/v2\/media?parent=3698116"}],"wp:term":[{"taxonomy":"product_brand","embeddable":true,"href":"https:\/\/stoic-curie.212-227-153-4.plesk.page\/pt\/wp-json\/wp\/v2\/product_brand?post=3698116"},{"taxonomy":"product_cat","embeddable":true,"href":"https:\/\/stoic-curie.212-227-153-4.plesk.page\/pt\/wp-json\/wp\/v2\/product_cat?post=3698116"},{"taxonomy":"product_tag","embeddable":true,"href":"https:\/\/stoic-curie.212-227-153-4.plesk.page\/pt\/wp-json\/wp\/v2\/product_tag?post=3698116"}],"curies":[{"name":"wp","href":"https:\/\/api.w.org\/{rel}","templated":true}]}}