{"id":3698118,"date":"2025-10-13T14:15:13","date_gmt":"2025-10-13T18:15:13","guid":{"rendered":"https:\/\/stoic-curie.212-227-153-4.plesk.page\/product\/oleo-de-teca-star-brite-gold-500ml\/"},"modified":"2026-02-25T00:28:08","modified_gmt":"2026-02-25T00:28:08","slug":"oleo-de-teca-star-brite-gold-500ml","status":"publish","type":"product","link":"https:\/\/stoic-curie.212-227-153-4.plesk.page\/pt\/product\/oleo-de-teca-star-brite-gold-500ml\/","title":{"rendered":"\u00d3leo de Teca Star Brite Gold 500ml"},"content":{"rendered":"<p>\u00d3leo de Teca Star Brite Gold 500ml &#8211; <\/p>\n<p>\u2022 Prote\u00e7\u00e3o de longa dura\u00e7\u00e3o para Teak<br \/>\n\u2022 Confere ao Teak uma cor dourada natural e quente<br \/>\n\u2022 F\u00e1cil de usar, de secagem r\u00e1pida<br \/>\n\u2022 Protege contra os raios ultravioleta<br \/>\n\u2022 F\u00f3rmula avan\u00e7ada de pol\u00edmero de \u00f3leo de tungue<br \/>\n\u2022 \u00d3leo de Teak classificado como o n\u00ba 1 em testes independentes<br \/>\n\u2022 Dura seis vezes mais do que os \u00f3leos de Teak comuns<\/p>\n","protected":false},"excerpt":{"rendered":"<p>\u00d3leo de Teca Star Brite Gold 500ml &#8211; \u2022 Prote\u00e7\u00e3o de longa dura\u00e7\u00e3o para Teak \u2022 Confere ao Teak uma<\/p>\n","protected":false},"featured_media":5944458,"comment_status":"closed","ping_status":"closed","template":"","meta":[],"product_brand":[3437],"product_cat":[1912],"product_tag":[],"class_list":{"0":"post-3698118","1":"product","2":"type-product","3":"status-publish","4":"has-post-thumbnail","6":"product_brand-starbrite-pt","7":"product_cat-verniz-e-oleo-para-teca","9":"first","10":"instock","11":"shipping-taxable","12":"purchasable","13":"product-type-simple"},"_links":{"self":[{"href":"https:\/\/stoic-curie.212-227-153-4.plesk.page\/pt\/wp-json\/wp\/v2\/product\/3698118","targetHints":{"allow":["GET"]}}],"collection":[{"href":"https:\/\/stoic-curie.212-227-153-4.plesk.page\/pt\/wp-json\/wp\/v2\/product"}],"about":[{"href":"https:\/\/stoic-curie.212-227-153-4.plesk.page\/pt\/wp-json\/wp\/v2\/types\/product"}],"replies":[{"embeddable":true,"href":"https:\/\/stoic-curie.212-227-153-4.plesk.page\/pt\/wp-json\/wp\/v2\/comments?post=3698118"}],"version-history":[{"count":0,"href":"https:\/\/stoic-curie.212-227-153-4.plesk.page\/pt\/wp-json\/wp\/v2\/product\/3698118\/revisions"}],"wp:featuredmedia":[{"embeddable":true,"href":"https:\/\/stoic-curie.212-227-153-4.plesk.page\/pt\/wp-json\/wp\/v2\/media\/5944458"}],"wp:attachment":[{"href":"https:\/\/stoic-curie.212-227-153-4.plesk.page\/pt\/wp-json\/wp\/v2\/media?parent=3698118"}],"wp:term":[{"taxonomy":"product_brand","embeddable":true,"href":"https:\/\/stoic-curie.212-227-153-4.plesk.page\/pt\/wp-json\/wp\/v2\/product_brand?post=3698118"},{"taxonomy":"product_cat","embeddable":true,"href":"https:\/\/stoic-curie.212-227-153-4.plesk.page\/pt\/wp-json\/wp\/v2\/product_cat?post=3698118"},{"taxonomy":"product_tag","embeddable":true,"href":"https:\/\/stoic-curie.212-227-153-4.plesk.page\/pt\/wp-json\/wp\/v2\/product_tag?post=3698118"}],"curies":[{"name":"wp","href":"https:\/\/api.w.org\/{rel}","templated":true}]}}