{"id":3698120,"date":"2025-10-13T14:15:14","date_gmt":"2025-10-13T18:15:14","guid":{"rendered":"https:\/\/stoic-curie.212-227-153-4.plesk.page\/product\/fendress-capa-para-defensa-f2-azul-royal\/"},"modified":"2026-02-25T00:28:08","modified_gmt":"2026-02-25T00:28:08","slug":"fendress-capa-para-defensa-f2-azul-royal","status":"publish","type":"product","link":"https:\/\/stoic-curie.212-227-153-4.plesk.page\/pt\/product\/fendress-capa-para-defensa-f2-azul-royal\/","title":{"rendered":"Fendress Capa para Defensa F2 Azul Royal"},"content":{"rendered":"<p>Fendress Capa para Defensa F2 Azul Royal &#8211; <\/p>\n<p>Coberturas de fender Fendress de pel\u00facia macia feitas \u00e0 m\u00e3o. Prote\u00e7\u00e3o premium para seus fenders, enquanto elimina rangidos e marcas inc\u00f4modas. Macias e resistentes, essas coberturas protegem eficazmente sua pintura em gel e fazem seus fenders durarem mais.<\/p>\n<p>\u2022 As &#8220;Fendress Covers&#8221; s\u00e3o 100% acr\u00edlicas, feitas \u00e0 m\u00e3o, de qualidade premium, resistentes e de malha de la\u00e7o n\u00e3o abrasiva. Coberturas de fender de pel\u00facia suave oferecem a m\u00e1xima prote\u00e7\u00e3o para suas superf\u00edcies superiores.<\/p>\n<p>\u2022 As &#8220;Fendress Covers&#8221; s\u00e3o resistentes a UV e \u00e1gua do mar, protegendo eficazmente sua pintura em gel contra marcas e abras\u00f5es. O tecido de pel\u00facia resistente e robusto possui todas as melhores caracter\u00edsticas, incluindo resist\u00eancia a rasgos e abras\u00f5es, capacidade de secagem r\u00e1pida e f\u00e1cil remo\u00e7\u00e3o para limpeza.<\/p>\n<p>\u2022 As &#8220;Fendress Covers&#8221; fazem com que seus fenders durem mais e eliminam rangidos irritantes. As cores resistentes a UV n\u00e3o deixam marcas em suas superf\u00edcies. Lav\u00e1veis na m\u00e1quina.<\/p>\n<p>\u2022 As &#8220;Fendress Covers&#8221; com alta resist\u00eancia na parte superior e bainha el\u00e1stica na parte inferior permitem um ajuste personalizado para todos os tipos de fenders. As coberturas est\u00e3o dispon\u00edveis em 9 cores.<\/p>\n","protected":false},"excerpt":{"rendered":"<p>Fendress Capa para Defensa F2 Azul Royal &#8211; Coberturas de fender Fendress de pel\u00facia macia feitas \u00e0 m\u00e3o. Prote\u00e7\u00e3o premium<\/p>\n","protected":false},"featured_media":5944460,"comment_status":"closed","ping_status":"closed","template":"","meta":[],"product_brand":[2937],"product_cat":[2138],"product_tag":[],"class_list":{"0":"post-3698120","1":"product","2":"type-product","3":"status-publish","4":"has-post-thumbnail","6":"product_brand-fendress-pt","7":"product_cat-capas-para-defensas","9":"first","10":"instock","11":"shipping-taxable","12":"purchasable","13":"product-type-simple"},"_links":{"self":[{"href":"https:\/\/stoic-curie.212-227-153-4.plesk.page\/pt\/wp-json\/wp\/v2\/product\/3698120","targetHints":{"allow":["GET"]}}],"collection":[{"href":"https:\/\/stoic-curie.212-227-153-4.plesk.page\/pt\/wp-json\/wp\/v2\/product"}],"about":[{"href":"https:\/\/stoic-curie.212-227-153-4.plesk.page\/pt\/wp-json\/wp\/v2\/types\/product"}],"replies":[{"embeddable":true,"href":"https:\/\/stoic-curie.212-227-153-4.plesk.page\/pt\/wp-json\/wp\/v2\/comments?post=3698120"}],"version-history":[{"count":0,"href":"https:\/\/stoic-curie.212-227-153-4.plesk.page\/pt\/wp-json\/wp\/v2\/product\/3698120\/revisions"}],"wp:featuredmedia":[{"embeddable":true,"href":"https:\/\/stoic-curie.212-227-153-4.plesk.page\/pt\/wp-json\/wp\/v2\/media\/5944460"}],"wp:attachment":[{"href":"https:\/\/stoic-curie.212-227-153-4.plesk.page\/pt\/wp-json\/wp\/v2\/media?parent=3698120"}],"wp:term":[{"taxonomy":"product_brand","embeddable":true,"href":"https:\/\/stoic-curie.212-227-153-4.plesk.page\/pt\/wp-json\/wp\/v2\/product_brand?post=3698120"},{"taxonomy":"product_cat","embeddable":true,"href":"https:\/\/stoic-curie.212-227-153-4.plesk.page\/pt\/wp-json\/wp\/v2\/product_cat?post=3698120"},{"taxonomy":"product_tag","embeddable":true,"href":"https:\/\/stoic-curie.212-227-153-4.plesk.page\/pt\/wp-json\/wp\/v2\/product_tag?post=3698120"}],"curies":[{"name":"wp","href":"https:\/\/api.w.org\/{rel}","templated":true}]}}