{"id":3698124,"date":"2025-10-13T14:15:14","date_gmt":"2025-10-13T18:15:14","guid":{"rendered":"https:\/\/stoic-curie.212-227-153-4.plesk.page\/product\/fendress-capa-para-defensa-azul-royal-f6\/"},"modified":"2026-02-25T00:28:08","modified_gmt":"2026-02-25T00:28:08","slug":"fendress-capa-para-defensa-azul-royal-f6","status":"publish","type":"product","link":"https:\/\/stoic-curie.212-227-153-4.plesk.page\/pt\/product\/fendress-capa-para-defensa-azul-royal-f6\/","title":{"rendered":"Fendress Capa para Defensa Azul Royal F6"},"content":{"rendered":"<p>Fendress Capa para Defensa Azul Royal F6 &#8211; <\/p>\n<p>Cobertores de fender Fendress em fleece macio feitos \u00e0 m\u00e3o. Prote\u00e7\u00e3o premium para os seus fenders, eliminando rangidos e manchas. Macios e resistentes, estes cobertores protegem eficientemente sua pintura em gel-coat e fazem seus fenders durarem mais.<\/p>\n<p>\u2022 Os &#8220;Fendress Covers&#8221; s\u00e3o 100% acr\u00edlicos, feitos \u00e0 m\u00e3o em qualidade premium, resistentes e n\u00e3o abrasivos. Os suaves e fofos cobertores de fleece oferecem a prote\u00e7\u00e3o m\u00e1xima para suas superf\u00edcies. \u2022 Os &#8220;Fendress Covers&#8221; s\u00e3o resistentes a UV e \u00e1gua do mar, protegendo eficientemente sua pintura em gel-coat contra manchas e abras\u00f5es. O tecido de fleece resistente e robusto cont\u00e9m todas as melhores caracter\u00edsticas, incluindo resist\u00eancia a rasgos e abras\u00e3o, capacidade de secagem r\u00e1pida e f\u00e1cil remo\u00e7\u00e3o para limpeza. \u2022 Os &#8220;Fendress Covers&#8221; fazem seus fenders durarem mais e eliminam o inc\u00f4modo rangido. As cores resistentes a UV n\u00e3o marcam suas superf\u00edcies. Lav\u00e1vel na m\u00e1quina. \u2022 Os &#8220;Fendress Covers&#8221; com alta resist\u00eancia na parte superior e barra el\u00e1stica permitem um ajuste personalizado para todos os tipos de fenders. Cobertores est\u00e3o dispon\u00edveis em 9 cores.<\/p>\n","protected":false},"excerpt":{"rendered":"<p>Fendress Capa para Defensa Azul Royal F6 &#8211; Cobertores de fender Fendress em fleece macio feitos \u00e0 m\u00e3o. Prote\u00e7\u00e3o premium<\/p>\n","protected":false},"featured_media":5944460,"comment_status":"closed","ping_status":"closed","template":"","meta":[],"product_brand":[2937],"product_cat":[2138],"product_tag":[],"class_list":{"0":"post-3698124","1":"product","2":"type-product","3":"status-publish","4":"has-post-thumbnail","6":"product_brand-fendress-pt","7":"product_cat-capas-para-defensas","9":"first","10":"instock","11":"shipping-taxable","12":"purchasable","13":"product-type-simple"},"_links":{"self":[{"href":"https:\/\/stoic-curie.212-227-153-4.plesk.page\/pt\/wp-json\/wp\/v2\/product\/3698124","targetHints":{"allow":["GET"]}}],"collection":[{"href":"https:\/\/stoic-curie.212-227-153-4.plesk.page\/pt\/wp-json\/wp\/v2\/product"}],"about":[{"href":"https:\/\/stoic-curie.212-227-153-4.plesk.page\/pt\/wp-json\/wp\/v2\/types\/product"}],"replies":[{"embeddable":true,"href":"https:\/\/stoic-curie.212-227-153-4.plesk.page\/pt\/wp-json\/wp\/v2\/comments?post=3698124"}],"version-history":[{"count":0,"href":"https:\/\/stoic-curie.212-227-153-4.plesk.page\/pt\/wp-json\/wp\/v2\/product\/3698124\/revisions"}],"wp:featuredmedia":[{"embeddable":true,"href":"https:\/\/stoic-curie.212-227-153-4.plesk.page\/pt\/wp-json\/wp\/v2\/media\/5944460"}],"wp:attachment":[{"href":"https:\/\/stoic-curie.212-227-153-4.plesk.page\/pt\/wp-json\/wp\/v2\/media?parent=3698124"}],"wp:term":[{"taxonomy":"product_brand","embeddable":true,"href":"https:\/\/stoic-curie.212-227-153-4.plesk.page\/pt\/wp-json\/wp\/v2\/product_brand?post=3698124"},{"taxonomy":"product_cat","embeddable":true,"href":"https:\/\/stoic-curie.212-227-153-4.plesk.page\/pt\/wp-json\/wp\/v2\/product_cat?post=3698124"},{"taxonomy":"product_tag","embeddable":true,"href":"https:\/\/stoic-curie.212-227-153-4.plesk.page\/pt\/wp-json\/wp\/v2\/product_tag?post=3698124"}],"curies":[{"name":"wp","href":"https:\/\/api.w.org\/{rel}","templated":true}]}}