{"id":3698125,"date":"2025-10-13T14:15:15","date_gmt":"2025-10-13T18:15:15","guid":{"rendered":"https:\/\/stoic-curie.212-227-153-4.plesk.page\/product\/fendress-capa-para-defensa-f7-azul-royal\/"},"modified":"2026-02-25T00:28:08","modified_gmt":"2026-02-25T00:28:08","slug":"fendress-capa-para-defensa-f7-azul-royal","status":"publish","type":"product","link":"https:\/\/stoic-curie.212-227-153-4.plesk.page\/pt\/product\/fendress-capa-para-defensa-f7-azul-royal\/","title":{"rendered":"Fendress Capa para Defensa F7 Azul Royal"},"content":{"rendered":"<p>Fendress Capa para Defensa F7 Azul Royal &#8211; <\/p>\n<p>Capas de fender Fendress de fleece peludo feitas \u00e0 m\u00e3o. Prote\u00e7\u00e3o premium para seus fenders, enquanto elimina o barulho e marcas de abras\u00e3o. Macios e dur\u00e1veis, essas capas de fender protegem eficientemente sua pintura de gelcoat e fazem seus fenders durarem mais.<\/p>\n<p>\u2022 As &#8220;Fendress Covers&#8221; s\u00e3o feitas de 100% acr\u00edlico, feitas \u00e0 m\u00e3o, de qualidade premium, resistentes e n\u00e3o abrasivas. Capas de fender de fleece macio oferecem a prote\u00e7\u00e3o definitiva para seus lados superiores. \u2022 As &#8220;Fendress Covers&#8221; s\u00e3o resistentes a UV e \u00e1gua do mar, protegendo eficientemente sua pintura de gelcoat contra marcas de abras\u00e3o e arranh\u00f5es. O tecido de fleece resistente cont\u00e9m todas as melhores caracter\u00edsticas, incluindo resist\u00eancia a rasgos e abras\u00f5es, capacidade de secagem r\u00e1pida e f\u00e1cil remo\u00e7\u00e3o para limpeza. \u2022 As &#8220;Fendress Covers&#8221; fazem seus fenders durarem mais e eliminam os irritantes barulhos de fender. As cores resistentes a UV n\u00e3o mancham seus lados superiores. Lav\u00e1vel \u00e0 m\u00e1quina. \u2022 As capas &#8220;Fendress Covers&#8221; t\u00eam uma parte superior de alta resist\u00eancia e uma bainha inferior el\u00e1stica que permitem um ajuste personalizado para todos os tipos de fenders. As capas est\u00e3o dispon\u00edveis em 9 cores.<\/p>\n","protected":false},"excerpt":{"rendered":"<p>Fendress Capa para Defensa F7 Azul Royal &#8211; Capas de fender Fendress de fleece peludo feitas \u00e0 m\u00e3o. Prote\u00e7\u00e3o premium<\/p>\n","protected":false},"featured_media":5944460,"comment_status":"closed","ping_status":"closed","template":"","meta":[],"product_brand":[2937],"product_cat":[2138],"product_tag":[],"class_list":{"0":"post-3698125","1":"product","2":"type-product","3":"status-publish","4":"has-post-thumbnail","6":"product_brand-fendress-pt","7":"product_cat-capas-para-defensas","9":"first","10":"instock","11":"shipping-taxable","12":"purchasable","13":"product-type-simple"},"_links":{"self":[{"href":"https:\/\/stoic-curie.212-227-153-4.plesk.page\/pt\/wp-json\/wp\/v2\/product\/3698125","targetHints":{"allow":["GET"]}}],"collection":[{"href":"https:\/\/stoic-curie.212-227-153-4.plesk.page\/pt\/wp-json\/wp\/v2\/product"}],"about":[{"href":"https:\/\/stoic-curie.212-227-153-4.plesk.page\/pt\/wp-json\/wp\/v2\/types\/product"}],"replies":[{"embeddable":true,"href":"https:\/\/stoic-curie.212-227-153-4.plesk.page\/pt\/wp-json\/wp\/v2\/comments?post=3698125"}],"version-history":[{"count":0,"href":"https:\/\/stoic-curie.212-227-153-4.plesk.page\/pt\/wp-json\/wp\/v2\/product\/3698125\/revisions"}],"wp:featuredmedia":[{"embeddable":true,"href":"https:\/\/stoic-curie.212-227-153-4.plesk.page\/pt\/wp-json\/wp\/v2\/media\/5944460"}],"wp:attachment":[{"href":"https:\/\/stoic-curie.212-227-153-4.plesk.page\/pt\/wp-json\/wp\/v2\/media?parent=3698125"}],"wp:term":[{"taxonomy":"product_brand","embeddable":true,"href":"https:\/\/stoic-curie.212-227-153-4.plesk.page\/pt\/wp-json\/wp\/v2\/product_brand?post=3698125"},{"taxonomy":"product_cat","embeddable":true,"href":"https:\/\/stoic-curie.212-227-153-4.plesk.page\/pt\/wp-json\/wp\/v2\/product_cat?post=3698125"},{"taxonomy":"product_tag","embeddable":true,"href":"https:\/\/stoic-curie.212-227-153-4.plesk.page\/pt\/wp-json\/wp\/v2\/product_tag?post=3698125"}],"curies":[{"name":"wp","href":"https:\/\/api.w.org\/{rel}","templated":true}]}}