{"id":3698126,"date":"2025-10-13T14:15:15","date_gmt":"2025-10-13T18:15:15","guid":{"rendered":"https:\/\/stoic-curie.212-227-153-4.plesk.page\/product\/fendress-capa-para-defensa-f02-azul-royal\/"},"modified":"2026-02-25T00:28:08","modified_gmt":"2026-02-25T00:28:08","slug":"fendress-capa-para-defensa-f02-azul-royal","status":"publish","type":"product","link":"https:\/\/stoic-curie.212-227-153-4.plesk.page\/pt\/product\/fendress-capa-para-defensa-f02-azul-royal\/","title":{"rendered":"Fendress Capa para Defensa F02 Azul Royal"},"content":{"rendered":"<p>Fendress Capa para Defensa F02 Azul Royal &#8211; <\/p>\n<p>Capas de fender Fendress em fleece feito \u00e0 m\u00e3o. Prote\u00e7\u00e3o premium para seus fenders, eliminando os rangidos e marcas de desgaste. Macias e resistentes, essas capas protegem eficientemente sua pintura em gel-coat e aumentam a vida \u00fatil dos seus fenders.<\/p>\n<p>\u2022 As \u201cFendress Covers\u201d s\u00e3o 100% acr\u00edlicas, feitas \u00e0 m\u00e3o, de qualidade premium, resistentes e n\u00e3o abrasivas em malha em la\u00e7o. As macias capas de fleece oferecem a m\u00e1xima prote\u00e7\u00e3o para seus lados. \u2022 As \u201cFendress Covers\u201d s\u00e3o resistentes a UV e \u00e1gua do mar, protegendo eficientemente sua pintura em gel-coat de marcas de desgaste e abras\u00f5es. O tecido de fleece resistente e dur\u00e1vel cont\u00e9m todas as melhores caracter\u00edsticas, incluindo resist\u00eancia a rasgos e abras\u00e3o, secagem r\u00e1pida e f\u00e1cil remo\u00e7\u00e3o para limpeza. \u2022 As \u201cFendress Covers\u201d aumentam a vida \u00fatil dos seus fenders e eliminam o irritante rangido. As cores resistentes a UV n\u00e3o marcam seus lados. Lav\u00e1vel na m\u00e1quina. \u2022 As \u201cFendress Covers\u201d com alta resist\u00eancia na parte superior e bainha el\u00e1stica permitem um ajuste personalizado para todos os tipos de fenders. As capas est\u00e3o dispon\u00edveis em 9 cores.<\/p>\n","protected":false},"excerpt":{"rendered":"<p>Fendress Capa para Defensa F02 Azul Royal &#8211; Capas de fender Fendress em fleece feito \u00e0 m\u00e3o. Prote\u00e7\u00e3o premium para<\/p>\n","protected":false},"featured_media":5944460,"comment_status":"closed","ping_status":"closed","template":"","meta":[],"product_brand":[2937],"product_cat":[2138],"product_tag":[],"class_list":{"0":"post-3698126","1":"product","2":"type-product","3":"status-publish","4":"has-post-thumbnail","6":"product_brand-fendress-pt","7":"product_cat-capas-para-defensas","9":"first","10":"instock","11":"shipping-taxable","12":"purchasable","13":"product-type-simple"},"_links":{"self":[{"href":"https:\/\/stoic-curie.212-227-153-4.plesk.page\/pt\/wp-json\/wp\/v2\/product\/3698126","targetHints":{"allow":["GET"]}}],"collection":[{"href":"https:\/\/stoic-curie.212-227-153-4.plesk.page\/pt\/wp-json\/wp\/v2\/product"}],"about":[{"href":"https:\/\/stoic-curie.212-227-153-4.plesk.page\/pt\/wp-json\/wp\/v2\/types\/product"}],"replies":[{"embeddable":true,"href":"https:\/\/stoic-curie.212-227-153-4.plesk.page\/pt\/wp-json\/wp\/v2\/comments?post=3698126"}],"version-history":[{"count":0,"href":"https:\/\/stoic-curie.212-227-153-4.plesk.page\/pt\/wp-json\/wp\/v2\/product\/3698126\/revisions"}],"wp:featuredmedia":[{"embeddable":true,"href":"https:\/\/stoic-curie.212-227-153-4.plesk.page\/pt\/wp-json\/wp\/v2\/media\/5944460"}],"wp:attachment":[{"href":"https:\/\/stoic-curie.212-227-153-4.plesk.page\/pt\/wp-json\/wp\/v2\/media?parent=3698126"}],"wp:term":[{"taxonomy":"product_brand","embeddable":true,"href":"https:\/\/stoic-curie.212-227-153-4.plesk.page\/pt\/wp-json\/wp\/v2\/product_brand?post=3698126"},{"taxonomy":"product_cat","embeddable":true,"href":"https:\/\/stoic-curie.212-227-153-4.plesk.page\/pt\/wp-json\/wp\/v2\/product_cat?post=3698126"},{"taxonomy":"product_tag","embeddable":true,"href":"https:\/\/stoic-curie.212-227-153-4.plesk.page\/pt\/wp-json\/wp\/v2\/product_tag?post=3698126"}],"curies":[{"name":"wp","href":"https:\/\/api.w.org\/{rel}","templated":true}]}}