{"id":3698130,"date":"2025-10-13T14:15:15","date_gmt":"2025-10-13T18:15:15","guid":{"rendered":"https:\/\/stoic-curie.212-227-153-4.plesk.page\/product\/cobertura-para-corda-fendress-vinho-tinto-100cm\/"},"modified":"2026-02-25T00:28:08","modified_gmt":"2026-02-25T00:28:08","slug":"cobertura-para-corda-fendress-vinho-tinto-100cm","status":"publish","type":"product","link":"https:\/\/stoic-curie.212-227-153-4.plesk.page\/pt\/product\/cobertura-para-corda-fendress-vinho-tinto-100cm\/","title":{"rendered":"Cobertura para Corda Fendress Vinho Tinto 100cm"},"content":{"rendered":"<p>Cobertura para Corda Fendress Vinho Tinto 100cm &#8211; <\/p>\n<p>Protetor de atrito universal para cordas de amarra\u00e7\u00e3o de acr\u00edlico (de 14 a 32 mm) resistente a UV e dur\u00e1vel. Fabricado com o mesmo tecido usado para as capas de fender Fendress, que s\u00e3o macias e robustas. Protege as cordas do desgaste e das intemp\u00e9ries, ao mesmo tempo que combina com as mesmas cores das capas de fender. Fecho de velcro resistente e f\u00e1cil de montar.<\/p>\n","protected":false},"excerpt":{"rendered":"<p>Cobertura para Corda Fendress Vinho Tinto 100cm &#8211; Protetor de atrito universal para cordas de amarra\u00e7\u00e3o de acr\u00edlico (de 14<\/p>\n","protected":false},"featured_media":5944466,"comment_status":"closed","ping_status":"closed","template":"","meta":[],"product_brand":[2937],"product_cat":[1909,1900],"product_tag":[],"class_list":{"0":"post-3698130","1":"product","2":"type-product","3":"status-publish","4":"has-post-thumbnail","6":"product_brand-fendress-pt","7":"product_cat-cabos-de-amarracao","8":"product_cat-ferramentas-para-remendos","10":"first","11":"instock","12":"shipping-taxable","13":"purchasable","14":"product-type-simple"},"_links":{"self":[{"href":"https:\/\/stoic-curie.212-227-153-4.plesk.page\/pt\/wp-json\/wp\/v2\/product\/3698130","targetHints":{"allow":["GET"]}}],"collection":[{"href":"https:\/\/stoic-curie.212-227-153-4.plesk.page\/pt\/wp-json\/wp\/v2\/product"}],"about":[{"href":"https:\/\/stoic-curie.212-227-153-4.plesk.page\/pt\/wp-json\/wp\/v2\/types\/product"}],"replies":[{"embeddable":true,"href":"https:\/\/stoic-curie.212-227-153-4.plesk.page\/pt\/wp-json\/wp\/v2\/comments?post=3698130"}],"version-history":[{"count":0,"href":"https:\/\/stoic-curie.212-227-153-4.plesk.page\/pt\/wp-json\/wp\/v2\/product\/3698130\/revisions"}],"wp:featuredmedia":[{"embeddable":true,"href":"https:\/\/stoic-curie.212-227-153-4.plesk.page\/pt\/wp-json\/wp\/v2\/media\/5944466"}],"wp:attachment":[{"href":"https:\/\/stoic-curie.212-227-153-4.plesk.page\/pt\/wp-json\/wp\/v2\/media?parent=3698130"}],"wp:term":[{"taxonomy":"product_brand","embeddable":true,"href":"https:\/\/stoic-curie.212-227-153-4.plesk.page\/pt\/wp-json\/wp\/v2\/product_brand?post=3698130"},{"taxonomy":"product_cat","embeddable":true,"href":"https:\/\/stoic-curie.212-227-153-4.plesk.page\/pt\/wp-json\/wp\/v2\/product_cat?post=3698130"},{"taxonomy":"product_tag","embeddable":true,"href":"https:\/\/stoic-curie.212-227-153-4.plesk.page\/pt\/wp-json\/wp\/v2\/product_tag?post=3698130"}],"curies":[{"name":"wp","href":"https:\/\/api.w.org\/{rel}","templated":true}]}}