{"id":3698131,"date":"2025-10-13T14:15:16","date_gmt":"2025-10-13T18:15:16","guid":{"rendered":"https:\/\/stoic-curie.212-227-153-4.plesk.page\/product\/colete-salva-vidas-desportivo-reef-iso-en12402-5-70-newton-70-80kg\/"},"modified":"2026-02-25T00:28:08","modified_gmt":"2026-02-25T00:28:08","slug":"colete-salva-vidas-desportivo-reef-iso-en12402-5-70-newton-70-80kg","status":"publish","type":"product","link":"https:\/\/stoic-curie.212-227-153-4.plesk.page\/pt\/product\/colete-salva-vidas-desportivo-reef-iso-en12402-5-70-newton-70-80kg\/","title":{"rendered":"Colete Salva-Vidas Desportivo Reef ISO EN12402-5 70 Newton 70-80kg"},"content":{"rendered":"<p>Colete Salva-Vidas Desportivo Reef ISO EN12402-5 70 Newton 70-80kg &#8211; <\/p>\n<p>Jaqueta de aux\u00edlio \u00e0 flutua\u00e7\u00e3o compacta e ergon\u00f4mica Reef ISO EN12402-5 aprovada com 50N de flutuabilidade. Recomendada pelos melhores campe\u00f5es de catamar\u00e3 de lazer. Tamb\u00e9m adequada para rafting e esqui aqu\u00e1tico. Sistema de ajuste composto por tr\u00eas cintos com fivelas de libera\u00e7\u00e3o r\u00e1pida. 50N &#8211; Aux\u00edlio \u00e0 flutua\u00e7\u00e3o e nata\u00e7\u00e3o. Isso n\u00e3o \u00e9 um colete salva-vidas. Para nadadores regulares. Deve ser usado perto da costa.<\/p>\n","protected":false},"excerpt":{"rendered":"<p>Colete Salva-Vidas Desportivo Reef ISO EN12402-5 70 Newton 70-80kg &#8211; Jaqueta de aux\u00edlio \u00e0 flutua\u00e7\u00e3o compacta e ergon\u00f4mica Reef ISO<\/p>\n","protected":false},"featured_media":5935788,"comment_status":"closed","ping_status":"closed","template":"","meta":[],"product_brand":[3517],"product_cat":[1890,2129],"product_tag":[],"class_list":{"0":"post-3698131","1":"product","2":"type-product","3":"status-publish","4":"has-post-thumbnail","6":"product_brand-veleria-san-giorgio-pt","7":"product_cat-auxiliares-flutuaveis","8":"product_cat-coletes-salva-vidas-ligeiros-para-desportos-aquaticos","10":"first","11":"instock","12":"shipping-taxable","13":"purchasable","14":"product-type-simple"},"_links":{"self":[{"href":"https:\/\/stoic-curie.212-227-153-4.plesk.page\/pt\/wp-json\/wp\/v2\/product\/3698131","targetHints":{"allow":["GET"]}}],"collection":[{"href":"https:\/\/stoic-curie.212-227-153-4.plesk.page\/pt\/wp-json\/wp\/v2\/product"}],"about":[{"href":"https:\/\/stoic-curie.212-227-153-4.plesk.page\/pt\/wp-json\/wp\/v2\/types\/product"}],"replies":[{"embeddable":true,"href":"https:\/\/stoic-curie.212-227-153-4.plesk.page\/pt\/wp-json\/wp\/v2\/comments?post=3698131"}],"version-history":[{"count":0,"href":"https:\/\/stoic-curie.212-227-153-4.plesk.page\/pt\/wp-json\/wp\/v2\/product\/3698131\/revisions"}],"wp:featuredmedia":[{"embeddable":true,"href":"https:\/\/stoic-curie.212-227-153-4.plesk.page\/pt\/wp-json\/wp\/v2\/media\/5935788"}],"wp:attachment":[{"href":"https:\/\/stoic-curie.212-227-153-4.plesk.page\/pt\/wp-json\/wp\/v2\/media?parent=3698131"}],"wp:term":[{"taxonomy":"product_brand","embeddable":true,"href":"https:\/\/stoic-curie.212-227-153-4.plesk.page\/pt\/wp-json\/wp\/v2\/product_brand?post=3698131"},{"taxonomy":"product_cat","embeddable":true,"href":"https:\/\/stoic-curie.212-227-153-4.plesk.page\/pt\/wp-json\/wp\/v2\/product_cat?post=3698131"},{"taxonomy":"product_tag","embeddable":true,"href":"https:\/\/stoic-curie.212-227-153-4.plesk.page\/pt\/wp-json\/wp\/v2\/product_tag?post=3698131"}],"curies":[{"name":"wp","href":"https:\/\/api.w.org\/{rel}","templated":true}]}}