{"id":3698133,"date":"2025-10-13T14:15:16","date_gmt":"2025-10-13T18:15:16","guid":{"rendered":"https:\/\/stoic-curie.212-227-153-4.plesk.page\/product\/kit-de-seguranca-x41-para-morse-ultraflex-b400\/"},"modified":"2026-02-25T00:28:08","modified_gmt":"2026-02-25T00:28:08","slug":"kit-de-seguranca-x41-para-morse-ultraflex-b400","status":"publish","type":"product","link":"https:\/\/stoic-curie.212-227-153-4.plesk.page\/pt\/product\/kit-de-seguranca-x41-para-morse-ultraflex-b400\/","title":{"rendered":"Kit de Seguran\u00e7a X41 para Morse Ultraflex B400"},"content":{"rendered":"<p>Kit de Seguran\u00e7a X41 para Morse Ultraflex B400 &#8211; <\/p>\n<p>Jaqueta de aux\u00edlio \u00e0 flutua\u00e7\u00e3o 50N aprovada pela ISO EN12402-5 para pequenos veleiros e canoas. Perfeito para escolas de vela. Lona resistente \u00e0 abras\u00e3o. Sistema de ajuste composto por fivelas de libera\u00e7\u00e3o r\u00e1pida e cintos de cintura. 50N &#8211; aux\u00edlio \u00e0 flutua\u00e7\u00e3o e nata\u00e7\u00e3o. Esta n\u00e3o \u00e9 uma colete salva-vidas. Para nadadores regulares. Deve ser usado perto da costa.<\/p>\n","protected":false},"excerpt":{"rendered":"<p>Kit de Seguran\u00e7a X41 para Morse Ultraflex B400 &#8211; Jaqueta de aux\u00edlio \u00e0 flutua\u00e7\u00e3o 50N aprovada pela ISO EN12402-5 para<\/p>\n","protected":false},"featured_media":5944471,"comment_status":"closed","ping_status":"closed","template":"","meta":[],"product_brand":[3517],"product_cat":[1890,2129],"product_tag":[],"class_list":{"0":"post-3698133","1":"product","2":"type-product","3":"status-publish","4":"has-post-thumbnail","6":"product_brand-veleria-san-giorgio-pt","7":"product_cat-auxiliares-flutuaveis","8":"product_cat-coletes-salva-vidas-ligeiros-para-desportos-aquaticos","10":"first","11":"instock","12":"shipping-taxable","13":"purchasable","14":"product-type-simple"},"_links":{"self":[{"href":"https:\/\/stoic-curie.212-227-153-4.plesk.page\/pt\/wp-json\/wp\/v2\/product\/3698133","targetHints":{"allow":["GET"]}}],"collection":[{"href":"https:\/\/stoic-curie.212-227-153-4.plesk.page\/pt\/wp-json\/wp\/v2\/product"}],"about":[{"href":"https:\/\/stoic-curie.212-227-153-4.plesk.page\/pt\/wp-json\/wp\/v2\/types\/product"}],"replies":[{"embeddable":true,"href":"https:\/\/stoic-curie.212-227-153-4.plesk.page\/pt\/wp-json\/wp\/v2\/comments?post=3698133"}],"version-history":[{"count":0,"href":"https:\/\/stoic-curie.212-227-153-4.plesk.page\/pt\/wp-json\/wp\/v2\/product\/3698133\/revisions"}],"wp:featuredmedia":[{"embeddable":true,"href":"https:\/\/stoic-curie.212-227-153-4.plesk.page\/pt\/wp-json\/wp\/v2\/media\/5944471"}],"wp:attachment":[{"href":"https:\/\/stoic-curie.212-227-153-4.plesk.page\/pt\/wp-json\/wp\/v2\/media?parent=3698133"}],"wp:term":[{"taxonomy":"product_brand","embeddable":true,"href":"https:\/\/stoic-curie.212-227-153-4.plesk.page\/pt\/wp-json\/wp\/v2\/product_brand?post=3698133"},{"taxonomy":"product_cat","embeddable":true,"href":"https:\/\/stoic-curie.212-227-153-4.plesk.page\/pt\/wp-json\/wp\/v2\/product_cat?post=3698133"},{"taxonomy":"product_tag","embeddable":true,"href":"https:\/\/stoic-curie.212-227-153-4.plesk.page\/pt\/wp-json\/wp\/v2\/product_tag?post=3698133"}],"curies":[{"name":"wp","href":"https:\/\/api.w.org\/{rel}","templated":true}]}}