{"id":3698136,"date":"2025-10-13T14:15:17","date_gmt":"2025-10-13T18:15:17","guid":{"rendered":"https:\/\/stoic-curie.212-227-153-4.plesk.page\/product\/rede-mosquiteira-para-vetus-lib34\/"},"modified":"2026-02-25T00:28:08","modified_gmt":"2026-02-25T00:28:08","slug":"rede-mosquiteira-para-vetus-lib34","status":"publish","type":"product","link":"https:\/\/stoic-curie.212-227-153-4.plesk.page\/pt\/product\/rede-mosquiteira-para-vetus-lib34\/","title":{"rendered":"Rede Mosquiteira para Vetus Lib34"},"content":{"rendered":"<p>Rede Mosquiteira para Vetus Lib34 &#8211; <\/p>\n<p>Antena de TV Glomex V9150AGC Adhara omnidirecional para sinais de TV anal\u00f3gicos\/digitais. Ideal para qualquer tipo de barco. Gra\u00e7as \u00e0 altura de 55 mm da barbatana de tubar\u00e3o, consegue receber sinais de TV polarizados vertical e horizontalmente. Equipado com um estil\u00f3grafo para receber o sinal DAB e um amplificador de controle autom\u00e1tico de ganho (AGC) que garante um sinal perfeito tanto no mar quanto no porto. A base refor\u00e7ada com montagem em a\u00e7o inoxid\u00e1vel microfundido garante a melhor estabilidade da antena em todas as condi\u00e7\u00f5es mar\u00edtimas. Com o divisor V9147 opcional, instalado entre a antena e o amplificador, a antena tamb\u00e9m pode receber frequ\u00eancias de r\u00e1dio AM-FM. Compat\u00edvel com 6 dispositivos de TV. Frequ\u00eancia 87,5\/774 MHz, 174\/240 MHz DAB &#8211; Imped\u00e2ncia 75 Ohm &#8211; Fonte de alimenta\u00e7\u00e3o universal 12\/24V. Completo com 3&#215;20 m de cabos coaxiais e cabo de TV.<\/p>\n","protected":false},"excerpt":{"rendered":"<p>Rede Mosquiteira para Vetus Lib34 &#8211; Antena de TV Glomex V9150AGC Adhara omnidirecional para sinais de TV anal\u00f3gicos\/digitais. Ideal para<\/p>\n","protected":false},"featured_media":5944483,"comment_status":"closed","ping_status":"closed","template":"","meta":[],"product_brand":[2982],"product_cat":[2041],"product_tag":[],"class_list":{"0":"post-3698136","1":"product","2":"type-product","3":"status-publish","4":"has-post-thumbnail","6":"product_brand-glomex-pt","7":"product_cat-antenas-tv","9":"first","10":"instock","11":"shipping-taxable","12":"purchasable","13":"product-type-simple"},"_links":{"self":[{"href":"https:\/\/stoic-curie.212-227-153-4.plesk.page\/pt\/wp-json\/wp\/v2\/product\/3698136","targetHints":{"allow":["GET"]}}],"collection":[{"href":"https:\/\/stoic-curie.212-227-153-4.plesk.page\/pt\/wp-json\/wp\/v2\/product"}],"about":[{"href":"https:\/\/stoic-curie.212-227-153-4.plesk.page\/pt\/wp-json\/wp\/v2\/types\/product"}],"replies":[{"embeddable":true,"href":"https:\/\/stoic-curie.212-227-153-4.plesk.page\/pt\/wp-json\/wp\/v2\/comments?post=3698136"}],"version-history":[{"count":0,"href":"https:\/\/stoic-curie.212-227-153-4.plesk.page\/pt\/wp-json\/wp\/v2\/product\/3698136\/revisions"}],"wp:featuredmedia":[{"embeddable":true,"href":"https:\/\/stoic-curie.212-227-153-4.plesk.page\/pt\/wp-json\/wp\/v2\/media\/5944483"}],"wp:attachment":[{"href":"https:\/\/stoic-curie.212-227-153-4.plesk.page\/pt\/wp-json\/wp\/v2\/media?parent=3698136"}],"wp:term":[{"taxonomy":"product_brand","embeddable":true,"href":"https:\/\/stoic-curie.212-227-153-4.plesk.page\/pt\/wp-json\/wp\/v2\/product_brand?post=3698136"},{"taxonomy":"product_cat","embeddable":true,"href":"https:\/\/stoic-curie.212-227-153-4.plesk.page\/pt\/wp-json\/wp\/v2\/product_cat?post=3698136"},{"taxonomy":"product_tag","embeddable":true,"href":"https:\/\/stoic-curie.212-227-153-4.plesk.page\/pt\/wp-json\/wp\/v2\/product_tag?post=3698136"}],"curies":[{"name":"wp","href":"https:\/\/api.w.org\/{rel}","templated":true}]}}