{"id":3698141,"date":"2025-10-13T14:15:18","date_gmt":"2025-10-13T18:15:18","guid":{"rendered":"https:\/\/stoic-curie.212-227-153-4.plesk.page\/product\/helice-sobresselente-para-quick-btq-140\/"},"modified":"2026-02-25T00:28:08","modified_gmt":"2026-02-25T00:28:08","slug":"helice-sobresselente-para-quick-btq-140","status":"publish","type":"product","link":"https:\/\/stoic-curie.212-227-153-4.plesk.page\/pt\/product\/helice-sobresselente-para-quick-btq-140\/","title":{"rendered":"H\u00e9lice Sobresselente para Quick BTQ 140"},"content":{"rendered":"<p>H\u00e9lice Sobresselente para Quick BTQ 140 &#8211; <\/p>\n<p>Kit de h\u00e9lices para propulsor de proa r\u00e1pido.<\/p>\n","protected":false},"excerpt":{"rendered":"<p>H\u00e9lice Sobresselente para Quick BTQ 140 &#8211; Kit de h\u00e9lices para propulsor de proa r\u00e1pido.<\/p>\n","protected":false},"featured_media":5944493,"comment_status":"closed","ping_status":"closed","template":"","meta":[],"product_brand":[3282],"product_cat":[1897],"product_tag":[],"class_list":{"0":"post-3698141","1":"product","2":"type-product","3":"status-publish","4":"has-post-thumbnail","6":"product_brand-quick-pt","7":"product_cat-motores-de-proa-quick","9":"first","10":"instock","11":"shipping-taxable","12":"purchasable","13":"product-type-simple"},"_links":{"self":[{"href":"https:\/\/stoic-curie.212-227-153-4.plesk.page\/pt\/wp-json\/wp\/v2\/product\/3698141","targetHints":{"allow":["GET"]}}],"collection":[{"href":"https:\/\/stoic-curie.212-227-153-4.plesk.page\/pt\/wp-json\/wp\/v2\/product"}],"about":[{"href":"https:\/\/stoic-curie.212-227-153-4.plesk.page\/pt\/wp-json\/wp\/v2\/types\/product"}],"replies":[{"embeddable":true,"href":"https:\/\/stoic-curie.212-227-153-4.plesk.page\/pt\/wp-json\/wp\/v2\/comments?post=3698141"}],"version-history":[{"count":0,"href":"https:\/\/stoic-curie.212-227-153-4.plesk.page\/pt\/wp-json\/wp\/v2\/product\/3698141\/revisions"}],"wp:featuredmedia":[{"embeddable":true,"href":"https:\/\/stoic-curie.212-227-153-4.plesk.page\/pt\/wp-json\/wp\/v2\/media\/5944493"}],"wp:attachment":[{"href":"https:\/\/stoic-curie.212-227-153-4.plesk.page\/pt\/wp-json\/wp\/v2\/media?parent=3698141"}],"wp:term":[{"taxonomy":"product_brand","embeddable":true,"href":"https:\/\/stoic-curie.212-227-153-4.plesk.page\/pt\/wp-json\/wp\/v2\/product_brand?post=3698141"},{"taxonomy":"product_cat","embeddable":true,"href":"https:\/\/stoic-curie.212-227-153-4.plesk.page\/pt\/wp-json\/wp\/v2\/product_cat?post=3698141"},{"taxonomy":"product_tag","embeddable":true,"href":"https:\/\/stoic-curie.212-227-153-4.plesk.page\/pt\/wp-json\/wp\/v2\/product_tag?post=3698141"}],"curies":[{"name":"wp","href":"https:\/\/api.w.org\/{rel}","templated":true}]}}