{"id":3698144,"date":"2025-10-13T14:15:18","date_gmt":"2025-10-13T18:15:18","guid":{"rendered":"https:\/\/stoic-curie.212-227-153-4.plesk.page\/product\/mastro-de-bandeira-em-aco-inoxidavel-sem-base-d20-h600mm\/"},"modified":"2026-02-25T00:28:08","modified_gmt":"2026-02-25T00:28:08","slug":"mastro-de-bandeira-em-aco-inoxidavel-sem-base-d20-h600mm","status":"publish","type":"product","link":"https:\/\/stoic-curie.212-227-153-4.plesk.page\/pt\/product\/mastro-de-bandeira-em-aco-inoxidavel-sem-base-d20-h600mm\/","title":{"rendered":"Mastro de Bandeira em A\u00e7o Inoxid\u00e1vel sem Base D20 H600mm"},"content":{"rendered":"<p>Mastro de Bandeira em A\u00e7o Inoxid\u00e1vel sem Base D20 H600mm &#8211; <\/p>\n<p>Impulsor de substitui\u00e7\u00e3o Johnson.<\/p>\n","protected":false},"excerpt":{"rendered":"<p>Mastro de Bandeira em A\u00e7o Inoxid\u00e1vel sem Base D20 H600mm &#8211; Impulsor de substitui\u00e7\u00e3o Johnson.<\/p>\n","protected":false},"featured_media":5944495,"comment_status":"closed","ping_status":"closed","template":"","meta":[],"product_brand":[3047],"product_cat":[2096],"product_tag":[],"class_list":{"0":"post-3698144","1":"product","2":"type-product","3":"status-publish","4":"has-post-thumbnail","6":"product_brand-johnson-marine-pt","7":"product_cat-bombas-de-arrefecimento-do-motor","9":"first","10":"instock","11":"shipping-taxable","12":"purchasable","13":"product-type-simple"},"_links":{"self":[{"href":"https:\/\/stoic-curie.212-227-153-4.plesk.page\/pt\/wp-json\/wp\/v2\/product\/3698144","targetHints":{"allow":["GET"]}}],"collection":[{"href":"https:\/\/stoic-curie.212-227-153-4.plesk.page\/pt\/wp-json\/wp\/v2\/product"}],"about":[{"href":"https:\/\/stoic-curie.212-227-153-4.plesk.page\/pt\/wp-json\/wp\/v2\/types\/product"}],"replies":[{"embeddable":true,"href":"https:\/\/stoic-curie.212-227-153-4.plesk.page\/pt\/wp-json\/wp\/v2\/comments?post=3698144"}],"version-history":[{"count":0,"href":"https:\/\/stoic-curie.212-227-153-4.plesk.page\/pt\/wp-json\/wp\/v2\/product\/3698144\/revisions"}],"wp:featuredmedia":[{"embeddable":true,"href":"https:\/\/stoic-curie.212-227-153-4.plesk.page\/pt\/wp-json\/wp\/v2\/media\/5944495"}],"wp:attachment":[{"href":"https:\/\/stoic-curie.212-227-153-4.plesk.page\/pt\/wp-json\/wp\/v2\/media?parent=3698144"}],"wp:term":[{"taxonomy":"product_brand","embeddable":true,"href":"https:\/\/stoic-curie.212-227-153-4.plesk.page\/pt\/wp-json\/wp\/v2\/product_brand?post=3698144"},{"taxonomy":"product_cat","embeddable":true,"href":"https:\/\/stoic-curie.212-227-153-4.plesk.page\/pt\/wp-json\/wp\/v2\/product_cat?post=3698144"},{"taxonomy":"product_tag","embeddable":true,"href":"https:\/\/stoic-curie.212-227-153-4.plesk.page\/pt\/wp-json\/wp\/v2\/product_tag?post=3698144"}],"curies":[{"name":"wp","href":"https:\/\/api.w.org\/{rel}","templated":true}]}}