{"id":3698155,"date":"2025-10-13T14:15:20","date_gmt":"2025-10-13T18:15:20","guid":{"rendered":"https:\/\/stoic-curie.212-227-153-4.plesk.page\/product\/suportes-modulares-para-defensas-easy-230mm\/"},"modified":"2026-02-25T00:28:08","modified_gmt":"2026-02-25T00:28:08","slug":"suportes-modulares-para-defensas-easy-230mm","status":"publish","type":"product","link":"https:\/\/stoic-curie.212-227-153-4.plesk.page\/pt\/product\/suportes-modulares-para-defensas-easy-230mm\/","title":{"rendered":"Suportes Modulares para Defensas Easy 230mm"},"content":{"rendered":"<p>Suportes Modulares para Defensas Easy 230mm &#8211; <\/p>\n<p>Suportes modulares cl\u00e1ssicos de fender em a\u00e7o inoxid\u00e1vel 316. Solu\u00e7\u00e3o de armazenamento de fender vers\u00e1til com conectores que possibilitam prender as cestas em corrim\u00f5es em qualquer combina\u00e7\u00e3o. Tudo o que voc\u00ea precisa para instala\u00e7\u00e3o \u00e9 uma chave de fenda, uma ou mais cestas e um ou mais conectores girat\u00f3rios ou paralelos. O conector girat\u00f3rio \u00e9 um grampo de tubo de trilho de 22\/25 mm.<\/p>\n","protected":false},"excerpt":{"rendered":"<p>Suportes Modulares para Defensas Easy 230mm &#8211; Suportes modulares cl\u00e1ssicos de fender em a\u00e7o inoxid\u00e1vel 316. Solu\u00e7\u00e3o de armazenamento de<\/p>\n","protected":false},"featured_media":5937609,"comment_status":"closed","ping_status":"closed","template":"","meta":[],"product_brand":[3182],"product_cat":[2134],"product_tag":[],"class_list":{"0":"post-3698155","1":"product","2":"type-product","3":"status-publish","4":"has-post-thumbnail","6":"product_brand-nawa-pt","7":"product_cat-acessorios-para-defensas","9":"first","10":"instock","11":"shipping-taxable","12":"purchasable","13":"product-type-simple"},"_links":{"self":[{"href":"https:\/\/stoic-curie.212-227-153-4.plesk.page\/pt\/wp-json\/wp\/v2\/product\/3698155","targetHints":{"allow":["GET"]}}],"collection":[{"href":"https:\/\/stoic-curie.212-227-153-4.plesk.page\/pt\/wp-json\/wp\/v2\/product"}],"about":[{"href":"https:\/\/stoic-curie.212-227-153-4.plesk.page\/pt\/wp-json\/wp\/v2\/types\/product"}],"replies":[{"embeddable":true,"href":"https:\/\/stoic-curie.212-227-153-4.plesk.page\/pt\/wp-json\/wp\/v2\/comments?post=3698155"}],"version-history":[{"count":0,"href":"https:\/\/stoic-curie.212-227-153-4.plesk.page\/pt\/wp-json\/wp\/v2\/product\/3698155\/revisions"}],"wp:featuredmedia":[{"embeddable":true,"href":"https:\/\/stoic-curie.212-227-153-4.plesk.page\/pt\/wp-json\/wp\/v2\/media\/5937609"}],"wp:attachment":[{"href":"https:\/\/stoic-curie.212-227-153-4.plesk.page\/pt\/wp-json\/wp\/v2\/media?parent=3698155"}],"wp:term":[{"taxonomy":"product_brand","embeddable":true,"href":"https:\/\/stoic-curie.212-227-153-4.plesk.page\/pt\/wp-json\/wp\/v2\/product_brand?post=3698155"},{"taxonomy":"product_cat","embeddable":true,"href":"https:\/\/stoic-curie.212-227-153-4.plesk.page\/pt\/wp-json\/wp\/v2\/product_cat?post=3698155"},{"taxonomy":"product_tag","embeddable":true,"href":"https:\/\/stoic-curie.212-227-153-4.plesk.page\/pt\/wp-json\/wp\/v2\/product_tag?post=3698155"}],"curies":[{"name":"wp","href":"https:\/\/api.w.org\/{rel}","templated":true}]}}