{"id":3698158,"date":"2025-10-13T14:15:20","date_gmt":"2025-10-13T18:15:20","guid":{"rendered":"https:\/\/stoic-curie.212-227-153-4.plesk.page\/product\/dobradica-em-aco-inoxidavel-foresti-70x65x3-5mm\/"},"modified":"2026-02-25T00:28:08","modified_gmt":"2026-02-25T00:28:08","slug":"dobradica-em-aco-inoxidavel-foresti-70x65x3-5mm","status":"publish","type":"product","link":"https:\/\/stoic-curie.212-227-153-4.plesk.page\/pt\/product\/dobradica-em-aco-inoxidavel-foresti-70x65x3-5mm\/","title":{"rendered":"Dobradi\u00e7a em A\u00e7o Inoxid\u00e1vel Foresti 70x65x3.5mm"},"content":{"rendered":"<p>Dobradi\u00e7a em A\u00e7o Inoxid\u00e1vel Foresti 70x65x3.5mm &#8211; <\/p>\n<p>Dobradi\u00e7a embutida de a\u00e7o inoxid\u00e1vel polido. Fixa\u00e7\u00e3o por parafuso a partir de dentro.<\/p>\n","protected":false},"excerpt":{"rendered":"<p>Dobradi\u00e7a em A\u00e7o Inoxid\u00e1vel Foresti 70x65x3.5mm &#8211; Dobradi\u00e7a embutida de a\u00e7o inoxid\u00e1vel polido. Fixa\u00e7\u00e3o por parafuso a partir de dentro.<\/p>\n","protected":false},"featured_media":5944501,"comment_status":"closed","ping_status":"closed","template":"","meta":[],"product_brand":[2947],"product_cat":[1998],"product_tag":[],"class_list":{"0":"post-3698158","1":"product","2":"type-product","3":"status-publish","4":"has-post-thumbnail","6":"product_brand-foresti-suardi-pt","7":"product_cat-dobradicas","9":"first","10":"instock","11":"shipping-taxable","12":"purchasable","13":"product-type-simple"},"_links":{"self":[{"href":"https:\/\/stoic-curie.212-227-153-4.plesk.page\/pt\/wp-json\/wp\/v2\/product\/3698158","targetHints":{"allow":["GET"]}}],"collection":[{"href":"https:\/\/stoic-curie.212-227-153-4.plesk.page\/pt\/wp-json\/wp\/v2\/product"}],"about":[{"href":"https:\/\/stoic-curie.212-227-153-4.plesk.page\/pt\/wp-json\/wp\/v2\/types\/product"}],"replies":[{"embeddable":true,"href":"https:\/\/stoic-curie.212-227-153-4.plesk.page\/pt\/wp-json\/wp\/v2\/comments?post=3698158"}],"version-history":[{"count":0,"href":"https:\/\/stoic-curie.212-227-153-4.plesk.page\/pt\/wp-json\/wp\/v2\/product\/3698158\/revisions"}],"wp:featuredmedia":[{"embeddable":true,"href":"https:\/\/stoic-curie.212-227-153-4.plesk.page\/pt\/wp-json\/wp\/v2\/media\/5944501"}],"wp:attachment":[{"href":"https:\/\/stoic-curie.212-227-153-4.plesk.page\/pt\/wp-json\/wp\/v2\/media?parent=3698158"}],"wp:term":[{"taxonomy":"product_brand","embeddable":true,"href":"https:\/\/stoic-curie.212-227-153-4.plesk.page\/pt\/wp-json\/wp\/v2\/product_brand?post=3698158"},{"taxonomy":"product_cat","embeddable":true,"href":"https:\/\/stoic-curie.212-227-153-4.plesk.page\/pt\/wp-json\/wp\/v2\/product_cat?post=3698158"},{"taxonomy":"product_tag","embeddable":true,"href":"https:\/\/stoic-curie.212-227-153-4.plesk.page\/pt\/wp-json\/wp\/v2\/product_tag?post=3698158"}],"curies":[{"name":"wp","href":"https:\/\/api.w.org\/{rel}","templated":true}]}}