{"id":3698161,"date":"2025-10-13T14:15:21","date_gmt":"2025-10-13T18:15:21","guid":{"rendered":"https:\/\/stoic-curie.212-227-153-4.plesk.page\/product\/capas-para-defensas-fendress-cinza-escuro-19-x-64cm-polyform-f02\/"},"modified":"2026-02-25T00:28:09","modified_gmt":"2026-02-25T00:28:09","slug":"capas-para-defensas-fendress-cinza-escuro-19-x-64cm-polyform-f02","status":"publish","type":"product","link":"https:\/\/stoic-curie.212-227-153-4.plesk.page\/pt\/product\/capas-para-defensas-fendress-cinza-escuro-19-x-64cm-polyform-f02\/","title":{"rendered":"Capas para Defensas Fendress Cinza Escuro 19 x 64cm (Polyform F02)"},"content":{"rendered":"<p>Capas para Defensas Fendress Cinza Escuro 19 x 64cm (Polyform F02) &#8211; <\/p>\n<p>Coberturas de fender de fleece felpudo feitas \u00e0 m\u00e3o. Prote\u00e7\u00e3o premium para os seus fenders, enquanto elimina o rangido e marcas. Macias e resistentes, essas coberturas de fender protegem eficientemente a pintura em gel coat e fazem seus fenders durarem mais.<\/p>\n<p>\u2022 As &#8220;Fendress Covers&#8221; s\u00e3o 100% acr\u00edlicas, feitas \u00e0 m\u00e3o, de qualidade premium, resistentes e n\u00e3o abrasivas. Coberturas de fender de fleece macio e felpudo oferecem a prote\u00e7\u00e3o m\u00e1xima para o seu barco. \u2022 As &#8220;Fendress Covers&#8221; s\u00e3o resistentes aos raios UV e \u00e0 \u00e1gua do mar, protegendo eficientemente a pintura em gel coat contra marcas e abras\u00f5es. O tecido de fleece robusto cont\u00e9m todas as melhores caracter\u00edsticas, incluindo resist\u00eancia a rasgos e abras\u00f5es, r\u00e1pida secagem e f\u00e1cil remo\u00e7\u00e3o para limpeza. \u2022 As &#8220;Fendress Covers&#8221; fazem seus fenders durarem mais e eliminam o irritante rangido. Cores resistentes aos UV n\u00e3o deixam marcas no seu barco. Lav\u00e1vel na m\u00e1quina. \u2022 As &#8220;Fendress Covers&#8221; t\u00eam uma parte superior de alta resist\u00eancia e uma bainha el\u00e1stica, permitindo um ajuste personalizado para todos os tipos de fenders. Coberturas est\u00e3o dispon\u00edveis em 9 cores.<\/p>\n","protected":false},"excerpt":{"rendered":"<p>Capas para Defensas Fendress Cinza Escuro 19 x 64cm (Polyform F02) &#8211; Coberturas de fender de fleece felpudo feitas \u00e0<\/p>\n","protected":false},"featured_media":5944509,"comment_status":"closed","ping_status":"closed","template":"","meta":[],"product_brand":[2937],"product_cat":[2138],"product_tag":[],"class_list":{"0":"post-3698161","1":"product","2":"type-product","3":"status-publish","4":"has-post-thumbnail","6":"product_brand-fendress-pt","7":"product_cat-capas-para-defensas","9":"first","10":"instock","11":"shipping-taxable","12":"purchasable","13":"product-type-simple"},"_links":{"self":[{"href":"https:\/\/stoic-curie.212-227-153-4.plesk.page\/pt\/wp-json\/wp\/v2\/product\/3698161","targetHints":{"allow":["GET"]}}],"collection":[{"href":"https:\/\/stoic-curie.212-227-153-4.plesk.page\/pt\/wp-json\/wp\/v2\/product"}],"about":[{"href":"https:\/\/stoic-curie.212-227-153-4.plesk.page\/pt\/wp-json\/wp\/v2\/types\/product"}],"replies":[{"embeddable":true,"href":"https:\/\/stoic-curie.212-227-153-4.plesk.page\/pt\/wp-json\/wp\/v2\/comments?post=3698161"}],"version-history":[{"count":0,"href":"https:\/\/stoic-curie.212-227-153-4.plesk.page\/pt\/wp-json\/wp\/v2\/product\/3698161\/revisions"}],"wp:featuredmedia":[{"embeddable":true,"href":"https:\/\/stoic-curie.212-227-153-4.plesk.page\/pt\/wp-json\/wp\/v2\/media\/5944509"}],"wp:attachment":[{"href":"https:\/\/stoic-curie.212-227-153-4.plesk.page\/pt\/wp-json\/wp\/v2\/media?parent=3698161"}],"wp:term":[{"taxonomy":"product_brand","embeddable":true,"href":"https:\/\/stoic-curie.212-227-153-4.plesk.page\/pt\/wp-json\/wp\/v2\/product_brand?post=3698161"},{"taxonomy":"product_cat","embeddable":true,"href":"https:\/\/stoic-curie.212-227-153-4.plesk.page\/pt\/wp-json\/wp\/v2\/product_cat?post=3698161"},{"taxonomy":"product_tag","embeddable":true,"href":"https:\/\/stoic-curie.212-227-153-4.plesk.page\/pt\/wp-json\/wp\/v2\/product_tag?post=3698161"}],"curies":[{"name":"wp","href":"https:\/\/api.w.org\/{rel}","templated":true}]}}