{"id":3698163,"date":"2025-10-13T14:15:21","date_gmt":"2025-10-13T18:15:21","guid":{"rendered":"https:\/\/stoic-curie.212-227-153-4.plesk.page\/product\/capas-para-defensas-fendress-cinza-escuro-88-x-29cm\/"},"modified":"2026-02-25T00:28:09","modified_gmt":"2026-02-25T00:28:09","slug":"capas-para-defensas-fendress-cinza-escuro-88-x-29cm","status":"publish","type":"product","link":"https:\/\/stoic-curie.212-227-153-4.plesk.page\/pt\/product\/capas-para-defensas-fendress-cinza-escuro-88-x-29cm\/","title":{"rendered":"Capas para Defensas Fendress Cinza Escuro 88 x 29cm"},"content":{"rendered":"<p>Capas para Defensas Fendress Cinza Escuro 88 x 29cm &#8211; <\/p>\n<p>Capas de fender Fendress feitos \u00e0 m\u00e3o em fleece macio. Prote\u00e7\u00e3o premium para os seus fenders, eliminando rangidos e marcas de arranh\u00f5es. Macias e resistentes, essas capas de fender protegem eficientemente sua pintura em gelcoat e fazem seus fenders durarem mais. <\/p>\n<p> \u2022 As \u201cFendress Covers\u201d s\u00e3o 100% acr\u00edlico, feitas \u00e0 m\u00e3o de qualidade premium, resistentes e n\u00e3o abrasivas. Capas de fleece macias e aconchegantes oferecem a m\u00e1xima prote\u00e7\u00e3o para suas superf\u00edcies. <br \/> \u2022 As \u201cFendress Covers\u201d s\u00e3o resistentes a raios UV e \u00e0 \u00e1gua do mar, protegendo eficientemente sua pintura em gelcoat de marcas de arranh\u00f5es e abras\u00f5es. O tecido de fleece resistente cont\u00e9m todas as melhores caracter\u00edsticas, incluindo resist\u00eancia a rasgos e abras\u00e3o, secagem r\u00e1pida e f\u00e1cil remo\u00e7\u00e3o para limpeza. <br \/> \u2022 As \u201cFendress Covers\u201d fazem com que seus fenders durem mais e eliminam o irritante rangido de fenders. Cores resistentes \u00e0 UV n\u00e3o deixam marcas em suas superf\u00edcies. Lav\u00e1vel \u00e0 m\u00e1quina. <br \/> \u2022 As \u201cFendress Covers\u201d com alta resist\u00eancia na parte superior e bainha el\u00e1stica permitem um ajuste personalizado para todos os tipos de fenders. Capas dispon\u00edveis em 9 cores.<\/p>\n","protected":false},"excerpt":{"rendered":"<p>Capas para Defensas Fendress Cinza Escuro 88 x 29cm &#8211; Capas de fender Fendress feitos \u00e0 m\u00e3o em fleece macio.<\/p>\n","protected":false},"featured_media":5944509,"comment_status":"closed","ping_status":"closed","template":"","meta":[],"product_brand":[2937],"product_cat":[2138],"product_tag":[],"class_list":{"0":"post-3698163","1":"product","2":"type-product","3":"status-publish","4":"has-post-thumbnail","6":"product_brand-fendress-pt","7":"product_cat-capas-para-defensas","9":"first","10":"instock","11":"shipping-taxable","12":"purchasable","13":"product-type-simple"},"_links":{"self":[{"href":"https:\/\/stoic-curie.212-227-153-4.plesk.page\/pt\/wp-json\/wp\/v2\/product\/3698163","targetHints":{"allow":["GET"]}}],"collection":[{"href":"https:\/\/stoic-curie.212-227-153-4.plesk.page\/pt\/wp-json\/wp\/v2\/product"}],"about":[{"href":"https:\/\/stoic-curie.212-227-153-4.plesk.page\/pt\/wp-json\/wp\/v2\/types\/product"}],"replies":[{"embeddable":true,"href":"https:\/\/stoic-curie.212-227-153-4.plesk.page\/pt\/wp-json\/wp\/v2\/comments?post=3698163"}],"version-history":[{"count":0,"href":"https:\/\/stoic-curie.212-227-153-4.plesk.page\/pt\/wp-json\/wp\/v2\/product\/3698163\/revisions"}],"wp:featuredmedia":[{"embeddable":true,"href":"https:\/\/stoic-curie.212-227-153-4.plesk.page\/pt\/wp-json\/wp\/v2\/media\/5944509"}],"wp:attachment":[{"href":"https:\/\/stoic-curie.212-227-153-4.plesk.page\/pt\/wp-json\/wp\/v2\/media?parent=3698163"}],"wp:term":[{"taxonomy":"product_brand","embeddable":true,"href":"https:\/\/stoic-curie.212-227-153-4.plesk.page\/pt\/wp-json\/wp\/v2\/product_brand?post=3698163"},{"taxonomy":"product_cat","embeddable":true,"href":"https:\/\/stoic-curie.212-227-153-4.plesk.page\/pt\/wp-json\/wp\/v2\/product_cat?post=3698163"},{"taxonomy":"product_tag","embeddable":true,"href":"https:\/\/stoic-curie.212-227-153-4.plesk.page\/pt\/wp-json\/wp\/v2\/product_tag?post=3698163"}],"curies":[{"name":"wp","href":"https:\/\/api.w.org\/{rel}","templated":true}]}}