{"id":3698168,"date":"2025-10-13T14:15:22","date_gmt":"2025-10-13T18:15:22","guid":{"rendered":"https:\/\/stoic-curie.212-227-153-4.plesk.page\/product\/tomada-usb-jack-fusion-ms-cbusb3-5\/"},"modified":"2026-02-25T00:28:09","modified_gmt":"2026-02-25T00:28:09","slug":"tomada-usb-jack-fusion-ms-cbusb3-5","status":"publish","type":"product","link":"https:\/\/stoic-curie.212-227-153-4.plesk.page\/pt\/product\/tomada-usb-jack-fusion-ms-cbusb3-5\/","title":{"rendered":"Tomada USB\/jack Fusion Ms-cbusb3.5"},"content":{"rendered":"<p>Tomada USB\/jack Fusion Ms-cbusb3.5 &#8211; <\/p>\n<p>Est\u00e9reo marinho Fusion MS-RA70N para painel com display LCD retroiluminado colado em vidro. R\u00e1dio RDS FM\/AM pronto para DAB, entrada USB e AUX traseiro. Bluetooth embutido para streaming de \u00e1udio a partir de smartphones e dispositivos compat\u00edveis. Equipado com a fun\u00e7\u00e3o de controle remoto Fusion-Link, que permite controlar o est\u00e9reo com um rel\u00f3gio Garmin ou um display multifuncional NMEA2000 compat\u00edvel. Controle de configura\u00e7\u00f5es independentes de m\u00faltiplas zonas para duas zonas de \u00e1udio separadas. \u00c0 prova d&#8217;\u00e1gua IPx7, pode ser montado plano ou embutido. D=profundidade<\/p>\n","protected":false},"excerpt":{"rendered":"<p>Tomada USB\/jack Fusion Ms-cbusb3.5 &#8211; Est\u00e9reo marinho Fusion MS-RA70N para painel com display LCD retroiluminado colado em vidro. R\u00e1dio RDS<\/p>\n","protected":false},"featured_media":5944523,"comment_status":"closed","ping_status":"closed","template":"","meta":[],"product_brand":[2962],"product_cat":[2020],"product_tag":[],"class_list":{"0":"post-3698168","1":"product","2":"type-product","3":"status-publish","4":"has-post-thumbnail","6":"product_brand-fusion-pt","7":"product_cat-equipamento-de-som-e-colunas","9":"first","10":"instock","11":"shipping-taxable","12":"purchasable","13":"product-type-simple"},"_links":{"self":[{"href":"https:\/\/stoic-curie.212-227-153-4.plesk.page\/pt\/wp-json\/wp\/v2\/product\/3698168","targetHints":{"allow":["GET"]}}],"collection":[{"href":"https:\/\/stoic-curie.212-227-153-4.plesk.page\/pt\/wp-json\/wp\/v2\/product"}],"about":[{"href":"https:\/\/stoic-curie.212-227-153-4.plesk.page\/pt\/wp-json\/wp\/v2\/types\/product"}],"replies":[{"embeddable":true,"href":"https:\/\/stoic-curie.212-227-153-4.plesk.page\/pt\/wp-json\/wp\/v2\/comments?post=3698168"}],"version-history":[{"count":0,"href":"https:\/\/stoic-curie.212-227-153-4.plesk.page\/pt\/wp-json\/wp\/v2\/product\/3698168\/revisions"}],"wp:featuredmedia":[{"embeddable":true,"href":"https:\/\/stoic-curie.212-227-153-4.plesk.page\/pt\/wp-json\/wp\/v2\/media\/5944523"}],"wp:attachment":[{"href":"https:\/\/stoic-curie.212-227-153-4.plesk.page\/pt\/wp-json\/wp\/v2\/media?parent=3698168"}],"wp:term":[{"taxonomy":"product_brand","embeddable":true,"href":"https:\/\/stoic-curie.212-227-153-4.plesk.page\/pt\/wp-json\/wp\/v2\/product_brand?post=3698168"},{"taxonomy":"product_cat","embeddable":true,"href":"https:\/\/stoic-curie.212-227-153-4.plesk.page\/pt\/wp-json\/wp\/v2\/product_cat?post=3698168"},{"taxonomy":"product_tag","embeddable":true,"href":"https:\/\/stoic-curie.212-227-153-4.plesk.page\/pt\/wp-json\/wp\/v2\/product_tag?post=3698168"}],"curies":[{"name":"wp","href":"https:\/\/api.w.org\/{rel}","templated":true}]}}