{"id":3698191,"date":"2025-10-13T14:15:26","date_gmt":"2025-10-13T18:15:26","guid":{"rendered":"https:\/\/stoic-curie.212-227-153-4.plesk.page\/product\/anodos-conicos-em-aluminio-martyr-para-eixo-de-40mm\/"},"modified":"2026-02-25T00:28:09","modified_gmt":"2026-02-25T00:28:09","slug":"anodos-conicos-em-aluminio-martyr-para-eixo-de-40mm","status":"publish","type":"product","link":"https:\/\/stoic-curie.212-227-153-4.plesk.page\/pt\/product\/anodos-conicos-em-aluminio-martyr-para-eixo-de-40mm\/","title":{"rendered":"\u00c2nodos C\u00f3nicos em Alum\u00ednio Martyr para Eixo de 40mm"},"content":{"rendered":"<p>\u00c2nodos C\u00f3nicos em Alum\u00ednio Martyr para Eixo de 40mm &#8211; <\/p>\n<p>Anodos de ogiva de liga de alum\u00ednio M2 da Martyr. <br \/>\u2022 Protege 50% mais do que \u00e2nodos de zinco tradicionais <br \/>\u2022 Pesa 50% menos do que \u00e2nodos de zinco tradicionais<\/p>\n","protected":false},"excerpt":{"rendered":"<p>\u00c2nodos C\u00f3nicos em Alum\u00ednio Martyr para Eixo de 40mm &#8211; Anodos de ogiva de liga de alum\u00ednio M2 da Martyr.<\/p>\n","protected":false},"featured_media":5944077,"comment_status":"closed","ping_status":"closed","template":"","meta":[],"product_brand":[3127],"product_cat":[1923],"product_tag":[],"class_list":{"0":"post-3698191","1":"product","2":"type-product","3":"status-publish","4":"has-post-thumbnail","6":"product_brand-martyr-pt","7":"product_cat-anodos-para-helice","9":"first","10":"instock","11":"shipping-taxable","12":"purchasable","13":"product-type-simple"},"_links":{"self":[{"href":"https:\/\/stoic-curie.212-227-153-4.plesk.page\/pt\/wp-json\/wp\/v2\/product\/3698191","targetHints":{"allow":["GET"]}}],"collection":[{"href":"https:\/\/stoic-curie.212-227-153-4.plesk.page\/pt\/wp-json\/wp\/v2\/product"}],"about":[{"href":"https:\/\/stoic-curie.212-227-153-4.plesk.page\/pt\/wp-json\/wp\/v2\/types\/product"}],"replies":[{"embeddable":true,"href":"https:\/\/stoic-curie.212-227-153-4.plesk.page\/pt\/wp-json\/wp\/v2\/comments?post=3698191"}],"version-history":[{"count":0,"href":"https:\/\/stoic-curie.212-227-153-4.plesk.page\/pt\/wp-json\/wp\/v2\/product\/3698191\/revisions"}],"wp:featuredmedia":[{"embeddable":true,"href":"https:\/\/stoic-curie.212-227-153-4.plesk.page\/pt\/wp-json\/wp\/v2\/media\/5944077"}],"wp:attachment":[{"href":"https:\/\/stoic-curie.212-227-153-4.plesk.page\/pt\/wp-json\/wp\/v2\/media?parent=3698191"}],"wp:term":[{"taxonomy":"product_brand","embeddable":true,"href":"https:\/\/stoic-curie.212-227-153-4.plesk.page\/pt\/wp-json\/wp\/v2\/product_brand?post=3698191"},{"taxonomy":"product_cat","embeddable":true,"href":"https:\/\/stoic-curie.212-227-153-4.plesk.page\/pt\/wp-json\/wp\/v2\/product_cat?post=3698191"},{"taxonomy":"product_tag","embeddable":true,"href":"https:\/\/stoic-curie.212-227-153-4.plesk.page\/pt\/wp-json\/wp\/v2\/product_tag?post=3698191"}],"curies":[{"name":"wp","href":"https:\/\/api.w.org\/{rel}","templated":true}]}}