{"id":3698199,"date":"2025-10-13T14:15:29","date_gmt":"2025-10-13T18:15:29","guid":{"rendered":"https:\/\/stoic-curie.212-227-153-4.plesk.page\/product\/copo-magnetico-para-agua-com-base-cinza-82-x-a100mm-conjunto-com-2\/"},"modified":"2026-02-25T00:28:09","modified_gmt":"2026-02-25T00:28:09","slug":"copo-magnetico-para-agua-com-base-cinza-82-x-a100mm-conjunto-com-2","status":"publish","type":"product","link":"https:\/\/stoic-curie.212-227-153-4.plesk.page\/pt\/product\/copo-magnetico-para-agua-com-base-cinza-82-x-a100mm-conjunto-com-2\/","title":{"rendered":"Copo Magn\u00e9tico para \u00c1gua com Base Cinza 82 x A100mm (Conjunto com 2)"},"content":{"rendered":"<p>Copo Magn\u00e9tico para \u00c1gua com Base Cinza 82 x A100mm (Conjunto com 2) &#8211; <\/p>\n<p>Copos de bebida elegantes Silwy com \u00edm\u00e3s embutidos na parte inferior que os mant\u00eam no lugar mesmo em mares agitados. Feitos de pl\u00e1stico alimentar robusto, irromp\u00edvel, altamente transparente, certificado e testado. Propor\u00e7\u00e3o de for\u00e7a perfeita entre o suporte e o copo magn\u00e9tico. Os suportes de gel nano met\u00e1lico podem ser removidos sem deixar res\u00edduos, s\u00e3o reutiliz\u00e1veis e aderem a todas as superf\u00edcies. Fornecidos como um conjunto de 2 copos, incluindo suportes de gel met\u00e1lico.<\/p>\n","protected":false},"excerpt":{"rendered":"<p>Copo Magn\u00e9tico para \u00c1gua com Base Cinza 82 x A100mm (Conjunto com 2) &#8211; Copos de bebida elegantes Silwy com<\/p>\n","protected":false},"featured_media":5944616,"comment_status":"closed","ping_status":"closed","template":"","meta":[],"product_brand":[3237],"product_cat":[1932],"product_tag":[],"class_list":{"0":"post-3698199","1":"product","2":"type-product","3":"status-publish","4":"has-post-thumbnail","6":"product_brand-osculati-pt","7":"product_cat-loica-nautica","9":"first","10":"instock","11":"shipping-taxable","12":"purchasable","13":"product-type-simple"},"_links":{"self":[{"href":"https:\/\/stoic-curie.212-227-153-4.plesk.page\/pt\/wp-json\/wp\/v2\/product\/3698199","targetHints":{"allow":["GET"]}}],"collection":[{"href":"https:\/\/stoic-curie.212-227-153-4.plesk.page\/pt\/wp-json\/wp\/v2\/product"}],"about":[{"href":"https:\/\/stoic-curie.212-227-153-4.plesk.page\/pt\/wp-json\/wp\/v2\/types\/product"}],"replies":[{"embeddable":true,"href":"https:\/\/stoic-curie.212-227-153-4.plesk.page\/pt\/wp-json\/wp\/v2\/comments?post=3698199"}],"version-history":[{"count":0,"href":"https:\/\/stoic-curie.212-227-153-4.plesk.page\/pt\/wp-json\/wp\/v2\/product\/3698199\/revisions"}],"wp:featuredmedia":[{"embeddable":true,"href":"https:\/\/stoic-curie.212-227-153-4.plesk.page\/pt\/wp-json\/wp\/v2\/media\/5944616"}],"wp:attachment":[{"href":"https:\/\/stoic-curie.212-227-153-4.plesk.page\/pt\/wp-json\/wp\/v2\/media?parent=3698199"}],"wp:term":[{"taxonomy":"product_brand","embeddable":true,"href":"https:\/\/stoic-curie.212-227-153-4.plesk.page\/pt\/wp-json\/wp\/v2\/product_brand?post=3698199"},{"taxonomy":"product_cat","embeddable":true,"href":"https:\/\/stoic-curie.212-227-153-4.plesk.page\/pt\/wp-json\/wp\/v2\/product_cat?post=3698199"},{"taxonomy":"product_tag","embeddable":true,"href":"https:\/\/stoic-curie.212-227-153-4.plesk.page\/pt\/wp-json\/wp\/v2\/product_tag?post=3698199"}],"curies":[{"name":"wp","href":"https:\/\/api.w.org\/{rel}","templated":true}]}}