{"id":3698203,"date":"2025-10-13T14:15:29","date_gmt":"2025-10-13T18:15:29","guid":{"rendered":"https:\/\/stoic-curie.212-227-153-4.plesk.page\/product\/suporte-de-quilha-galvanizado-220-x-a40mm\/"},"modified":"2026-02-25T00:28:09","modified_gmt":"2026-02-25T00:28:09","slug":"suporte-de-quilha-galvanizado-220-x-a40mm","status":"publish","type":"product","link":"https:\/\/stoic-curie.212-227-153-4.plesk.page\/pt\/product\/suporte-de-quilha-galvanizado-220-x-a40mm\/","title":{"rendered":"Suporte de Quilha Galvanizado 220 x A40mm"},"content":{"rendered":"<p>Suporte de Quilha Galvanizado 220 x A40mm &#8211; <\/p>\n<p>Suporte de montagem ajust\u00e1vel para um p\u00e1ra-choques em arco em a\u00e7o galvanizado.<\/p>\n","protected":false},"excerpt":{"rendered":"<p>Suporte de Quilha Galvanizado 220 x A40mm &#8211; Suporte de montagem ajust\u00e1vel para um p\u00e1ra-choques em arco em a\u00e7o galvanizado.<\/p>\n","protected":false},"featured_media":5944649,"comment_status":"closed","ping_status":"closed","template":"","meta":[],"product_brand":[2892],"product_cat":[2128],"product_tag":[],"class_list":{"0":"post-3698203","1":"product","2":"type-product","3":"status-publish","4":"has-post-thumbnail","6":"product_brand-domar-pt","7":"product_cat-acessorios-para-reboques","9":"first","10":"instock","11":"shipping-taxable","12":"purchasable","13":"product-type-simple"},"_links":{"self":[{"href":"https:\/\/stoic-curie.212-227-153-4.plesk.page\/pt\/wp-json\/wp\/v2\/product\/3698203","targetHints":{"allow":["GET"]}}],"collection":[{"href":"https:\/\/stoic-curie.212-227-153-4.plesk.page\/pt\/wp-json\/wp\/v2\/product"}],"about":[{"href":"https:\/\/stoic-curie.212-227-153-4.plesk.page\/pt\/wp-json\/wp\/v2\/types\/product"}],"replies":[{"embeddable":true,"href":"https:\/\/stoic-curie.212-227-153-4.plesk.page\/pt\/wp-json\/wp\/v2\/comments?post=3698203"}],"version-history":[{"count":0,"href":"https:\/\/stoic-curie.212-227-153-4.plesk.page\/pt\/wp-json\/wp\/v2\/product\/3698203\/revisions"}],"wp:featuredmedia":[{"embeddable":true,"href":"https:\/\/stoic-curie.212-227-153-4.plesk.page\/pt\/wp-json\/wp\/v2\/media\/5944649"}],"wp:attachment":[{"href":"https:\/\/stoic-curie.212-227-153-4.plesk.page\/pt\/wp-json\/wp\/v2\/media?parent=3698203"}],"wp:term":[{"taxonomy":"product_brand","embeddable":true,"href":"https:\/\/stoic-curie.212-227-153-4.plesk.page\/pt\/wp-json\/wp\/v2\/product_brand?post=3698203"},{"taxonomy":"product_cat","embeddable":true,"href":"https:\/\/stoic-curie.212-227-153-4.plesk.page\/pt\/wp-json\/wp\/v2\/product_cat?post=3698203"},{"taxonomy":"product_tag","embeddable":true,"href":"https:\/\/stoic-curie.212-227-153-4.plesk.page\/pt\/wp-json\/wp\/v2\/product_tag?post=3698203"}],"curies":[{"name":"wp","href":"https:\/\/api.w.org\/{rel}","templated":true}]}}