{"id":3698204,"date":"2025-10-13T14:15:30","date_gmt":"2025-10-13T18:15:30","guid":{"rendered":"https:\/\/stoic-curie.212-227-153-4.plesk.page\/product\/cunha-de-paragem-em-plastico-preto\/"},"modified":"2026-02-25T00:28:09","modified_gmt":"2026-02-25T00:28:09","slug":"cunha-de-paragem-em-plastico-preto","status":"publish","type":"product","link":"https:\/\/stoic-curie.212-227-153-4.plesk.page\/pt\/product\/cunha-de-paragem-em-plastico-preto\/","title":{"rendered":"Cunha de Paragem em Pl\u00e1stico Preto"},"content":{"rendered":"<p>Cunha de Paragem em Pl\u00e1stico Preto &#8211; <\/p>\n<p>Cal\u00e7o para roda em pl\u00e1stico preto. Ve\u00edculos com uma massa total m\u00e1xima ao m\u00e1ximo carregada que exceda 3,5 toneladas devem estar equipados com cal\u00e7os para rodas (Art. 353 do C\u00f3digo de Estrada Italiano).<\/p>\n","protected":false},"excerpt":{"rendered":"<p>Cunha de Paragem em Pl\u00e1stico Preto &#8211; Cal\u00e7o para roda em pl\u00e1stico preto. Ve\u00edculos com uma massa total m\u00e1xima ao<\/p>\n","protected":false},"featured_media":5944651,"comment_status":"closed","ping_status":"closed","template":"","meta":[],"product_brand":[2892],"product_cat":[2128],"product_tag":[],"class_list":{"0":"post-3698204","1":"product","2":"type-product","3":"status-publish","4":"has-post-thumbnail","6":"product_brand-domar-pt","7":"product_cat-acessorios-para-reboques","9":"first","10":"instock","11":"shipping-taxable","12":"purchasable","13":"product-type-simple"},"_links":{"self":[{"href":"https:\/\/stoic-curie.212-227-153-4.plesk.page\/pt\/wp-json\/wp\/v2\/product\/3698204","targetHints":{"allow":["GET"]}}],"collection":[{"href":"https:\/\/stoic-curie.212-227-153-4.plesk.page\/pt\/wp-json\/wp\/v2\/product"}],"about":[{"href":"https:\/\/stoic-curie.212-227-153-4.plesk.page\/pt\/wp-json\/wp\/v2\/types\/product"}],"replies":[{"embeddable":true,"href":"https:\/\/stoic-curie.212-227-153-4.plesk.page\/pt\/wp-json\/wp\/v2\/comments?post=3698204"}],"version-history":[{"count":0,"href":"https:\/\/stoic-curie.212-227-153-4.plesk.page\/pt\/wp-json\/wp\/v2\/product\/3698204\/revisions"}],"wp:featuredmedia":[{"embeddable":true,"href":"https:\/\/stoic-curie.212-227-153-4.plesk.page\/pt\/wp-json\/wp\/v2\/media\/5944651"}],"wp:attachment":[{"href":"https:\/\/stoic-curie.212-227-153-4.plesk.page\/pt\/wp-json\/wp\/v2\/media?parent=3698204"}],"wp:term":[{"taxonomy":"product_brand","embeddable":true,"href":"https:\/\/stoic-curie.212-227-153-4.plesk.page\/pt\/wp-json\/wp\/v2\/product_brand?post=3698204"},{"taxonomy":"product_cat","embeddable":true,"href":"https:\/\/stoic-curie.212-227-153-4.plesk.page\/pt\/wp-json\/wp\/v2\/product_cat?post=3698204"},{"taxonomy":"product_tag","embeddable":true,"href":"https:\/\/stoic-curie.212-227-153-4.plesk.page\/pt\/wp-json\/wp\/v2\/product_tag?post=3698204"}],"curies":[{"name":"wp","href":"https:\/\/api.w.org\/{rel}","templated":true}]}}