{"id":3698215,"date":"2025-10-13T14:15:32","date_gmt":"2025-10-13T18:15:32","guid":{"rendered":"https:\/\/stoic-curie.212-227-153-4.plesk.page\/product\/kit-embutido-fusion-ms-ra670-e-fusion-ms-ra210\/"},"modified":"2026-02-25T00:28:09","modified_gmt":"2026-02-25T00:28:09","slug":"kit-embutido-fusion-ms-ra670-e-fusion-ms-ra210","status":"publish","type":"product","link":"https:\/\/stoic-curie.212-227-153-4.plesk.page\/pt\/product\/kit-embutido-fusion-ms-ra670-e-fusion-ms-ra210\/","title":{"rendered":"Kit Embutido Fusion MS-RA670 e Fusion MS-RA210"},"content":{"rendered":"<p>Kit Embutido Fusion MS-RA670 e Fusion MS-RA210 &#8211; <\/p>\n<p>Est\u00e9reo marinho Fusion MS-RA670 para painel com display LCD touchscreen colado a vidro. R\u00e1dio pronto para RDS FM\/AM DAB, USB e 2 entradas AUX traseiras. Wi-Fi e Bluetooth integrados para streaming de \u00e1udio compat\u00edvel com smartphones. Equipado com a fun\u00e7\u00e3o de controle remoto Fusion-Link que permite controlar o est\u00e9reo com um rel\u00f3gio Garmin ou um display multifuncional compat\u00edvel com NMEA2000. Equipado com tecnologia DSP (Processamento Digital de Sinais) para otimizar o som em tempo real. Controle de configura\u00e7\u00f5es independentes de v\u00e1rias zonas para quatro zonas de \u00e1udio separadas. \u00c0 prova d&#8217;\u00e1gua IPx7, pode ser montado de forma plana ou embutida. Gra\u00e7as ao kit de Retrofit, o est\u00e9reo pode ser adaptado aos furos existentes das s\u00e9ries 650\/750\/755. D=profundidade<\/p>\n","protected":false},"excerpt":{"rendered":"<p>Kit Embutido Fusion MS-RA670 e Fusion MS-RA210 &#8211; Est\u00e9reo marinho Fusion MS-RA670 para painel com display LCD touchscreen colado a<\/p>\n","protected":false},"featured_media":5944685,"comment_status":"closed","ping_status":"closed","template":"","meta":[],"product_brand":[2962],"product_cat":[2020],"product_tag":[],"class_list":{"0":"post-3698215","1":"product","2":"type-product","3":"status-publish","4":"has-post-thumbnail","6":"product_brand-fusion-pt","7":"product_cat-equipamento-de-som-e-colunas","9":"first","10":"instock","11":"shipping-taxable","12":"purchasable","13":"product-type-simple"},"_links":{"self":[{"href":"https:\/\/stoic-curie.212-227-153-4.plesk.page\/pt\/wp-json\/wp\/v2\/product\/3698215","targetHints":{"allow":["GET"]}}],"collection":[{"href":"https:\/\/stoic-curie.212-227-153-4.plesk.page\/pt\/wp-json\/wp\/v2\/product"}],"about":[{"href":"https:\/\/stoic-curie.212-227-153-4.plesk.page\/pt\/wp-json\/wp\/v2\/types\/product"}],"replies":[{"embeddable":true,"href":"https:\/\/stoic-curie.212-227-153-4.plesk.page\/pt\/wp-json\/wp\/v2\/comments?post=3698215"}],"version-history":[{"count":0,"href":"https:\/\/stoic-curie.212-227-153-4.plesk.page\/pt\/wp-json\/wp\/v2\/product\/3698215\/revisions"}],"wp:featuredmedia":[{"embeddable":true,"href":"https:\/\/stoic-curie.212-227-153-4.plesk.page\/pt\/wp-json\/wp\/v2\/media\/5944685"}],"wp:attachment":[{"href":"https:\/\/stoic-curie.212-227-153-4.plesk.page\/pt\/wp-json\/wp\/v2\/media?parent=3698215"}],"wp:term":[{"taxonomy":"product_brand","embeddable":true,"href":"https:\/\/stoic-curie.212-227-153-4.plesk.page\/pt\/wp-json\/wp\/v2\/product_brand?post=3698215"},{"taxonomy":"product_cat","embeddable":true,"href":"https:\/\/stoic-curie.212-227-153-4.plesk.page\/pt\/wp-json\/wp\/v2\/product_cat?post=3698215"},{"taxonomy":"product_tag","embeddable":true,"href":"https:\/\/stoic-curie.212-227-153-4.plesk.page\/pt\/wp-json\/wp\/v2\/product_tag?post=3698215"}],"curies":[{"name":"wp","href":"https:\/\/api.w.org\/{rel}","templated":true}]}}