{"id":3698218,"date":"2025-10-13T14:15:32","date_gmt":"2025-10-13T18:15:32","guid":{"rendered":"https:\/\/stoic-curie.212-227-153-4.plesk.page\/product\/cinzeiro-a-prova-de-vento-castanho-mb\/"},"modified":"2026-02-25T00:28:09","modified_gmt":"2026-02-25T00:28:09","slug":"cinzeiro-a-prova-de-vento-castanho-mb","status":"publish","type":"product","link":"https:\/\/stoic-curie.212-227-153-4.plesk.page\/pt\/product\/cinzeiro-a-prova-de-vento-castanho-mb\/","title":{"rendered":"Cinzeiro \u00e0 Prova de Vento Castanho MB"},"content":{"rendered":"<p>Cinzeiro \u00e0 Prova de Vento Castanho MB &#8211; <\/p>\n<p>Cinzeiro de a\u00e7o inoxid\u00e1vel e de qualidade marinha Skay, \u00e0 prova de vento, com base antiderrapante.<\/p>\n","protected":false},"excerpt":{"rendered":"<p>Cinzeiro \u00e0 Prova de Vento Castanho MB &#8211; Cinzeiro de a\u00e7o inoxid\u00e1vel e de qualidade marinha Skay, \u00e0 prova de<\/p>\n","protected":false},"featured_media":5944704,"comment_status":"closed","ping_status":"closed","template":"","meta":[],"product_brand":[3112],"product_cat":[1931,1927],"product_tag":[],"class_list":{"0":"post-3698218","1":"product","2":"type-product","3":"status-publish","4":"has-post-thumbnail","6":"product_brand-marine-business-mb-pt","7":"product_cat-acessorios-de-arrumacao","8":"product_cat-decoracao-nautica","10":"first","11":"instock","12":"shipping-taxable","13":"purchasable","14":"product-type-simple"},"_links":{"self":[{"href":"https:\/\/stoic-curie.212-227-153-4.plesk.page\/pt\/wp-json\/wp\/v2\/product\/3698218","targetHints":{"allow":["GET"]}}],"collection":[{"href":"https:\/\/stoic-curie.212-227-153-4.plesk.page\/pt\/wp-json\/wp\/v2\/product"}],"about":[{"href":"https:\/\/stoic-curie.212-227-153-4.plesk.page\/pt\/wp-json\/wp\/v2\/types\/product"}],"replies":[{"embeddable":true,"href":"https:\/\/stoic-curie.212-227-153-4.plesk.page\/pt\/wp-json\/wp\/v2\/comments?post=3698218"}],"version-history":[{"count":0,"href":"https:\/\/stoic-curie.212-227-153-4.plesk.page\/pt\/wp-json\/wp\/v2\/product\/3698218\/revisions"}],"wp:featuredmedia":[{"embeddable":true,"href":"https:\/\/stoic-curie.212-227-153-4.plesk.page\/pt\/wp-json\/wp\/v2\/media\/5944704"}],"wp:attachment":[{"href":"https:\/\/stoic-curie.212-227-153-4.plesk.page\/pt\/wp-json\/wp\/v2\/media?parent=3698218"}],"wp:term":[{"taxonomy":"product_brand","embeddable":true,"href":"https:\/\/stoic-curie.212-227-153-4.plesk.page\/pt\/wp-json\/wp\/v2\/product_brand?post=3698218"},{"taxonomy":"product_cat","embeddable":true,"href":"https:\/\/stoic-curie.212-227-153-4.plesk.page\/pt\/wp-json\/wp\/v2\/product_cat?post=3698218"},{"taxonomy":"product_tag","embeddable":true,"href":"https:\/\/stoic-curie.212-227-153-4.plesk.page\/pt\/wp-json\/wp\/v2\/product_tag?post=3698218"}],"curies":[{"name":"wp","href":"https:\/\/api.w.org\/{rel}","templated":true}]}}