{"id":3698233,"date":"2025-10-13T14:15:35","date_gmt":"2025-10-13T18:15:35","guid":{"rendered":"https:\/\/stoic-curie.212-227-153-4.plesk.page\/product\/anodo-de-aluminio-mercury-tohatsu-823912002\/"},"modified":"2026-02-25T00:28:09","modified_gmt":"2026-02-25T00:28:09","slug":"anodo-de-aluminio-mercury-tohatsu-823912002","status":"publish","type":"product","link":"https:\/\/stoic-curie.212-227-153-4.plesk.page\/pt\/product\/anodo-de-aluminio-mercury-tohatsu-823912002\/","title":{"rendered":"\u00c2nodo de Alum\u00ednio Mercury &#8211; Tohatsu 823912002"},"content":{"rendered":"<p>\u00c2nodo de Alum\u00ednio Mercury &#8211; Tohatsu 823912002 &#8211; <\/p>\n<p>Anodo de barra de motor Suzuki 40300. Zn = Zinco, Al = Alum\u00ednio<\/p>\n","protected":false},"excerpt":{"rendered":"<p>\u00c2nodo de Alum\u00ednio Mercury &#8211; Tohatsu 823912002 &#8211; Anodo de barra de motor Suzuki 40300. Zn = Zinco, Al =<\/p>\n","protected":false},"featured_media":5944438,"comment_status":"closed","ping_status":"closed","template":"","meta":[],"product_brand":[3477],"product_cat":[2102,2104],"product_tag":[],"class_list":{"0":"post-3698233","1":"product","2":"type-product","3":"status-publish","4":"has-post-thumbnail","6":"product_brand-tecnoseal-pt","7":"product_cat-pecas-para-motores-fora-de-bordo-mercury-e-mariner","8":"product_cat-pecas-para-motores-fora-de-bordo-tohatsu","10":"first","11":"instock","12":"shipping-taxable","13":"purchasable","14":"product-type-simple"},"_links":{"self":[{"href":"https:\/\/stoic-curie.212-227-153-4.plesk.page\/pt\/wp-json\/wp\/v2\/product\/3698233","targetHints":{"allow":["GET"]}}],"collection":[{"href":"https:\/\/stoic-curie.212-227-153-4.plesk.page\/pt\/wp-json\/wp\/v2\/product"}],"about":[{"href":"https:\/\/stoic-curie.212-227-153-4.plesk.page\/pt\/wp-json\/wp\/v2\/types\/product"}],"replies":[{"embeddable":true,"href":"https:\/\/stoic-curie.212-227-153-4.plesk.page\/pt\/wp-json\/wp\/v2\/comments?post=3698233"}],"version-history":[{"count":0,"href":"https:\/\/stoic-curie.212-227-153-4.plesk.page\/pt\/wp-json\/wp\/v2\/product\/3698233\/revisions"}],"wp:featuredmedia":[{"embeddable":true,"href":"https:\/\/stoic-curie.212-227-153-4.plesk.page\/pt\/wp-json\/wp\/v2\/media\/5944438"}],"wp:attachment":[{"href":"https:\/\/stoic-curie.212-227-153-4.plesk.page\/pt\/wp-json\/wp\/v2\/media?parent=3698233"}],"wp:term":[{"taxonomy":"product_brand","embeddable":true,"href":"https:\/\/stoic-curie.212-227-153-4.plesk.page\/pt\/wp-json\/wp\/v2\/product_brand?post=3698233"},{"taxonomy":"product_cat","embeddable":true,"href":"https:\/\/stoic-curie.212-227-153-4.plesk.page\/pt\/wp-json\/wp\/v2\/product_cat?post=3698233"},{"taxonomy":"product_tag","embeddable":true,"href":"https:\/\/stoic-curie.212-227-153-4.plesk.page\/pt\/wp-json\/wp\/v2\/product_tag?post=3698233"}],"curies":[{"name":"wp","href":"https:\/\/api.w.org\/{rel}","templated":true}]}}