{"id":3698234,"date":"2025-10-13T14:15:35","date_gmt":"2025-10-13T18:15:35","guid":{"rendered":"https:\/\/stoic-curie.212-227-153-4.plesk.page\/product\/linha-de-lancamento-carregada-em-couro-04kg\/"},"modified":"2026-02-25T00:28:09","modified_gmt":"2026-02-25T00:28:09","slug":"linha-de-lancamento-carregada-em-couro-04kg","status":"publish","type":"product","link":"https:\/\/stoic-curie.212-227-153-4.plesk.page\/pt\/product\/linha-de-lancamento-carregada-em-couro-04kg\/","title":{"rendered":"Linha de Lan\u00e7amento Carregada em Couro 0,4kg"},"content":{"rendered":"<p>Linha de Lan\u00e7amento Carregada em Couro 0,4kg &#8211; <\/p>\n<p>Lan\u00e7ador de linha resistente a UV e ao ambiente marinho com ilh\u00f3s de a\u00e7o inoxid\u00e1vel. Usado para lan\u00e7ar cordas de amarra\u00e7\u00e3o do navio para a costa e vice-versa.<\/p>\n","protected":false},"excerpt":{"rendered":"<p>Linha de Lan\u00e7amento Carregada em Couro 0,4kg &#8211; Lan\u00e7ador de linha resistente a UV e ao ambiente marinho com ilh\u00f3s<\/p>\n","protected":false},"featured_media":5944741,"comment_status":"closed","ping_status":"closed","template":"","meta":[],"product_brand":[3367],"product_cat":[1892,1891],"product_tag":[],"class_list":{"0":"post-3698234","1":"product","2":"type-product","3":"status-publish","4":"has-post-thumbnail","6":"product_brand-securmar-pt","7":"product_cat-acessorios-de-seguranca","8":"product_cat-boias-e-retinidas-salva-vidas","10":"first","11":"instock","12":"shipping-taxable","13":"purchasable","14":"product-type-simple"},"_links":{"self":[{"href":"https:\/\/stoic-curie.212-227-153-4.plesk.page\/pt\/wp-json\/wp\/v2\/product\/3698234","targetHints":{"allow":["GET"]}}],"collection":[{"href":"https:\/\/stoic-curie.212-227-153-4.plesk.page\/pt\/wp-json\/wp\/v2\/product"}],"about":[{"href":"https:\/\/stoic-curie.212-227-153-4.plesk.page\/pt\/wp-json\/wp\/v2\/types\/product"}],"replies":[{"embeddable":true,"href":"https:\/\/stoic-curie.212-227-153-4.plesk.page\/pt\/wp-json\/wp\/v2\/comments?post=3698234"}],"version-history":[{"count":0,"href":"https:\/\/stoic-curie.212-227-153-4.plesk.page\/pt\/wp-json\/wp\/v2\/product\/3698234\/revisions"}],"wp:featuredmedia":[{"embeddable":true,"href":"https:\/\/stoic-curie.212-227-153-4.plesk.page\/pt\/wp-json\/wp\/v2\/media\/5944741"}],"wp:attachment":[{"href":"https:\/\/stoic-curie.212-227-153-4.plesk.page\/pt\/wp-json\/wp\/v2\/media?parent=3698234"}],"wp:term":[{"taxonomy":"product_brand","embeddable":true,"href":"https:\/\/stoic-curie.212-227-153-4.plesk.page\/pt\/wp-json\/wp\/v2\/product_brand?post=3698234"},{"taxonomy":"product_cat","embeddable":true,"href":"https:\/\/stoic-curie.212-227-153-4.plesk.page\/pt\/wp-json\/wp\/v2\/product_cat?post=3698234"},{"taxonomy":"product_tag","embeddable":true,"href":"https:\/\/stoic-curie.212-227-153-4.plesk.page\/pt\/wp-json\/wp\/v2\/product_tag?post=3698234"}],"curies":[{"name":"wp","href":"https:\/\/api.w.org\/{rel}","templated":true}]}}