{"id":3698236,"date":"2025-10-13T14:15:36","date_gmt":"2025-10-13T18:15:36","guid":{"rendered":"https:\/\/stoic-curie.212-227-153-4.plesk.page\/product\/crc-graxa-teflub-500ml\/"},"modified":"2026-02-25T00:28:09","modified_gmt":"2026-02-25T00:28:09","slug":"crc-graxa-teflub-500ml","status":"publish","type":"product","link":"https:\/\/stoic-curie.212-227-153-4.plesk.page\/pt\/product\/crc-graxa-teflub-500ml\/","title":{"rendered":"CRC Graxa Teflub 500ml"},"content":{"rendered":"<p>CRC Graxa Teflub 500ml &#8211; <\/p>\n<p>Graxa branca Teflub \u00e0 base de lubrificante s\u00f3lido PTFE com a\u00e7\u00e3o prolongada. Reduz o coeficiente de atrito e garante efeitos mec\u00e2nicos de anti-desgaste e anti-gripagem. Cont\u00e9m inibidores de corros\u00e3o, resiste \u00e0 lavagem mesmo em altas temperaturas de at\u00e9 90\u00c2\u00b0. Temperatura de opera\u00e7\u00e3o de -20 a +160 \u00c2\u00b0C. Espec\u00edfico para acoplamentos de metal e pl\u00e1stico, para hardware, motores mar\u00edtimos e qualquer elemento exposto \u00e0 condensa\u00e7\u00e3o, chuva ou jatos de \u00e1gua.<\/p>\n","protected":false},"excerpt":{"rendered":"<p>CRC Graxa Teflub 500ml &#8211; Graxa branca Teflub \u00e0 base de lubrificante s\u00f3lido PTFE com a\u00e7\u00e3o prolongada. Reduz o coeficiente<\/p>\n","protected":false},"featured_media":5944749,"comment_status":"closed","ping_status":"closed","template":"","meta":[],"product_brand":[2872],"product_cat":[2082],"product_tag":[],"class_list":{"0":"post-3698236","1":"product","2":"type-product","3":"status-publish","4":"has-post-thumbnail","6":"product_brand-crc-marine-pt","7":"product_cat-lubrificantes","9":"first","10":"instock","11":"shipping-taxable","12":"purchasable","13":"product-type-simple"},"_links":{"self":[{"href":"https:\/\/stoic-curie.212-227-153-4.plesk.page\/pt\/wp-json\/wp\/v2\/product\/3698236","targetHints":{"allow":["GET"]}}],"collection":[{"href":"https:\/\/stoic-curie.212-227-153-4.plesk.page\/pt\/wp-json\/wp\/v2\/product"}],"about":[{"href":"https:\/\/stoic-curie.212-227-153-4.plesk.page\/pt\/wp-json\/wp\/v2\/types\/product"}],"replies":[{"embeddable":true,"href":"https:\/\/stoic-curie.212-227-153-4.plesk.page\/pt\/wp-json\/wp\/v2\/comments?post=3698236"}],"version-history":[{"count":0,"href":"https:\/\/stoic-curie.212-227-153-4.plesk.page\/pt\/wp-json\/wp\/v2\/product\/3698236\/revisions"}],"wp:featuredmedia":[{"embeddable":true,"href":"https:\/\/stoic-curie.212-227-153-4.plesk.page\/pt\/wp-json\/wp\/v2\/media\/5944749"}],"wp:attachment":[{"href":"https:\/\/stoic-curie.212-227-153-4.plesk.page\/pt\/wp-json\/wp\/v2\/media?parent=3698236"}],"wp:term":[{"taxonomy":"product_brand","embeddable":true,"href":"https:\/\/stoic-curie.212-227-153-4.plesk.page\/pt\/wp-json\/wp\/v2\/product_brand?post=3698236"},{"taxonomy":"product_cat","embeddable":true,"href":"https:\/\/stoic-curie.212-227-153-4.plesk.page\/pt\/wp-json\/wp\/v2\/product_cat?post=3698236"},{"taxonomy":"product_tag","embeddable":true,"href":"https:\/\/stoic-curie.212-227-153-4.plesk.page\/pt\/wp-json\/wp\/v2\/product_tag?post=3698236"}],"curies":[{"name":"wp","href":"https:\/\/api.w.org\/{rel}","templated":true}]}}