{"id":3698243,"date":"2025-10-13T14:15:37","date_gmt":"2025-10-13T18:15:37","guid":{"rendered":"https:\/\/stoic-curie.212-227-153-4.plesk.page\/product\/cotovelo-de-latao-45-femea-femea-3-4\/"},"modified":"2026-02-25T00:28:10","modified_gmt":"2026-02-25T00:28:10","slug":"cotovelo-de-latao-45-femea-femea-3-4","status":"publish","type":"product","link":"https:\/\/stoic-curie.212-227-153-4.plesk.page\/pt\/product\/cotovelo-de-latao-45-femea-femea-3-4\/","title":{"rendered":"Cotovelo de Lat\u00e3o 45\u00b0 F\u00eamea-F\u00eamea 3\/4 &#8220;"},"content":{"rendered":"<p>Cotovelo de Lat\u00e3o 45\u00b0 F\u00eamea-F\u00eamea 3\/4 &#8221; &#8211; <\/p>\n<p>Curva em lat\u00e3o f\u00eamea-f\u00eamea a 45\u00c2\u00b0.<\/p>\n","protected":false},"excerpt":{"rendered":"<p>Cotovelo de Lat\u00e3o 45\u00b0 F\u00eamea-F\u00eamea 3\/4 &#8221; &#8211; Curva em lat\u00e3o f\u00eamea-f\u00eamea a 45\u00c2\u00b0.<\/p>\n","protected":false},"featured_media":5944753,"comment_status":"closed","ping_status":"closed","template":"","meta":[],"product_brand":[2997],"product_cat":[1960],"product_tag":[],"class_list":{"0":"post-3698243","1":"product","2":"type-product","3":"status-publish","4":"has-post-thumbnail","6":"product_brand-guidi-marine-pt","7":"product_cat-acessorios-de-canalizacao-em-latao","9":"first","10":"instock","11":"shipping-taxable","12":"purchasable","13":"product-type-simple"},"_links":{"self":[{"href":"https:\/\/stoic-curie.212-227-153-4.plesk.page\/pt\/wp-json\/wp\/v2\/product\/3698243","targetHints":{"allow":["GET"]}}],"collection":[{"href":"https:\/\/stoic-curie.212-227-153-4.plesk.page\/pt\/wp-json\/wp\/v2\/product"}],"about":[{"href":"https:\/\/stoic-curie.212-227-153-4.plesk.page\/pt\/wp-json\/wp\/v2\/types\/product"}],"replies":[{"embeddable":true,"href":"https:\/\/stoic-curie.212-227-153-4.plesk.page\/pt\/wp-json\/wp\/v2\/comments?post=3698243"}],"version-history":[{"count":0,"href":"https:\/\/stoic-curie.212-227-153-4.plesk.page\/pt\/wp-json\/wp\/v2\/product\/3698243\/revisions"}],"wp:featuredmedia":[{"embeddable":true,"href":"https:\/\/stoic-curie.212-227-153-4.plesk.page\/pt\/wp-json\/wp\/v2\/media\/5944753"}],"wp:attachment":[{"href":"https:\/\/stoic-curie.212-227-153-4.plesk.page\/pt\/wp-json\/wp\/v2\/media?parent=3698243"}],"wp:term":[{"taxonomy":"product_brand","embeddable":true,"href":"https:\/\/stoic-curie.212-227-153-4.plesk.page\/pt\/wp-json\/wp\/v2\/product_brand?post=3698243"},{"taxonomy":"product_cat","embeddable":true,"href":"https:\/\/stoic-curie.212-227-153-4.plesk.page\/pt\/wp-json\/wp\/v2\/product_cat?post=3698243"},{"taxonomy":"product_tag","embeddable":true,"href":"https:\/\/stoic-curie.212-227-153-4.plesk.page\/pt\/wp-json\/wp\/v2\/product_tag?post=3698243"}],"curies":[{"name":"wp","href":"https:\/\/api.w.org\/{rel}","templated":true}]}}