{"id":3698245,"date":"2025-10-13T14:15:37","date_gmt":"2025-10-13T18:15:37","guid":{"rendered":"https:\/\/stoic-curie.212-227-153-4.plesk.page\/product\/mangueira-de-combustivel-greyflex-8mm\/"},"modified":"2026-02-25T00:28:10","modified_gmt":"2026-02-25T00:28:10","slug":"mangueira-de-combustivel-greyflex-8mm","status":"publish","type":"product","link":"https:\/\/stoic-curie.212-227-153-4.plesk.page\/pt\/product\/mangueira-de-combustivel-greyflex-8mm\/","title":{"rendered":"Mangueira de Combust\u00edvel Greyflex 8mm"},"content":{"rendered":"<p>Mangueira de Combust\u00edvel Greyflex 8mm &#8211; <\/p>\n<p>Mangueira de combust\u00edvel de alta qualidade e dur\u00e1vel, certificada pela UNI EN ISO 8469 B1.<\/p>\n","protected":false},"excerpt":{"rendered":"<p>Mangueira de Combust\u00edvel Greyflex 8mm &#8211; Mangueira de combust\u00edvel de alta qualidade e dur\u00e1vel, certificada pela UNI EN ISO 8469<\/p>\n","protected":false},"featured_media":5940266,"comment_status":"closed","ping_status":"closed","template":"","meta":[],"product_brand":[3307],"product_cat":[2086],"product_tag":[],"class_list":{"0":"post-3698245","1":"product","2":"type-product","3":"status-publish","4":"has-post-thumbnail","6":"product_brand-riviera-pt","7":"product_cat-mangueira-de-combustivel","9":"first","10":"instock","11":"shipping-taxable","12":"purchasable","13":"product-type-simple"},"_links":{"self":[{"href":"https:\/\/stoic-curie.212-227-153-4.plesk.page\/pt\/wp-json\/wp\/v2\/product\/3698245","targetHints":{"allow":["GET"]}}],"collection":[{"href":"https:\/\/stoic-curie.212-227-153-4.plesk.page\/pt\/wp-json\/wp\/v2\/product"}],"about":[{"href":"https:\/\/stoic-curie.212-227-153-4.plesk.page\/pt\/wp-json\/wp\/v2\/types\/product"}],"replies":[{"embeddable":true,"href":"https:\/\/stoic-curie.212-227-153-4.plesk.page\/pt\/wp-json\/wp\/v2\/comments?post=3698245"}],"version-history":[{"count":0,"href":"https:\/\/stoic-curie.212-227-153-4.plesk.page\/pt\/wp-json\/wp\/v2\/product\/3698245\/revisions"}],"wp:featuredmedia":[{"embeddable":true,"href":"https:\/\/stoic-curie.212-227-153-4.plesk.page\/pt\/wp-json\/wp\/v2\/media\/5940266"}],"wp:attachment":[{"href":"https:\/\/stoic-curie.212-227-153-4.plesk.page\/pt\/wp-json\/wp\/v2\/media?parent=3698245"}],"wp:term":[{"taxonomy":"product_brand","embeddable":true,"href":"https:\/\/stoic-curie.212-227-153-4.plesk.page\/pt\/wp-json\/wp\/v2\/product_brand?post=3698245"},{"taxonomy":"product_cat","embeddable":true,"href":"https:\/\/stoic-curie.212-227-153-4.plesk.page\/pt\/wp-json\/wp\/v2\/product_cat?post=3698245"},{"taxonomy":"product_tag","embeddable":true,"href":"https:\/\/stoic-curie.212-227-153-4.plesk.page\/pt\/wp-json\/wp\/v2\/product_tag?post=3698245"}],"curies":[{"name":"wp","href":"https:\/\/api.w.org\/{rel}","templated":true}]}}