{"id":3698249,"date":"2025-10-13T14:15:38","date_gmt":"2025-10-13T18:15:38","guid":{"rendered":"https:\/\/stoic-curie.212-227-153-4.plesk.page\/product\/orbitrade-19395-zinc-engine-anode-para-volvo-penta-dpx-sterndrives\/"},"modified":"2026-02-25T00:28:10","modified_gmt":"2026-02-25T00:28:10","slug":"orbitrade-19395-zinc-engine-anode-para-volvo-penta-dpx-sterndrives","status":"publish","type":"product","link":"https:\/\/stoic-curie.212-227-153-4.plesk.page\/pt\/product\/orbitrade-19395-zinc-engine-anode-para-volvo-penta-dpx-sterndrives\/","title":{"rendered":"Orbitrade 19395 Zinc Engine Anode para Volvo Penta DPX Sterndrives"},"content":{"rendered":"<p>Orbitrade 19395 Zinc Engine Anode para Volvo Penta DPX Sterndrives &#8211; O \u00e2nodo de zinco Orbitrade Marine \u00e9 projetado para substituir o n\u00famero da pe\u00e7a Volvo 873395. Este \u00e2nodo de zinco \u00e9 adequado para fornecer prote\u00e7\u00e3o contra corros\u00e3o eletrol\u00edtica para os sterndrives Volvo Penta DPX.<\/p>\n","protected":false},"excerpt":{"rendered":"<p>Orbitrade 19395 Zinc Engine Anode para Volvo Penta DPX Sterndrives &#8211; O \u00e2nodo de zinco Orbitrade Marine \u00e9 projetado para<\/p>\n","protected":false},"featured_media":5944767,"comment_status":"closed","ping_status":"closed","template":"","meta":[],"product_brand":[3227],"product_cat":[2116],"product_tag":[],"class_list":{"0":"post-3698249","1":"product","2":"type-product","3":"status-publish","4":"has-post-thumbnail","6":"product_brand-orbitrade-marine-pt","7":"product_cat-pecas-para-motores-volvo-penta","9":"first","10":"instock","11":"shipping-taxable","12":"purchasable","13":"product-type-simple"},"_links":{"self":[{"href":"https:\/\/stoic-curie.212-227-153-4.plesk.page\/pt\/wp-json\/wp\/v2\/product\/3698249","targetHints":{"allow":["GET"]}}],"collection":[{"href":"https:\/\/stoic-curie.212-227-153-4.plesk.page\/pt\/wp-json\/wp\/v2\/product"}],"about":[{"href":"https:\/\/stoic-curie.212-227-153-4.plesk.page\/pt\/wp-json\/wp\/v2\/types\/product"}],"replies":[{"embeddable":true,"href":"https:\/\/stoic-curie.212-227-153-4.plesk.page\/pt\/wp-json\/wp\/v2\/comments?post=3698249"}],"version-history":[{"count":0,"href":"https:\/\/stoic-curie.212-227-153-4.plesk.page\/pt\/wp-json\/wp\/v2\/product\/3698249\/revisions"}],"wp:featuredmedia":[{"embeddable":true,"href":"https:\/\/stoic-curie.212-227-153-4.plesk.page\/pt\/wp-json\/wp\/v2\/media\/5944767"}],"wp:attachment":[{"href":"https:\/\/stoic-curie.212-227-153-4.plesk.page\/pt\/wp-json\/wp\/v2\/media?parent=3698249"}],"wp:term":[{"taxonomy":"product_brand","embeddable":true,"href":"https:\/\/stoic-curie.212-227-153-4.plesk.page\/pt\/wp-json\/wp\/v2\/product_brand?post=3698249"},{"taxonomy":"product_cat","embeddable":true,"href":"https:\/\/stoic-curie.212-227-153-4.plesk.page\/pt\/wp-json\/wp\/v2\/product_cat?post=3698249"},{"taxonomy":"product_tag","embeddable":true,"href":"https:\/\/stoic-curie.212-227-153-4.plesk.page\/pt\/wp-json\/wp\/v2\/product_tag?post=3698249"}],"curies":[{"name":"wp","href":"https:\/\/api.w.org\/{rel}","templated":true}]}}