{"id":3698250,"date":"2025-10-13T14:15:38","date_gmt":"2025-10-13T18:15:38","guid":{"rendered":"https:\/\/stoic-curie.212-227-153-4.plesk.page\/product\/orbitrade-19638-zinc-gear-housing-anode-para-volvo-penta-dpx-sterndrive\/"},"modified":"2026-02-25T00:28:10","modified_gmt":"2026-02-25T00:28:10","slug":"orbitrade-19638-zinc-gear-housing-anode-para-volvo-penta-dpx-sterndrive","status":"publish","type":"product","link":"https:\/\/stoic-curie.212-227-153-4.plesk.page\/pt\/product\/orbitrade-19638-zinc-gear-housing-anode-para-volvo-penta-dpx-sterndrive\/","title":{"rendered":"Orbitrade 19638 Zinc Gear Housing Anode para Volvo Penta DPX Sterndrive"},"content":{"rendered":"<p>Orbitrade 19638 Zinc Gear Housing Anode para Volvo Penta DPX Sterndrive &#8211; <\/p>\n<div class=\"col-24 col-md-15\">\n<p>O \u00e2nodo de zinco Orbitrade Marine foi projetado para substituir o n\u00famero da pe\u00e7a Volvo 876638. Este \u00e2nodo \u00e9 adequado para a fixa\u00e7\u00e3o na caixa de engrenagem inferior, proporcionando prote\u00e7\u00e3o contra corros\u00e3o eletrol\u00edtica. O \u00e2nodo de zinco \u00e9 adequado para os seguintes sterndrives Volvo Penta:<\/p>\n<p>DPX-A, DPX-C, DPX-R, DPX-S e DPX-S1.<\/p>\n<\/div>\n<h3>Especifica\u00e7\u00f5es<\/h3>\n<table class=\"table\">\n<tbody>\n<tr>\n<td><strong>Marca<\/strong><\/td>\n<td>Orbitrade Marine<\/td>\n<\/tr>\n<tr>\n<td><strong>Constru\u00e7\u00e3o<\/strong><\/td>\n<td>Zinco<\/td>\n<\/tr>\n<tr>\n<td><strong>Substitui<\/strong><\/td>\n<td>Volvo 876638<\/td>\n<\/tr>\n<tr>\n<td><strong>Descri\u00e7\u00e3o do estilo<\/strong><\/td>\n<td>\u00c2nodo reto<\/td>\n<\/tr>\n<tr>\n<td><strong>Compatibilidade<\/strong><\/td>\n<td>Volvo Penta DPX<\/td>\n<\/tr>\n<\/tbody>\n<\/table>\n","protected":false},"excerpt":{"rendered":"<p>Orbitrade 19638 Zinc Gear Housing Anode para Volvo Penta DPX Sterndrive &#8211; O \u00e2nodo de zinco Orbitrade Marine foi projetado<\/p>\n","protected":false},"featured_media":5944768,"comment_status":"closed","ping_status":"closed","template":"","meta":[],"product_brand":[3227],"product_cat":[2116],"product_tag":[],"class_list":{"0":"post-3698250","1":"product","2":"type-product","3":"status-publish","4":"has-post-thumbnail","6":"product_brand-orbitrade-marine-pt","7":"product_cat-pecas-para-motores-volvo-penta","9":"first","10":"instock","11":"shipping-taxable","12":"purchasable","13":"product-type-simple"},"_links":{"self":[{"href":"https:\/\/stoic-curie.212-227-153-4.plesk.page\/pt\/wp-json\/wp\/v2\/product\/3698250","targetHints":{"allow":["GET"]}}],"collection":[{"href":"https:\/\/stoic-curie.212-227-153-4.plesk.page\/pt\/wp-json\/wp\/v2\/product"}],"about":[{"href":"https:\/\/stoic-curie.212-227-153-4.plesk.page\/pt\/wp-json\/wp\/v2\/types\/product"}],"replies":[{"embeddable":true,"href":"https:\/\/stoic-curie.212-227-153-4.plesk.page\/pt\/wp-json\/wp\/v2\/comments?post=3698250"}],"version-history":[{"count":0,"href":"https:\/\/stoic-curie.212-227-153-4.plesk.page\/pt\/wp-json\/wp\/v2\/product\/3698250\/revisions"}],"wp:featuredmedia":[{"embeddable":true,"href":"https:\/\/stoic-curie.212-227-153-4.plesk.page\/pt\/wp-json\/wp\/v2\/media\/5944768"}],"wp:attachment":[{"href":"https:\/\/stoic-curie.212-227-153-4.plesk.page\/pt\/wp-json\/wp\/v2\/media?parent=3698250"}],"wp:term":[{"taxonomy":"product_brand","embeddable":true,"href":"https:\/\/stoic-curie.212-227-153-4.plesk.page\/pt\/wp-json\/wp\/v2\/product_brand?post=3698250"},{"taxonomy":"product_cat","embeddable":true,"href":"https:\/\/stoic-curie.212-227-153-4.plesk.page\/pt\/wp-json\/wp\/v2\/product_cat?post=3698250"},{"taxonomy":"product_tag","embeddable":true,"href":"https:\/\/stoic-curie.212-227-153-4.plesk.page\/pt\/wp-json\/wp\/v2\/product_tag?post=3698250"}],"curies":[{"name":"wp","href":"https:\/\/api.w.org\/{rel}","templated":true}]}}