{"id":3698251,"date":"2025-10-13T14:15:39","date_gmt":"2025-10-13T18:15:39","guid":{"rendered":"https:\/\/stoic-curie.212-227-153-4.plesk.page\/product\/porta-de-fogo-branco-com-adaptador-de-mangueira-de-90-graus-para-extintor-de-incendio\/"},"modified":"2026-02-25T00:28:10","modified_gmt":"2026-02-25T00:28:10","slug":"porta-de-fogo-branco-com-adaptador-de-mangueira-de-90-graus-para-extintor-de-incendio","status":"publish","type":"product","link":"https:\/\/stoic-curie.212-227-153-4.plesk.page\/pt\/product\/porta-de-fogo-branco-com-adaptador-de-mangueira-de-90-graus-para-extintor-de-incendio\/","title":{"rendered":"Porta de fogo branco com adaptador de mangueira de 90 graus para extintor de inc\u00eandio"},"content":{"rendered":"<p>Porta de fogo branco com adaptador de mangueira de 90 graus para extintor de inc\u00eandio &#8211; <\/p>\n<div class=\"col-24 col-md-15\">\n<p>Uma porta de inc\u00eandio oferece uma solu\u00e7\u00e3o econ\u00f4mica para proteger seus passageiros e tripula\u00e7\u00e3o a bordo do seu barco, permitindo que voc\u00ea inspecione visualmente e descarregue um extintor no espa\u00e7o do motor ou em qualquer outra \u00e1rea fechada quando houver um inc\u00eandio presente. A porta de inc\u00eandio \u00e9 fornecida completa com uma flange de pl\u00e1stico branca, uma entrada de mangueira de 90\u00b0, um porto de inspe\u00e7\u00e3o transparente e \u00e0 prova d&#8217;\u00e1gua e uma porca de montagem de pl\u00e1stico branca. Este modelo de porta de inc\u00eandio da Osculati \u00e9 adequado para montagem na parede e no ch\u00e3o e pode ser conectado \u00e0 caixa do motor ou a outros espa\u00e7os fechados com um tubo.<\/p>\n<p>Em caso de inc\u00eandio, basta colocar o bico do extintor pela porta de inc\u00eandio e descarreg\u00e1-lo, permitindo que o inc\u00eandio seja extinto sem abrir outras aberturas de inspe\u00e7\u00e3o, o que provavelmente adicionaria oxig\u00eanio ao fogo e alimentaria o risco. Como a porta de inc\u00eandio pode ser utilizada sem abrir outras aberturas, isso permite que o conte\u00fado do extintor se dirija apenas \u00e0 \u00e1rea afetada, sem se dissipar em outras partes do barco.<\/p>\n<p>A instala\u00e7\u00e3o de uma porta de inc\u00eandio \u00e9 altamente recomendada pelas diretrizes da CE e da A.B.Y.C. e pode ser facilmente instalada, simplesmente cortando o tamanho de corte necess\u00e1rio de 38 mm.<\/p>\n<\/div>\n<h3>Especifica\u00e7\u00f5es<\/h3>\n<table class=\"table\">\n<tbody>\n<tr>\n<td><strong>Tamanho da entrada da mangueira<\/strong><\/td>\n<td>38mm \/ 1-1\/2&#8243;<\/td>\n<\/tr>\n<tr>\n<td><strong>Marca<\/strong><\/td>\n<td>Osculati<\/td>\n<\/tr>\n<tr>\n<td><strong>Constru\u00e7\u00e3o<\/strong><\/td>\n<td>Flange de pl\u00e1stico, porca de montagem, sa\u00edda de mangueira e membrana de PVC<\/td>\n<\/tr>\n<tr>\n<td><strong>Di\u00e2metro<\/strong><\/td>\n<td>Recorte: 50mm (2&#8243;), OD: 70mm (2-3\/4&#8243;)<\/td>\n<\/tr>\n<tr>\n<td><strong>Profundidade<\/strong><\/td>\n<td>M\u00e1xima de 19mm de divis\u00f3ria<\/td>\n<\/tr>\n<\/tbody>\n<\/table>\n","protected":false},"excerpt":{"rendered":"<p>Porta de fogo branco com adaptador de mangueira de 90 graus para extintor de inc\u00eandio &#8211; Uma porta de inc\u00eandio<\/p>\n","protected":false},"featured_media":5944776,"comment_status":"closed","ping_status":"closed","template":"","meta":[],"product_brand":[2777],"product_cat":[1887],"product_tag":[],"class_list":{"0":"post-3698251","1":"product","2":"type-product","3":"status-publish","4":"has-post-thumbnail","6":"product_brand-anaf-marine-pt","7":"product_cat-extintores-de-incendio","9":"first","10":"instock","11":"shipping-taxable","12":"purchasable","13":"product-type-simple"},"_links":{"self":[{"href":"https:\/\/stoic-curie.212-227-153-4.plesk.page\/pt\/wp-json\/wp\/v2\/product\/3698251","targetHints":{"allow":["GET"]}}],"collection":[{"href":"https:\/\/stoic-curie.212-227-153-4.plesk.page\/pt\/wp-json\/wp\/v2\/product"}],"about":[{"href":"https:\/\/stoic-curie.212-227-153-4.plesk.page\/pt\/wp-json\/wp\/v2\/types\/product"}],"replies":[{"embeddable":true,"href":"https:\/\/stoic-curie.212-227-153-4.plesk.page\/pt\/wp-json\/wp\/v2\/comments?post=3698251"}],"version-history":[{"count":0,"href":"https:\/\/stoic-curie.212-227-153-4.plesk.page\/pt\/wp-json\/wp\/v2\/product\/3698251\/revisions"}],"wp:featuredmedia":[{"embeddable":true,"href":"https:\/\/stoic-curie.212-227-153-4.plesk.page\/pt\/wp-json\/wp\/v2\/media\/5944776"}],"wp:attachment":[{"href":"https:\/\/stoic-curie.212-227-153-4.plesk.page\/pt\/wp-json\/wp\/v2\/media?parent=3698251"}],"wp:term":[{"taxonomy":"product_brand","embeddable":true,"href":"https:\/\/stoic-curie.212-227-153-4.plesk.page\/pt\/wp-json\/wp\/v2\/product_brand?post=3698251"},{"taxonomy":"product_cat","embeddable":true,"href":"https:\/\/stoic-curie.212-227-153-4.plesk.page\/pt\/wp-json\/wp\/v2\/product_cat?post=3698251"},{"taxonomy":"product_tag","embeddable":true,"href":"https:\/\/stoic-curie.212-227-153-4.plesk.page\/pt\/wp-json\/wp\/v2\/product_tag?post=3698251"}],"curies":[{"name":"wp","href":"https:\/\/api.w.org\/{rel}","templated":true}]}}