{"id":3698254,"date":"2025-10-13T14:15:39","date_gmt":"2025-10-13T18:15:39","guid":{"rendered":"https:\/\/stoic-curie.212-227-153-4.plesk.page\/product\/interruptor-de-giro-resistente-a-agua-eletrica-duas-posicoes\/"},"modified":"2026-02-25T00:28:10","modified_gmt":"2026-02-25T00:28:10","slug":"interruptor-de-giro-resistente-a-agua-eletrica-duas-posicoes","status":"publish","type":"product","link":"https:\/\/stoic-curie.212-227-153-4.plesk.page\/pt\/product\/interruptor-de-giro-resistente-a-agua-eletrica-duas-posicoes\/","title":{"rendered":"Interruptor de giro resistente \u00e0 \u00e1gua el\u00e9trica (duas posi\u00e7\u00f5es)"},"content":{"rendered":"<p>Interruptor de giro resistente \u00e0 \u00e1gua el\u00e9trica (duas posi\u00e7\u00f5es) &#8211; Interruptor rotativo n\u00e3o iluminado e resistente \u00e0 \u00e1gua. Este interruptor rotativo tem 2 posi\u00e7\u00f5es e liga e desliga.<\/p>\n<p>Interruptor rotativo:<br \/>\n&#8211; Corte: 12mm<br \/>\n&#8211; Tens\u00e3o: 12V<br \/>\n&#8211; Corrente: 15A<\/p>\n<p>Especifica\u00e7\u00f5es:<br \/>\n&#8211; Amperes: Corrente m\u00e1xima de comuta\u00e7\u00e3o: 15A<br \/>\n&#8211; Tens\u00e3o: 12V DC<br \/>\n&#8211; Marca: El\u00e9trico<\/p>\n","protected":false},"excerpt":{"rendered":"<p>Interruptor de giro resistente \u00e0 \u00e1gua el\u00e9trica (duas posi\u00e7\u00f5es) &#8211; Interruptor rotativo n\u00e3o iluminado e resistente \u00e0 \u00e1gua. Este interruptor<\/p>\n","protected":false},"featured_media":5944782,"comment_status":"closed","ping_status":"closed","template":"","meta":[],"product_brand":[2832],"product_cat":[2030],"product_tag":[],"class_list":{"0":"post-3698254","1":"product","2":"type-product","3":"status-publish","4":"has-post-thumbnail","6":"product_brand-blue-sea-systems-pt","7":"product_cat-interruptores-e-comutadores","9":"first","10":"instock","11":"shipping-taxable","12":"purchasable","13":"product-type-simple"},"_links":{"self":[{"href":"https:\/\/stoic-curie.212-227-153-4.plesk.page\/pt\/wp-json\/wp\/v2\/product\/3698254","targetHints":{"allow":["GET"]}}],"collection":[{"href":"https:\/\/stoic-curie.212-227-153-4.plesk.page\/pt\/wp-json\/wp\/v2\/product"}],"about":[{"href":"https:\/\/stoic-curie.212-227-153-4.plesk.page\/pt\/wp-json\/wp\/v2\/types\/product"}],"replies":[{"embeddable":true,"href":"https:\/\/stoic-curie.212-227-153-4.plesk.page\/pt\/wp-json\/wp\/v2\/comments?post=3698254"}],"version-history":[{"count":0,"href":"https:\/\/stoic-curie.212-227-153-4.plesk.page\/pt\/wp-json\/wp\/v2\/product\/3698254\/revisions"}],"wp:featuredmedia":[{"embeddable":true,"href":"https:\/\/stoic-curie.212-227-153-4.plesk.page\/pt\/wp-json\/wp\/v2\/media\/5944782"}],"wp:attachment":[{"href":"https:\/\/stoic-curie.212-227-153-4.plesk.page\/pt\/wp-json\/wp\/v2\/media?parent=3698254"}],"wp:term":[{"taxonomy":"product_brand","embeddable":true,"href":"https:\/\/stoic-curie.212-227-153-4.plesk.page\/pt\/wp-json\/wp\/v2\/product_brand?post=3698254"},{"taxonomy":"product_cat","embeddable":true,"href":"https:\/\/stoic-curie.212-227-153-4.plesk.page\/pt\/wp-json\/wp\/v2\/product_cat?post=3698254"},{"taxonomy":"product_tag","embeddable":true,"href":"https:\/\/stoic-curie.212-227-153-4.plesk.page\/pt\/wp-json\/wp\/v2\/product_tag?post=3698254"}],"curies":[{"name":"wp","href":"https:\/\/api.w.org\/{rel}","templated":true}]}}