{"id":3698255,"date":"2025-10-13T14:15:39","date_gmt":"2025-10-13T18:15:39","guid":{"rendered":"https:\/\/stoic-curie.212-227-153-4.plesk.page\/product\/chave-de-placa-de-deck-de-plastico-perko-1247-28mm-lugs\/"},"modified":"2026-02-25T00:28:10","modified_gmt":"2026-02-25T00:28:10","slug":"chave-de-placa-de-deck-de-plastico-perko-1247-28mm-lugs","status":"publish","type":"product","link":"https:\/\/stoic-curie.212-227-153-4.plesk.page\/pt\/product\/chave-de-placa-de-deck-de-plastico-perko-1247-28mm-lugs\/","title":{"rendered":"Chave de placa de deck de pl\u00e1stico Perko 1247 (28mm Lugs)"},"content":{"rendered":"<p>Chave de placa de deck de pl\u00e1stico Perko 1247 (28mm Lugs) &#8211; N\u00famero da pe\u00e7a Perko: 1247DP0BLK. A chave da placa de conv\u00e9s Perko 1247 para preenchimentos de conv\u00e9s tem uma constru\u00e7\u00e3o em pl\u00e1stico preto e possui um orif\u00edcio para ser anexada a um chaveiro. Esta chave da placa de conv\u00e9s inclui espig\u00f5es e um slot. Serve para placas de conv\u00e9s Perko de 32 mm (1-1\/4&#8243;) e 38 mm (1-1\/2&#8243;) e muitas outras placas do tipo &#8220;slot&#8221;. Tamb\u00e9m dispon\u00edvel &#8217;embalado a granel&#8217; para uso OEM. O tamanho da caixa \u00e9 de 50 pe\u00e7as. Pe\u00e7a 50 x 1247000BLK. Especifica\u00e7\u00f5es: Comprimento: Total: 44 mm (1-3\/4&#8243;), Espeto: 25 mm (1&#8243;). Marca: Perko. Constru\u00e7\u00e3o: Pl\u00e1stico. Dimens\u00f5es: Centro a centro das linguetas: 28,5 mm (1-1\/8&#8243;). Adequa\u00e7\u00e3o: Serve para placas de conv\u00e9s de 1-1\/4&#8243; &#038; 1-1\/2&#8243; da Perko.<\/p>\n","protected":false},"excerpt":{"rendered":"<p>Chave de placa de deck de pl\u00e1stico Perko 1247 (28mm Lugs) &#8211; N\u00famero da pe\u00e7a Perko: 1247DP0BLK. A chave da<\/p>\n","protected":false},"featured_media":5944785,"comment_status":"closed","ping_status":"closed","template":"","meta":[],"product_brand":[3207],"product_cat":[2088,1955],"product_tag":[],"class_list":{"0":"post-3698255","1":"product","2":"type-product","3":"status-publish","4":"has-post-thumbnail","6":"product_brand-nova-argonautica-pt","7":"product_cat-bocais-de-enchimento-de-combustivel","8":"product_cat-tampao-de-enchimento-de-conves","10":"first","11":"instock","12":"shipping-taxable","13":"purchasable","14":"product-type-simple"},"_links":{"self":[{"href":"https:\/\/stoic-curie.212-227-153-4.plesk.page\/pt\/wp-json\/wp\/v2\/product\/3698255","targetHints":{"allow":["GET"]}}],"collection":[{"href":"https:\/\/stoic-curie.212-227-153-4.plesk.page\/pt\/wp-json\/wp\/v2\/product"}],"about":[{"href":"https:\/\/stoic-curie.212-227-153-4.plesk.page\/pt\/wp-json\/wp\/v2\/types\/product"}],"replies":[{"embeddable":true,"href":"https:\/\/stoic-curie.212-227-153-4.plesk.page\/pt\/wp-json\/wp\/v2\/comments?post=3698255"}],"version-history":[{"count":0,"href":"https:\/\/stoic-curie.212-227-153-4.plesk.page\/pt\/wp-json\/wp\/v2\/product\/3698255\/revisions"}],"wp:featuredmedia":[{"embeddable":true,"href":"https:\/\/stoic-curie.212-227-153-4.plesk.page\/pt\/wp-json\/wp\/v2\/media\/5944785"}],"wp:attachment":[{"href":"https:\/\/stoic-curie.212-227-153-4.plesk.page\/pt\/wp-json\/wp\/v2\/media?parent=3698255"}],"wp:term":[{"taxonomy":"product_brand","embeddable":true,"href":"https:\/\/stoic-curie.212-227-153-4.plesk.page\/pt\/wp-json\/wp\/v2\/product_brand?post=3698255"},{"taxonomy":"product_cat","embeddable":true,"href":"https:\/\/stoic-curie.212-227-153-4.plesk.page\/pt\/wp-json\/wp\/v2\/product_cat?post=3698255"},{"taxonomy":"product_tag","embeddable":true,"href":"https:\/\/stoic-curie.212-227-153-4.plesk.page\/pt\/wp-json\/wp\/v2\/product_tag?post=3698255"}],"curies":[{"name":"wp","href":"https:\/\/api.w.org\/{rel}","templated":true}]}}