{"id":3698256,"date":"2025-10-13T14:15:39","date_gmt":"2025-10-13T18:15:39","guid":{"rendered":"https:\/\/stoic-curie.212-227-153-4.plesk.page\/product\/chave-de-aco-inoxidavel-para-enchimentos-de-conves-4dek-tampa-do-soquete-do-guincho\/"},"modified":"2026-02-25T00:28:10","modified_gmt":"2026-02-25T00:28:10","slug":"chave-de-aco-inoxidavel-para-enchimentos-de-conves-4dek-tampa-do-soquete-do-guincho","status":"publish","type":"product","link":"https:\/\/stoic-curie.212-227-153-4.plesk.page\/pt\/product\/chave-de-aco-inoxidavel-para-enchimentos-de-conves-4dek-tampa-do-soquete-do-guincho\/","title":{"rendered":"Chave de a\u00e7o inoxid\u00e1vel para enchimentos de conv\u00e9s 4Dek (tampa do soquete do guincho)"},"content":{"rendered":"<p>Chave de a\u00e7o inoxid\u00e1vel para enchimentos de conv\u00e9s 4Dek (tampa do soquete do guincho) &#8211; Chave de placa de conv\u00e9s em a\u00e7o inoxid\u00e1vel 316, adequada para tampas de enchimento do tipo soquete de guincho. Esta chave tem um di\u00e2metro externo de 25 mm em forma de estrela.<\/p>\n<p>### Especifica\u00e7\u00f5es<\/p>\n<p>| **Marca**                | 4Dek |<br \/>\n|&#8212;&#8212;&#8212;&#8212;&#8212;&#8212;&#8212;&#8212;&#8212;|&#8212;&#8212;-|<br \/>\n| **Constru\u00e7\u00e3o**           | A\u00e7o Inoxid\u00e1vel Marinho 316 |<br \/>\n| **Dimens\u00f5es**            | Estrela de 25 mm OD |<br \/>\n| **Compatibilidade**       | Tampas de Enchimento de Soquete de Guincho |<\/p>\n","protected":false},"excerpt":{"rendered":"<p>Chave de a\u00e7o inoxid\u00e1vel para enchimentos de conv\u00e9s 4Dek (tampa do soquete do guincho) &#8211; Chave de placa de conv\u00e9s<\/p>\n","protected":false},"featured_media":5944786,"comment_status":"closed","ping_status":"closed","template":"","meta":[],"product_brand":[3122],"product_cat":[1955],"product_tag":[],"class_list":{"0":"post-3698256","1":"product","2":"type-product","3":"status-publish","4":"has-post-thumbnail","6":"product_brand-marinetech-pt","7":"product_cat-tampao-de-enchimento-de-conves","9":"first","10":"instock","11":"shipping-taxable","12":"purchasable","13":"product-type-simple"},"_links":{"self":[{"href":"https:\/\/stoic-curie.212-227-153-4.plesk.page\/pt\/wp-json\/wp\/v2\/product\/3698256","targetHints":{"allow":["GET"]}}],"collection":[{"href":"https:\/\/stoic-curie.212-227-153-4.plesk.page\/pt\/wp-json\/wp\/v2\/product"}],"about":[{"href":"https:\/\/stoic-curie.212-227-153-4.plesk.page\/pt\/wp-json\/wp\/v2\/types\/product"}],"replies":[{"embeddable":true,"href":"https:\/\/stoic-curie.212-227-153-4.plesk.page\/pt\/wp-json\/wp\/v2\/comments?post=3698256"}],"version-history":[{"count":0,"href":"https:\/\/stoic-curie.212-227-153-4.plesk.page\/pt\/wp-json\/wp\/v2\/product\/3698256\/revisions"}],"wp:featuredmedia":[{"embeddable":true,"href":"https:\/\/stoic-curie.212-227-153-4.plesk.page\/pt\/wp-json\/wp\/v2\/media\/5944786"}],"wp:attachment":[{"href":"https:\/\/stoic-curie.212-227-153-4.plesk.page\/pt\/wp-json\/wp\/v2\/media?parent=3698256"}],"wp:term":[{"taxonomy":"product_brand","embeddable":true,"href":"https:\/\/stoic-curie.212-227-153-4.plesk.page\/pt\/wp-json\/wp\/v2\/product_brand?post=3698256"},{"taxonomy":"product_cat","embeddable":true,"href":"https:\/\/stoic-curie.212-227-153-4.plesk.page\/pt\/wp-json\/wp\/v2\/product_cat?post=3698256"},{"taxonomy":"product_tag","embeddable":true,"href":"https:\/\/stoic-curie.212-227-153-4.plesk.page\/pt\/wp-json\/wp\/v2\/product_tag?post=3698256"}],"curies":[{"name":"wp","href":"https:\/\/api.w.org\/{rel}","templated":true}]}}