{"id":3698257,"date":"2025-10-13T14:15:40","date_gmt":"2025-10-13T18:15:40","guid":{"rendered":"https:\/\/stoic-curie.212-227-153-4.plesk.page\/product\/encaixe-do-conector-do-tubo-jg-speedfit-para-tubo-de-15mm-3-4-bsp-feminino\/"},"modified":"2026-02-25T00:28:10","modified_gmt":"2026-02-25T00:28:10","slug":"encaixe-do-conector-do-tubo-jg-speedfit-para-tubo-de-15mm-3-4-bsp-feminino","status":"publish","type":"product","link":"https:\/\/stoic-curie.212-227-153-4.plesk.page\/pt\/product\/encaixe-do-conector-do-tubo-jg-speedfit-para-tubo-de-15mm-3-4-bsp-feminino\/","title":{"rendered":"Encaixe do conector do tubo JG Speedfit para tubo de 15mm (3\/4&#8243; BSP Feminino)"},"content":{"rendered":"<p>Encaixe do conector do tubo JG Speedfit para tubo de 15mm (3\/4&#8243; BSP Feminino) &#8211; A conex\u00e3o de pl\u00e1stico de press\u00e3o John Guest Speedfit \u00e9 adequada para conectar tubos de pl\u00e1stico ou cobre em sistemas de \u00e1gua quente ou fria. O conector f\u00eamea possui uma conex\u00e3o f\u00eamea BSP de 3\/4&#8243; e uma conex\u00e3o Speedfit para tubos de 15 mm. Esta conex\u00e3o de press\u00e3o \u00e9 isenta de chumbo, n\u00e3o t\u00f3xica e livre de ac\u00famulos de calc\u00e1rio e corros\u00e3o. Para instalar, basta empurrar totalmente a conex\u00e3o no tubo e girar a porca pl\u00e1stica no sentido hor\u00e1rio para trav\u00e1-la no lugar. Para remover a conex\u00e3o, destrave a porca e empurre o collet em dire\u00e7\u00e3o ao corpo da conex\u00e3o enquanto puxa o tubo para liber\u00e1-lo. A conex\u00e3o de press\u00e3o facilita a instala\u00e7\u00e3o em espa\u00e7os apertados e o tempo de instala\u00e7\u00e3o pode ser reduzido em cerca de 40% em compara\u00e7\u00e3o com os m\u00e9todos de fixa\u00e7\u00e3o padr\u00e3o.<\/p>\n","protected":false},"excerpt":{"rendered":"<p>Encaixe do conector do tubo JG Speedfit para tubo de 15mm (3\/4&#8243; BSP Feminino) &#8211; A conex\u00e3o de pl\u00e1stico de<\/p>\n","protected":false},"featured_media":5944792,"comment_status":"closed","ping_status":"closed","template":"","meta":[],"product_brand":[3427],"product_cat":[1948],"product_tag":[],"class_list":{"0":"post-3698257","1":"product","2":"type-product","3":"status-publish","4":"has-post-thumbnail","6":"product_brand-speedfit-pt","7":"product_cat-acessorios-para-canalizacao-de-plastico","9":"first","10":"instock","11":"shipping-taxable","12":"purchasable","13":"product-type-simple"},"_links":{"self":[{"href":"https:\/\/stoic-curie.212-227-153-4.plesk.page\/pt\/wp-json\/wp\/v2\/product\/3698257","targetHints":{"allow":["GET"]}}],"collection":[{"href":"https:\/\/stoic-curie.212-227-153-4.plesk.page\/pt\/wp-json\/wp\/v2\/product"}],"about":[{"href":"https:\/\/stoic-curie.212-227-153-4.plesk.page\/pt\/wp-json\/wp\/v2\/types\/product"}],"replies":[{"embeddable":true,"href":"https:\/\/stoic-curie.212-227-153-4.plesk.page\/pt\/wp-json\/wp\/v2\/comments?post=3698257"}],"version-history":[{"count":0,"href":"https:\/\/stoic-curie.212-227-153-4.plesk.page\/pt\/wp-json\/wp\/v2\/product\/3698257\/revisions"}],"wp:featuredmedia":[{"embeddable":true,"href":"https:\/\/stoic-curie.212-227-153-4.plesk.page\/pt\/wp-json\/wp\/v2\/media\/5944792"}],"wp:attachment":[{"href":"https:\/\/stoic-curie.212-227-153-4.plesk.page\/pt\/wp-json\/wp\/v2\/media?parent=3698257"}],"wp:term":[{"taxonomy":"product_brand","embeddable":true,"href":"https:\/\/stoic-curie.212-227-153-4.plesk.page\/pt\/wp-json\/wp\/v2\/product_brand?post=3698257"},{"taxonomy":"product_cat","embeddable":true,"href":"https:\/\/stoic-curie.212-227-153-4.plesk.page\/pt\/wp-json\/wp\/v2\/product_cat?post=3698257"},{"taxonomy":"product_tag","embeddable":true,"href":"https:\/\/stoic-curie.212-227-153-4.plesk.page\/pt\/wp-json\/wp\/v2\/product_tag?post=3698257"}],"curies":[{"name":"wp","href":"https:\/\/api.w.org\/{rel}","templated":true}]}}