{"id":3698258,"date":"2025-10-13T14:15:40","date_gmt":"2025-10-13T18:15:40","guid":{"rendered":"https:\/\/stoic-curie.212-227-153-4.plesk.page\/product\/encaixe-da-insercao-do-tubo-jg-speedfit-para-tubo-de-15mm\/"},"modified":"2026-02-25T00:28:10","modified_gmt":"2026-02-25T00:28:10","slug":"encaixe-da-insercao-do-tubo-jg-speedfit-para-tubo-de-15mm","status":"publish","type":"product","link":"https:\/\/stoic-curie.212-227-153-4.plesk.page\/pt\/product\/encaixe-da-insercao-do-tubo-jg-speedfit-para-tubo-de-15mm\/","title":{"rendered":"Encaixe da inser\u00e7\u00e3o do tubo JG Speedfit para tubo de 15mm"},"content":{"rendered":"<p>Encaixe da inser\u00e7\u00e3o do tubo JG Speedfit para tubo de 15mm &#8211; <\/p>\n<div class=\"col-24 col-md-15\">\n<p>O inserto para tubo Speedfit da John Guest \u00e9 utilizado para conectar tubos Speedfit a um encaixe Speedfit ou para conectar tubos Speedfit a um encaixe de compress\u00e3o. Este inserto para tubo Speedfit \u00e9 adequado para tubos de 15 mm.<\/p>\n<\/div>\n<h3>Especifica\u00e7\u00f5es<\/h3>\n<table class=\"table\">\n<tbody>\n<tr>\n<td><strong>Marca<\/strong><\/td>\n<td>JG Speedfit<\/td>\n<\/tr>\n<tr>\n<td><strong>Conex\u00e3o<\/strong><\/td>\n<td>Conex\u00e3o Push-Fit<\/td>\n<\/tr>\n<tr>\n<td><strong>Pa\u00eds de origem<\/strong><\/td>\n<td>Reino Unido<\/td>\n<\/tr>\n<tr>\n<td><strong>Constru\u00e7\u00e3o<\/strong><\/td>\n<td>Pl\u00e1stico<\/td>\n<\/tr>\n<tr>\n<td><strong>Di\u00e2metro<\/strong><\/td>\n<td>Para tubos de 15 mm<\/td>\n<\/tr>\n<\/tbody>\n<\/table>\n","protected":false},"excerpt":{"rendered":"<p>Encaixe da inser\u00e7\u00e3o do tubo JG Speedfit para tubo de 15mm &#8211; O inserto para tubo Speedfit da John Guest<\/p>\n","protected":false},"featured_media":5944794,"comment_status":"closed","ping_status":"closed","template":"","meta":[],"product_brand":[3427],"product_cat":[1948],"product_tag":[],"class_list":{"0":"post-3698258","1":"product","2":"type-product","3":"status-publish","4":"has-post-thumbnail","6":"product_brand-speedfit-pt","7":"product_cat-acessorios-para-canalizacao-de-plastico","9":"first","10":"instock","11":"shipping-taxable","12":"purchasable","13":"product-type-simple"},"_links":{"self":[{"href":"https:\/\/stoic-curie.212-227-153-4.plesk.page\/pt\/wp-json\/wp\/v2\/product\/3698258","targetHints":{"allow":["GET"]}}],"collection":[{"href":"https:\/\/stoic-curie.212-227-153-4.plesk.page\/pt\/wp-json\/wp\/v2\/product"}],"about":[{"href":"https:\/\/stoic-curie.212-227-153-4.plesk.page\/pt\/wp-json\/wp\/v2\/types\/product"}],"replies":[{"embeddable":true,"href":"https:\/\/stoic-curie.212-227-153-4.plesk.page\/pt\/wp-json\/wp\/v2\/comments?post=3698258"}],"version-history":[{"count":0,"href":"https:\/\/stoic-curie.212-227-153-4.plesk.page\/pt\/wp-json\/wp\/v2\/product\/3698258\/revisions"}],"wp:featuredmedia":[{"embeddable":true,"href":"https:\/\/stoic-curie.212-227-153-4.plesk.page\/pt\/wp-json\/wp\/v2\/media\/5944794"}],"wp:attachment":[{"href":"https:\/\/stoic-curie.212-227-153-4.plesk.page\/pt\/wp-json\/wp\/v2\/media?parent=3698258"}],"wp:term":[{"taxonomy":"product_brand","embeddable":true,"href":"https:\/\/stoic-curie.212-227-153-4.plesk.page\/pt\/wp-json\/wp\/v2\/product_brand?post=3698258"},{"taxonomy":"product_cat","embeddable":true,"href":"https:\/\/stoic-curie.212-227-153-4.plesk.page\/pt\/wp-json\/wp\/v2\/product_cat?post=3698258"},{"taxonomy":"product_tag","embeddable":true,"href":"https:\/\/stoic-curie.212-227-153-4.plesk.page\/pt\/wp-json\/wp\/v2\/product_tag?post=3698258"}],"curies":[{"name":"wp","href":"https:\/\/api.w.org\/{rel}","templated":true}]}}