{"id":3698259,"date":"2025-10-13T14:15:40","date_gmt":"2025-10-13T18:15:40","guid":{"rendered":"https:\/\/stoic-curie.212-227-153-4.plesk.page\/product\/maestrini-chromed-brass-shell-tank-vent-com-gaze-3-8-bsp\/"},"modified":"2026-02-25T00:28:10","modified_gmt":"2026-02-25T00:28:10","slug":"maestrini-chromed-brass-shell-tank-vent-com-gaze-3-8-bsp","status":"publish","type":"product","link":"https:\/\/stoic-curie.212-227-153-4.plesk.page\/pt\/product\/maestrini-chromed-brass-shell-tank-vent-com-gaze-3-8-bsp\/","title":{"rendered":"Maestrini Chromed Brass Shell Tank Vent com gaze (3\/8&#8243; BSP)"},"content":{"rendered":"<p>Maestrini Chromed Brass Shell Tank Vent com gaze (3\/8&#8243; BSP) &#8211; V\u00e1lvula de ventila\u00e7\u00e3o de tanque feita de lat\u00e3o cromado, adequada para uso como ventila\u00e7\u00e3o de passagem para tanques de combust\u00edvel, tanques de \u00e1gua doce e tanques de reten\u00e7\u00e3o. A v\u00e1lvula de tanque rosqueada vem completa com uma tela \u00e0 prova de chamas de a\u00e7o inoxid\u00e1vel, bem como uma porca e uma arruela de lat\u00e3o. <\/p>\n<h3>Especifica\u00e7\u00f5es<\/h3>\n<table class='table'>\n<tbody>\n<tr>\n<td><strong>Comprimento<\/strong><\/td>\n<td>Total: 91,5 mm, Carca\u00e7a: 57 mm, Rosca: 70,5 mm<\/td>\n<\/tr>\n<tr>\n<td><strong>Largura<\/strong><\/td>\n<td>Largura m\u00e1xima da carca\u00e7a: 35 mm<\/td>\n<\/tr>\n<tr>\n<td><strong>Marca<\/strong><\/td>\n<td>Maestrini<\/td>\n<\/tr>\n<tr>\n<td><strong>Pa\u00eds de Origem<\/strong><\/td>\n<td>It\u00e1lia<\/td>\n<\/tr>\n<tr>\n<td><strong>Impedimento de Chamas<\/strong><\/td>\n<td>Sim<\/td>\n<\/tr>\n<tr>\n<td><strong>Constru\u00e7\u00e3o<\/strong><\/td>\n<td>Lat\u00e3o Cromado<\/td>\n<\/tr>\n<tr>\n<td><strong>Classifica\u00e7\u00e3o de Press\u00e3o<\/strong><\/td>\n<td>580 PSI (40 Bar)<\/td>\n<\/tr>\n<tr>\n<td><strong>Substitui<\/strong><\/td>\n<td>V\u00e1lvula do Tanque 305200.<\/td>\n<\/tr>\n<tr>\n<td><strong>Forma<\/strong><\/td>\n<td>Reta<\/td>\n<\/tr>\n<tr>\n<td><strong>Tamanho da Rosca<\/strong><\/td>\n<td>3\/8&#8243; BSP Macho<\/td>\n<\/tr>\n<\/tbody>\n<\/table>\n","protected":false},"excerpt":{"rendered":"<p>Maestrini Chromed Brass Shell Tank Vent com gaze (3\/8&#8243; BSP) &#8211; V\u00e1lvula de ventila\u00e7\u00e3o de tanque feita de lat\u00e3o cromado,<\/p>\n","protected":false},"featured_media":5944796,"comment_status":"closed","ping_status":"closed","template":"","meta":[],"product_brand":[3237],"product_cat":[1986,2087],"product_tag":[],"class_list":{"0":"post-3698259","1":"product","2":"type-product","3":"status-publish","4":"has-post-thumbnail","6":"product_brand-osculati-pt","7":"product_cat-respiradores","8":"product_cat-tanques-de-combustivel","10":"first","11":"instock","12":"shipping-taxable","13":"purchasable","14":"product-type-simple"},"_links":{"self":[{"href":"https:\/\/stoic-curie.212-227-153-4.plesk.page\/pt\/wp-json\/wp\/v2\/product\/3698259","targetHints":{"allow":["GET"]}}],"collection":[{"href":"https:\/\/stoic-curie.212-227-153-4.plesk.page\/pt\/wp-json\/wp\/v2\/product"}],"about":[{"href":"https:\/\/stoic-curie.212-227-153-4.plesk.page\/pt\/wp-json\/wp\/v2\/types\/product"}],"replies":[{"embeddable":true,"href":"https:\/\/stoic-curie.212-227-153-4.plesk.page\/pt\/wp-json\/wp\/v2\/comments?post=3698259"}],"version-history":[{"count":0,"href":"https:\/\/stoic-curie.212-227-153-4.plesk.page\/pt\/wp-json\/wp\/v2\/product\/3698259\/revisions"}],"wp:featuredmedia":[{"embeddable":true,"href":"https:\/\/stoic-curie.212-227-153-4.plesk.page\/pt\/wp-json\/wp\/v2\/media\/5944796"}],"wp:attachment":[{"href":"https:\/\/stoic-curie.212-227-153-4.plesk.page\/pt\/wp-json\/wp\/v2\/media?parent=3698259"}],"wp:term":[{"taxonomy":"product_brand","embeddable":true,"href":"https:\/\/stoic-curie.212-227-153-4.plesk.page\/pt\/wp-json\/wp\/v2\/product_brand?post=3698259"},{"taxonomy":"product_cat","embeddable":true,"href":"https:\/\/stoic-curie.212-227-153-4.plesk.page\/pt\/wp-json\/wp\/v2\/product_cat?post=3698259"},{"taxonomy":"product_tag","embeddable":true,"href":"https:\/\/stoic-curie.212-227-153-4.plesk.page\/pt\/wp-json\/wp\/v2\/product_tag?post=3698259"}],"curies":[{"name":"wp","href":"https:\/\/api.w.org\/{rel}","templated":true}]}}