{"id":3698263,"date":"2025-10-13T14:15:41","date_gmt":"2025-10-13T18:15:41","guid":{"rendered":"https:\/\/stoic-curie.212-227-153-4.plesk.page\/product\/maestrini-chromed-brass-shell-tank-vent-com-gaze-1-1-4-bsp\/"},"modified":"2026-02-25T00:28:10","modified_gmt":"2026-02-25T00:28:10","slug":"maestrini-chromed-brass-shell-tank-vent-com-gaze-1-1-4-bsp","status":"publish","type":"product","link":"https:\/\/stoic-curie.212-227-153-4.plesk.page\/pt\/product\/maestrini-chromed-brass-shell-tank-vent-com-gaze-1-1-4-bsp\/","title":{"rendered":"Maestrini Chromed Brass Shell Tank Vent com gaze (1-1\/4&#8243; BSP)"},"content":{"rendered":"<p>Maestrini Chromed Brass Shell Tank Vent com gaze (1-1\/4&#8243; BSP) &#8211; O ventil do tanque Maestrini \u00e9 feito de lat\u00e3o cromado e \u00e9 apropriado para uso como um ventil de passagem para tanques de combust\u00edvel, tanques de \u00e1gua pot\u00e1vel e tanques de reten\u00e7\u00e3o. O ventil do tanque roscado \u00e9 fornecido completo com uma tela \u00e0 prova de chamas de a\u00e7o inoxid\u00e1vel, bem como uma porca e arruela de fixa\u00e7\u00e3o de lat\u00e3o. <\/p>\n<h3>Especifica\u00e7\u00f5es<\/h3>\n<table class=\"table\">\n<tbody>\n<tr>\n<td><strong>Comprimento<\/strong><\/td>\n<td>No total: 104,5 mm, Rosca: 78,5 mm<\/td>\n<\/tr>\n<tr>\n<td><strong>Marca<\/strong><\/td>\n<td>Maestrini<\/td>\n<\/tr>\n<tr>\n<td><strong>Pa\u00eds de origem<\/strong><\/td>\n<td>It\u00e1lia<\/td>\n<\/tr>\n<tr>\n<td><strong>Armadilha de chama<\/strong><\/td>\n<td>Sim<\/td>\n<\/tr>\n<tr>\n<td><strong>Constru\u00e7\u00e3o<\/strong><\/td>\n<td>Lat\u00e3o cromado<\/td>\n<\/tr>\n<tr>\n<td><strong>Avalia\u00e7\u00e3o de press\u00e3o<\/strong><\/td>\n<td>363 PSI (25 Bar)<\/td>\n<\/tr>\n<tr>\n<td><strong>Formato<\/strong><\/td>\n<td>Direto<\/td>\n<\/tr>\n<tr>\n<td><strong>Tamanho do fio<\/strong><\/td>\n<td>1-1\/4&#8243; BSP Macho<\/td>\n<\/tr>\n<\/tbody>\n<\/table>\n","protected":false},"excerpt":{"rendered":"<p>Maestrini Chromed Brass Shell Tank Vent com gaze (1-1\/4&#8243; BSP) &#8211; O ventil do tanque Maestrini \u00e9 feito de lat\u00e3o<\/p>\n","protected":false},"featured_media":5944804,"comment_status":"closed","ping_status":"closed","template":"","meta":[],"product_brand":[3237],"product_cat":[1986,2087],"product_tag":[],"class_list":{"0":"post-3698263","1":"product","2":"type-product","3":"status-publish","4":"has-post-thumbnail","6":"product_brand-osculati-pt","7":"product_cat-respiradores","8":"product_cat-tanques-de-combustivel","10":"first","11":"instock","12":"shipping-taxable","13":"purchasable","14":"product-type-simple"},"_links":{"self":[{"href":"https:\/\/stoic-curie.212-227-153-4.plesk.page\/pt\/wp-json\/wp\/v2\/product\/3698263","targetHints":{"allow":["GET"]}}],"collection":[{"href":"https:\/\/stoic-curie.212-227-153-4.plesk.page\/pt\/wp-json\/wp\/v2\/product"}],"about":[{"href":"https:\/\/stoic-curie.212-227-153-4.plesk.page\/pt\/wp-json\/wp\/v2\/types\/product"}],"replies":[{"embeddable":true,"href":"https:\/\/stoic-curie.212-227-153-4.plesk.page\/pt\/wp-json\/wp\/v2\/comments?post=3698263"}],"version-history":[{"count":0,"href":"https:\/\/stoic-curie.212-227-153-4.plesk.page\/pt\/wp-json\/wp\/v2\/product\/3698263\/revisions"}],"wp:featuredmedia":[{"embeddable":true,"href":"https:\/\/stoic-curie.212-227-153-4.plesk.page\/pt\/wp-json\/wp\/v2\/media\/5944804"}],"wp:attachment":[{"href":"https:\/\/stoic-curie.212-227-153-4.plesk.page\/pt\/wp-json\/wp\/v2\/media?parent=3698263"}],"wp:term":[{"taxonomy":"product_brand","embeddable":true,"href":"https:\/\/stoic-curie.212-227-153-4.plesk.page\/pt\/wp-json\/wp\/v2\/product_brand?post=3698263"},{"taxonomy":"product_cat","embeddable":true,"href":"https:\/\/stoic-curie.212-227-153-4.plesk.page\/pt\/wp-json\/wp\/v2\/product_cat?post=3698263"},{"taxonomy":"product_tag","embeddable":true,"href":"https:\/\/stoic-curie.212-227-153-4.plesk.page\/pt\/wp-json\/wp\/v2\/product_tag?post=3698263"}],"curies":[{"name":"wp","href":"https:\/\/api.w.org\/{rel}","templated":true}]}}