{"id":3698264,"date":"2025-10-13T14:15:41","date_gmt":"2025-10-13T18:15:41","guid":{"rendered":"https:\/\/stoic-curie.212-227-153-4.plesk.page\/product\/maestrini-chromed-brass-shell-tank-vent-com-gaze-1-1-2-bsp\/"},"modified":"2026-02-25T00:28:10","modified_gmt":"2026-02-25T00:28:10","slug":"maestrini-chromed-brass-shell-tank-vent-com-gaze-1-1-2-bsp","status":"publish","type":"product","link":"https:\/\/stoic-curie.212-227-153-4.plesk.page\/pt\/product\/maestrini-chromed-brass-shell-tank-vent-com-gaze-1-1-2-bsp\/","title":{"rendered":"Maestrini Chromed Brass Shell Tank Vent com gaze (1-1\/2&#8243; BSP)"},"content":{"rendered":"<p>Maestrini Chromed Brass Shell Tank Vent com gaze (1-1\/2&#8243; BSP) &#8211; O ventil de tanque Maestrini \u00e9 feito de lat\u00e3o cromado e \u00e9 adequado para uso como ventil de passagem para tanques de combust\u00edvel, tanques de \u00e1gua pot\u00e1vel e tanques de reten\u00e7\u00e3o. O ventil rosqueado vem completo com uma rede de a\u00e7o inoxid\u00e1vel \u00e0 prova de chama, bem como uma porca e arruela de lat\u00e3o.<\/p>\n<p>Especifica\u00e7\u00f5es:<br \/>\n&#8211; Comprimento: Total: 112mm, Rosca: 79,5mm<br \/>\n&#8211; Marca: Maestrini<br \/>\n&#8211; Pa\u00eds de Origem: It\u00e1lia<br \/>\n&#8211; Limitador de chama: Sim<br \/>\n&#8211; Constru\u00e7\u00e3o: Lat\u00e3o Cromado<br \/>\n&#8211; Classifica\u00e7\u00e3o de Press\u00e3o: 363 PSI (25 Bar)<br \/>\n&#8211; Forma: Reta<br \/>\n&#8211; Tamanho do Rosqueado: 1-1\/2&#8243; BSP Macho<\/p>\n","protected":false},"excerpt":{"rendered":"<p>Maestrini Chromed Brass Shell Tank Vent com gaze (1-1\/2&#8243; BSP) &#8211; O ventil de tanque Maestrini \u00e9 feito de lat\u00e3o<\/p>\n","protected":false},"featured_media":5944806,"comment_status":"closed","ping_status":"closed","template":"","meta":[],"product_brand":[3237],"product_cat":[1986,2087],"product_tag":[],"class_list":{"0":"post-3698264","1":"product","2":"type-product","3":"status-publish","4":"has-post-thumbnail","6":"product_brand-osculati-pt","7":"product_cat-respiradores","8":"product_cat-tanques-de-combustivel","10":"first","11":"instock","12":"shipping-taxable","13":"purchasable","14":"product-type-simple"},"_links":{"self":[{"href":"https:\/\/stoic-curie.212-227-153-4.plesk.page\/pt\/wp-json\/wp\/v2\/product\/3698264","targetHints":{"allow":["GET"]}}],"collection":[{"href":"https:\/\/stoic-curie.212-227-153-4.plesk.page\/pt\/wp-json\/wp\/v2\/product"}],"about":[{"href":"https:\/\/stoic-curie.212-227-153-4.plesk.page\/pt\/wp-json\/wp\/v2\/types\/product"}],"replies":[{"embeddable":true,"href":"https:\/\/stoic-curie.212-227-153-4.plesk.page\/pt\/wp-json\/wp\/v2\/comments?post=3698264"}],"version-history":[{"count":0,"href":"https:\/\/stoic-curie.212-227-153-4.plesk.page\/pt\/wp-json\/wp\/v2\/product\/3698264\/revisions"}],"wp:featuredmedia":[{"embeddable":true,"href":"https:\/\/stoic-curie.212-227-153-4.plesk.page\/pt\/wp-json\/wp\/v2\/media\/5944806"}],"wp:attachment":[{"href":"https:\/\/stoic-curie.212-227-153-4.plesk.page\/pt\/wp-json\/wp\/v2\/media?parent=3698264"}],"wp:term":[{"taxonomy":"product_brand","embeddable":true,"href":"https:\/\/stoic-curie.212-227-153-4.plesk.page\/pt\/wp-json\/wp\/v2\/product_brand?post=3698264"},{"taxonomy":"product_cat","embeddable":true,"href":"https:\/\/stoic-curie.212-227-153-4.plesk.page\/pt\/wp-json\/wp\/v2\/product_cat?post=3698264"},{"taxonomy":"product_tag","embeddable":true,"href":"https:\/\/stoic-curie.212-227-153-4.plesk.page\/pt\/wp-json\/wp\/v2\/product_tag?post=3698264"}],"curies":[{"name":"wp","href":"https:\/\/api.w.org\/{rel}","templated":true}]}}