{"id":3698266,"date":"2025-10-13T14:15:41","date_gmt":"2025-10-13T18:15:41","guid":{"rendered":"https:\/\/stoic-curie.212-227-153-4.plesk.page\/product\/rolamento-do-eixo-de-prop-da-driveforce-jeanneau-22-x-36-x-80mm\/"},"modified":"2026-02-25T00:28:10","modified_gmt":"2026-02-25T00:28:10","slug":"rolamento-do-eixo-de-prop-da-driveforce-jeanneau-22-x-36-x-80mm","status":"publish","type":"product","link":"https:\/\/stoic-curie.212-227-153-4.plesk.page\/pt\/product\/rolamento-do-eixo-de-prop-da-driveforce-jeanneau-22-x-36-x-80mm\/","title":{"rendered":"Rolamento do eixo de prop da DriveForce Jeanneau (22 x 36 x 80mm)"},"content":{"rendered":"<p>Rolamento do eixo de prop da DriveForce Jeanneau (22 x 36 x 80mm) &#8211; Manga de suporte de substitui\u00e7\u00e3o projetada para substituir o suporte de eixo de h\u00e9lice especial, instalado em muitos barcos de vela Beneteau, Jeanneau e Dufour. Este suporte \u00e9 fornecido completo com 2 parafusos de localiza\u00e7\u00e3o n\u00e3o met\u00e1licos. Este suporte \u00e9 para um eixo de h\u00e9lice de 22 mm de di\u00e2metro e mede 36 mm de di\u00e2metro externo x 80 mm de comprimento. (7 mm de espessura) <\/p>\n<p>Especifica\u00e7\u00f5es: <\/p>\n<p>&#8211; Comprimento: 80 mm<br \/>\n&#8211; Marca: Drive Force<br \/>\n&#8211; Tamanho do eixo: 22 mm<br \/>\n&#8211; Di\u00e2metro: OD: 36 mm<br \/>\n&#8211; Espessura: 7 mm<\/p>\n","protected":false},"excerpt":{"rendered":"<p>Rolamento do eixo de prop da DriveForce Jeanneau (22 x 36 x 80mm) &#8211; Manga de suporte de substitui\u00e7\u00e3o projetada<\/p>\n","protected":false},"featured_media":5944817,"comment_status":"closed","ping_status":"closed","template":"","meta":[],"product_brand":[3227],"product_cat":[2099],"product_tag":[],"class_list":{"0":"post-3698266","1":"product","2":"type-product","3":"status-publish","4":"has-post-thumbnail","6":"product_brand-orbitrade-marine-pt","7":"product_cat-rolamentos-do-veio-de-propulsao","9":"first","10":"instock","11":"shipping-taxable","12":"purchasable","13":"product-type-simple"},"_links":{"self":[{"href":"https:\/\/stoic-curie.212-227-153-4.plesk.page\/pt\/wp-json\/wp\/v2\/product\/3698266","targetHints":{"allow":["GET"]}}],"collection":[{"href":"https:\/\/stoic-curie.212-227-153-4.plesk.page\/pt\/wp-json\/wp\/v2\/product"}],"about":[{"href":"https:\/\/stoic-curie.212-227-153-4.plesk.page\/pt\/wp-json\/wp\/v2\/types\/product"}],"replies":[{"embeddable":true,"href":"https:\/\/stoic-curie.212-227-153-4.plesk.page\/pt\/wp-json\/wp\/v2\/comments?post=3698266"}],"version-history":[{"count":0,"href":"https:\/\/stoic-curie.212-227-153-4.plesk.page\/pt\/wp-json\/wp\/v2\/product\/3698266\/revisions"}],"wp:featuredmedia":[{"embeddable":true,"href":"https:\/\/stoic-curie.212-227-153-4.plesk.page\/pt\/wp-json\/wp\/v2\/media\/5944817"}],"wp:attachment":[{"href":"https:\/\/stoic-curie.212-227-153-4.plesk.page\/pt\/wp-json\/wp\/v2\/media?parent=3698266"}],"wp:term":[{"taxonomy":"product_brand","embeddable":true,"href":"https:\/\/stoic-curie.212-227-153-4.plesk.page\/pt\/wp-json\/wp\/v2\/product_brand?post=3698266"},{"taxonomy":"product_cat","embeddable":true,"href":"https:\/\/stoic-curie.212-227-153-4.plesk.page\/pt\/wp-json\/wp\/v2\/product_cat?post=3698266"},{"taxonomy":"product_tag","embeddable":true,"href":"https:\/\/stoic-curie.212-227-153-4.plesk.page\/pt\/wp-json\/wp\/v2\/product_tag?post=3698266"}],"curies":[{"name":"wp","href":"https:\/\/api.w.org\/{rel}","templated":true}]}}