{"id":3698267,"date":"2025-10-13T14:15:41","date_gmt":"2025-10-13T18:15:41","guid":{"rendered":"https:\/\/stoic-curie.212-227-153-4.plesk.page\/product\/rolamento-do-eixo-para-beneteau-jeanneau-25-x-36-x-100-mm\/"},"modified":"2026-02-25T00:28:10","modified_gmt":"2026-02-25T00:28:10","slug":"rolamento-do-eixo-para-beneteau-jeanneau-25-x-36-x-100-mm","status":"publish","type":"product","link":"https:\/\/stoic-curie.212-227-153-4.plesk.page\/pt\/product\/rolamento-do-eixo-para-beneteau-jeanneau-25-x-36-x-100-mm\/","title":{"rendered":"Rolamento do eixo para Beneteau Jeanneau (25 x 36 x 100 mm)"},"content":{"rendered":"<p>Rolamento do eixo para Beneteau Jeanneau (25 x 36 x 100 mm) &#8211; Manga de rolamento de eixo do h\u00e9lice de substitui\u00e7\u00e3o projetada para substituir o rolamento de eixo especial que \u00e9 instalado em muitos barcos \u00e0 vela Beneteau, Jeanneau e Dufour. Este rolamento \u00e9 fornecido completo com 2 parafusos de localiza\u00e7\u00e3o n\u00e3o met\u00e1licos. Este rolamento \u00e9 para eixos de h\u00e9lice com 25 mm de di\u00e2metro e mede 36 mm de di\u00e2metro externo por 100 mm de comprimento (espessura de 5,5 mm).<\/p>\n","protected":false},"excerpt":{"rendered":"<p>Rolamento do eixo para Beneteau Jeanneau (25 x 36 x 100 mm) &#8211; Manga de rolamento de eixo do h\u00e9lice<\/p>\n","protected":false},"featured_media":5944818,"comment_status":"closed","ping_status":"closed","template":"","meta":[],"product_brand":[3227],"product_cat":[2099],"product_tag":[],"class_list":{"0":"post-3698267","1":"product","2":"type-product","3":"status-publish","4":"has-post-thumbnail","6":"product_brand-orbitrade-marine-pt","7":"product_cat-rolamentos-do-veio-de-propulsao","9":"first","10":"instock","11":"shipping-taxable","12":"purchasable","13":"product-type-simple"},"_links":{"self":[{"href":"https:\/\/stoic-curie.212-227-153-4.plesk.page\/pt\/wp-json\/wp\/v2\/product\/3698267","targetHints":{"allow":["GET"]}}],"collection":[{"href":"https:\/\/stoic-curie.212-227-153-4.plesk.page\/pt\/wp-json\/wp\/v2\/product"}],"about":[{"href":"https:\/\/stoic-curie.212-227-153-4.plesk.page\/pt\/wp-json\/wp\/v2\/types\/product"}],"replies":[{"embeddable":true,"href":"https:\/\/stoic-curie.212-227-153-4.plesk.page\/pt\/wp-json\/wp\/v2\/comments?post=3698267"}],"version-history":[{"count":0,"href":"https:\/\/stoic-curie.212-227-153-4.plesk.page\/pt\/wp-json\/wp\/v2\/product\/3698267\/revisions"}],"wp:featuredmedia":[{"embeddable":true,"href":"https:\/\/stoic-curie.212-227-153-4.plesk.page\/pt\/wp-json\/wp\/v2\/media\/5944818"}],"wp:attachment":[{"href":"https:\/\/stoic-curie.212-227-153-4.plesk.page\/pt\/wp-json\/wp\/v2\/media?parent=3698267"}],"wp:term":[{"taxonomy":"product_brand","embeddable":true,"href":"https:\/\/stoic-curie.212-227-153-4.plesk.page\/pt\/wp-json\/wp\/v2\/product_brand?post=3698267"},{"taxonomy":"product_cat","embeddable":true,"href":"https:\/\/stoic-curie.212-227-153-4.plesk.page\/pt\/wp-json\/wp\/v2\/product_cat?post=3698267"},{"taxonomy":"product_tag","embeddable":true,"href":"https:\/\/stoic-curie.212-227-153-4.plesk.page\/pt\/wp-json\/wp\/v2\/product_tag?post=3698267"}],"curies":[{"name":"wp","href":"https:\/\/api.w.org\/{rel}","templated":true}]}}