{"id":3698271,"date":"2025-10-13T14:15:42","date_gmt":"2025-10-13T18:15:42","guid":{"rendered":"https:\/\/stoic-curie.212-227-153-4.plesk.page\/product\/terminal-ocular-do-cabo-da-bateria-eletrica-cabo-de-35mm-garanhao-de-10mm\/"},"modified":"2026-02-25T00:28:10","modified_gmt":"2026-02-25T00:28:10","slug":"terminal-ocular-do-cabo-da-bateria-eletrica-cabo-de-35mm-garanhao-de-10mm","status":"publish","type":"product","link":"https:\/\/stoic-curie.212-227-153-4.plesk.page\/pt\/product\/terminal-ocular-do-cabo-da-bateria-eletrica-cabo-de-35mm-garanhao-de-10mm\/","title":{"rendered":"Terminal ocular do cabo da bateria el\u00e9trica (cabo de 35mm \/ garanh\u00e3o de 10mm)"},"content":{"rendered":"<p>Terminal ocular do cabo da bateria el\u00e9trica (cabo de 35mm \/ garanh\u00e3o de 10mm) &#8211; Olhal de cabo de bateria constru\u00eddo em cobre estanhado, parte da linha el\u00e9trica. Este terminal usa uma fixa\u00e7\u00e3o em olho para se prender aos parafusos da bateria e tem uma entrada de cabo adequada para crimpagem ou soldagem. Apresenta um buraco de inspe\u00e7\u00e3o na parte frontal do terminal. Os terminais em olho devem sempre ser isolados com capas de terminais, das quais temos uma ampla variedade na linha VTE. <\/p>\n<p>Especifica\u00e7\u00f5es: <\/p>\n<p>&#8211; Comprimento: 48mm<br \/>\n&#8211; Largura: 18mm<br \/>\n&#8211; Marca: Electrical<br \/>\n&#8211; Tamanho da entrada do cabo do terminal em olho: 8.2mm<br \/>\n&#8211; Tamanho do parafuso do cabo em olho: 10mm<br \/>\n&#8211; Constru\u00e7\u00e3o: Cobre estanhado<\/p>\n","protected":false},"excerpt":{"rendered":"<p>Terminal ocular do cabo da bateria el\u00e9trica (cabo de 35mm \/ garanh\u00e3o de 10mm) &#8211; Olhal de cabo de bateria<\/p>\n","protected":false},"featured_media":5944826,"comment_status":"closed","ping_status":"closed","template":"","meta":[],"product_brand":[3217],"product_cat":[2039],"product_tag":[],"class_list":{"0":"post-3698271","1":"product","2":"type-product","3":"status-publish","4":"has-post-thumbnail","6":"product_brand-oceanflex-pt","7":"product_cat-terminais-e-cabos-de-bateria","9":"first","10":"instock","11":"shipping-taxable","12":"purchasable","13":"product-type-simple"},"_links":{"self":[{"href":"https:\/\/stoic-curie.212-227-153-4.plesk.page\/pt\/wp-json\/wp\/v2\/product\/3698271","targetHints":{"allow":["GET"]}}],"collection":[{"href":"https:\/\/stoic-curie.212-227-153-4.plesk.page\/pt\/wp-json\/wp\/v2\/product"}],"about":[{"href":"https:\/\/stoic-curie.212-227-153-4.plesk.page\/pt\/wp-json\/wp\/v2\/types\/product"}],"replies":[{"embeddable":true,"href":"https:\/\/stoic-curie.212-227-153-4.plesk.page\/pt\/wp-json\/wp\/v2\/comments?post=3698271"}],"version-history":[{"count":0,"href":"https:\/\/stoic-curie.212-227-153-4.plesk.page\/pt\/wp-json\/wp\/v2\/product\/3698271\/revisions"}],"wp:featuredmedia":[{"embeddable":true,"href":"https:\/\/stoic-curie.212-227-153-4.plesk.page\/pt\/wp-json\/wp\/v2\/media\/5944826"}],"wp:attachment":[{"href":"https:\/\/stoic-curie.212-227-153-4.plesk.page\/pt\/wp-json\/wp\/v2\/media?parent=3698271"}],"wp:term":[{"taxonomy":"product_brand","embeddable":true,"href":"https:\/\/stoic-curie.212-227-153-4.plesk.page\/pt\/wp-json\/wp\/v2\/product_brand?post=3698271"},{"taxonomy":"product_cat","embeddable":true,"href":"https:\/\/stoic-curie.212-227-153-4.plesk.page\/pt\/wp-json\/wp\/v2\/product_cat?post=3698271"},{"taxonomy":"product_tag","embeddable":true,"href":"https:\/\/stoic-curie.212-227-153-4.plesk.page\/pt\/wp-json\/wp\/v2\/product_tag?post=3698271"}],"curies":[{"name":"wp","href":"https:\/\/api.w.org\/{rel}","templated":true}]}}