{"id":3698276,"date":"2025-10-13T14:15:43","date_gmt":"2025-10-13T18:15:43","guid":{"rendered":"https:\/\/stoic-curie.212-227-153-4.plesk.page\/product\/terminal-ocular-do-cabo-da-bateria-eletrica-cabo-de-10mm-garanhao-de-6mm\/"},"modified":"2026-02-25T00:28:10","modified_gmt":"2026-02-25T00:28:10","slug":"terminal-ocular-do-cabo-da-bateria-eletrica-cabo-de-10mm-garanhao-de-6mm","status":"publish","type":"product","link":"https:\/\/stoic-curie.212-227-153-4.plesk.page\/pt\/product\/terminal-ocular-do-cabo-da-bateria-eletrica-cabo-de-10mm-garanhao-de-6mm\/","title":{"rendered":"Terminal ocular do cabo da bateria el\u00e9trica (cabo de 10mm \/ garanh\u00e3o de 6mm)"},"content":{"rendered":"<p>Terminal ocular do cabo da bateria el\u00e9trica (cabo de 10mm \/ garanh\u00e3o de 6mm) &#8211; Terminal ocular para cabo de bateria constru\u00eddo em cobre estanhado, parte da linha Electrical. Este terminal usa um fixador ocular para se prender aos parafusos da bateria e uma entrada de cabo adequada para crava\u00e7\u00e3o ou soldagem. Possui um orif\u00edcio de inspe\u00e7\u00e3o na frente do terminal. Os terminais oculares devem sempre ser isolados usando capas de terminal, das quais temos uma grande variedade em estoque da linha VTE. <\/p>\n<p>Especifica\u00e7\u00f5es:<br \/>\n&#8211; Comprimento: 25mm<br \/>\n&#8211; Largura: 10mm<br \/>\n&#8211; Marca: Electrical<br \/>\n&#8211; Tamanho da entrada do cabo do terminal ocular: 4.4mm<br \/>\n&#8211; Tamanho do parafuso ocular do cabo: 6mm<br \/>\n&#8211; Constru\u00e7\u00e3o: Cobre estanhado<\/p>\n","protected":false},"excerpt":{"rendered":"<p>Terminal ocular do cabo da bateria el\u00e9trica (cabo de 10mm \/ garanh\u00e3o de 6mm) &#8211; Terminal ocular para cabo de<\/p>\n","protected":false},"featured_media":5944832,"comment_status":"closed","ping_status":"closed","template":"","meta":[],"product_brand":[3217],"product_cat":[2039],"product_tag":[],"class_list":{"0":"post-3698276","1":"product","2":"type-product","3":"status-publish","4":"has-post-thumbnail","6":"product_brand-oceanflex-pt","7":"product_cat-terminais-e-cabos-de-bateria","9":"first","10":"instock","11":"shipping-taxable","12":"purchasable","13":"product-type-simple"},"_links":{"self":[{"href":"https:\/\/stoic-curie.212-227-153-4.plesk.page\/pt\/wp-json\/wp\/v2\/product\/3698276","targetHints":{"allow":["GET"]}}],"collection":[{"href":"https:\/\/stoic-curie.212-227-153-4.plesk.page\/pt\/wp-json\/wp\/v2\/product"}],"about":[{"href":"https:\/\/stoic-curie.212-227-153-4.plesk.page\/pt\/wp-json\/wp\/v2\/types\/product"}],"replies":[{"embeddable":true,"href":"https:\/\/stoic-curie.212-227-153-4.plesk.page\/pt\/wp-json\/wp\/v2\/comments?post=3698276"}],"version-history":[{"count":0,"href":"https:\/\/stoic-curie.212-227-153-4.plesk.page\/pt\/wp-json\/wp\/v2\/product\/3698276\/revisions"}],"wp:featuredmedia":[{"embeddable":true,"href":"https:\/\/stoic-curie.212-227-153-4.plesk.page\/pt\/wp-json\/wp\/v2\/media\/5944832"}],"wp:attachment":[{"href":"https:\/\/stoic-curie.212-227-153-4.plesk.page\/pt\/wp-json\/wp\/v2\/media?parent=3698276"}],"wp:term":[{"taxonomy":"product_brand","embeddable":true,"href":"https:\/\/stoic-curie.212-227-153-4.plesk.page\/pt\/wp-json\/wp\/v2\/product_brand?post=3698276"},{"taxonomy":"product_cat","embeddable":true,"href":"https:\/\/stoic-curie.212-227-153-4.plesk.page\/pt\/wp-json\/wp\/v2\/product_cat?post=3698276"},{"taxonomy":"product_tag","embeddable":true,"href":"https:\/\/stoic-curie.212-227-153-4.plesk.page\/pt\/wp-json\/wp\/v2\/product_tag?post=3698276"}],"curies":[{"name":"wp","href":"https:\/\/api.w.org\/{rel}","templated":true}]}}