{"id":3698277,"date":"2025-10-13T14:15:43","date_gmt":"2025-10-13T18:15:43","guid":{"rendered":"https:\/\/stoic-curie.212-227-153-4.plesk.page\/product\/terminal-ocular-do-cabo-da-bateria-eletrica-cabo-de-10mm-garanhao-de-8mm\/"},"modified":"2026-02-25T00:28:10","modified_gmt":"2026-02-25T00:28:10","slug":"terminal-ocular-do-cabo-da-bateria-eletrica-cabo-de-10mm-garanhao-de-8mm","status":"publish","type":"product","link":"https:\/\/stoic-curie.212-227-153-4.plesk.page\/pt\/product\/terminal-ocular-do-cabo-da-bateria-eletrica-cabo-de-10mm-garanhao-de-8mm\/","title":{"rendered":"Terminal ocular do cabo da bateria el\u00e9trica (cabo de 10mm \/ garanh\u00e3o de 8mm)"},"content":{"rendered":"<p>Terminal ocular do cabo da bateria el\u00e9trica (cabo de 10mm \/ garanh\u00e3o de 8mm) &#8211; <\/p>\n<div class=\"col-24 col-md-15\">\n<p>O terminal do cabo da bateria \u00e9 constru\u00eddo a partir de cobre estanhado e faz parte da nossa gama el\u00e9trica. Este terminal usa uma fixa\u00e7\u00e3o em forma de olho para assegurar a conex\u00e3o aos parafusos da bateria e possui uma entrada de cabo adequada para crimpagem ou soldagem. H\u00e1 um buraco de inspe\u00e7\u00e3o na frente do terminal.<\/p>\n<p>Os terminais em olhal devem sempre ser isolados usando capas de terminais, das quais temos uma grande variedade da gama VTE.<\/p>\n<\/div>\n<h3>Especifica\u00e7\u00f5es<\/h3>\n<table class=\"table\">\n<tbody>\n<tr>\n<td><strong>Comprimento<\/strong><\/td>\n<td>29mm<\/td>\n<\/tr>\n<tr>\n<td><strong>Largura<\/strong><\/td>\n<td>12mm<\/td>\n<\/tr>\n<tr>\n<td><strong>Marca<\/strong><\/td>\n<td>Electrical<\/td>\n<\/tr>\n<tr>\n<td><strong>Tamanho da entrada do cabo em olhos<\/strong><\/td>\n<td>4.4mm<\/td>\n<\/tr>\n<tr>\n<td><strong>Tamanho do parafuso do cabo em olhos<\/strong><\/td>\n<td>8mm<\/td>\n<\/tr>\n<tr>\n<td><strong>Constru\u00e7\u00e3o<\/strong><\/td>\n<td>Cobre Estanhado<\/td>\n<\/tr>\n<\/tbody>\n<\/table>\n","protected":false},"excerpt":{"rendered":"<p>Terminal ocular do cabo da bateria el\u00e9trica (cabo de 10mm \/ garanh\u00e3o de 8mm) &#8211; O terminal do cabo da<\/p>\n","protected":false},"featured_media":5944833,"comment_status":"closed","ping_status":"closed","template":"","meta":[],"product_brand":[3217],"product_cat":[2039],"product_tag":[],"class_list":{"0":"post-3698277","1":"product","2":"type-product","3":"status-publish","4":"has-post-thumbnail","6":"product_brand-oceanflex-pt","7":"product_cat-terminais-e-cabos-de-bateria","9":"first","10":"instock","11":"shipping-taxable","12":"purchasable","13":"product-type-simple"},"_links":{"self":[{"href":"https:\/\/stoic-curie.212-227-153-4.plesk.page\/pt\/wp-json\/wp\/v2\/product\/3698277","targetHints":{"allow":["GET"]}}],"collection":[{"href":"https:\/\/stoic-curie.212-227-153-4.plesk.page\/pt\/wp-json\/wp\/v2\/product"}],"about":[{"href":"https:\/\/stoic-curie.212-227-153-4.plesk.page\/pt\/wp-json\/wp\/v2\/types\/product"}],"replies":[{"embeddable":true,"href":"https:\/\/stoic-curie.212-227-153-4.plesk.page\/pt\/wp-json\/wp\/v2\/comments?post=3698277"}],"version-history":[{"count":0,"href":"https:\/\/stoic-curie.212-227-153-4.plesk.page\/pt\/wp-json\/wp\/v2\/product\/3698277\/revisions"}],"wp:featuredmedia":[{"embeddable":true,"href":"https:\/\/stoic-curie.212-227-153-4.plesk.page\/pt\/wp-json\/wp\/v2\/media\/5944833"}],"wp:attachment":[{"href":"https:\/\/stoic-curie.212-227-153-4.plesk.page\/pt\/wp-json\/wp\/v2\/media?parent=3698277"}],"wp:term":[{"taxonomy":"product_brand","embeddable":true,"href":"https:\/\/stoic-curie.212-227-153-4.plesk.page\/pt\/wp-json\/wp\/v2\/product_brand?post=3698277"},{"taxonomy":"product_cat","embeddable":true,"href":"https:\/\/stoic-curie.212-227-153-4.plesk.page\/pt\/wp-json\/wp\/v2\/product_cat?post=3698277"},{"taxonomy":"product_tag","embeddable":true,"href":"https:\/\/stoic-curie.212-227-153-4.plesk.page\/pt\/wp-json\/wp\/v2\/product_tag?post=3698277"}],"curies":[{"name":"wp","href":"https:\/\/api.w.org\/{rel}","templated":true}]}}