{"id":3698280,"date":"2025-10-13T14:15:44","date_gmt":"2025-10-13T18:15:44","guid":{"rendered":"https:\/\/stoic-curie.212-227-153-4.plesk.page\/product\/glandula-do-cabo-de-latao-cromado-eletrico-cabo-de-8mm-32mm-de-diametro\/"},"modified":"2026-02-25T00:28:10","modified_gmt":"2026-02-25T00:28:10","slug":"glandula-do-cabo-de-latao-cromado-eletrico-cabo-de-8mm-32mm-de-diametro","status":"publish","type":"product","link":"https:\/\/stoic-curie.212-227-153-4.plesk.page\/pt\/product\/glandula-do-cabo-de-latao-cromado-eletrico-cabo-de-8mm-32mm-de-diametro\/","title":{"rendered":"Gl\u00e2ndula do cabo de lat\u00e3o cromado el\u00e9trico (cabo de 8mm \/ 32mm de di\u00e2metro)"},"content":{"rendered":"<p>Gl\u00e2ndula do cabo de lat\u00e3o cromado el\u00e9trico (cabo de 8mm \/ 32mm de di\u00e2metro) &#8211; Bucha de cabo el\u00e9trico constru\u00edda em lat\u00e3o cromado. Esta bucha permite que cabos el\u00e9tricos, assim como outros tipos de cabos, passem atrav\u00e9s de divis\u00f3rias ou para o conv\u00e9s. A bucha de cabo apresenta um anel de veda\u00e7\u00e3o que atua como uma veda\u00e7\u00e3o \u00e0 prova d&#8217;\u00e1gua ao redor do cabo, bem como uma base de fixa\u00e7\u00e3o com tr\u00eas parafusos. <\/p>\n<h3>Especifica\u00e7\u00f5es<\/h3>\n<table class=\"table\">\n<tbody>\n<tr>\n<td><strong>Marca<\/strong><\/td>\n<td>El\u00e9trico<\/td>\n<\/tr>\n<tr>\n<td><strong>Cor<\/strong><\/td>\n<td>Cromada<\/td>\n<\/tr>\n<tr>\n<td><strong>\u00c0 prova d&#8217;\u00e1gua<\/strong><\/td>\n<td>Sim<\/td>\n<\/tr>\n<tr>\n<td><strong>Constru\u00e7\u00e3o<\/strong><\/td>\n<td>Lat\u00e3o Cromado<\/td>\n<\/tr>\n<tr>\n<td><strong>Di\u00e2metro<\/strong><\/td>\n<td>Base de 32 mm, Cabo de 8 mm<\/td>\n<\/tr>\n<\/tbody>\n<\/table>\n","protected":false},"excerpt":{"rendered":"<p>Gl\u00e2ndula do cabo de lat\u00e3o cromado el\u00e9trico (cabo de 8mm \/ 32mm de di\u00e2metro) &#8211; Bucha de cabo el\u00e9trico constru\u00edda<\/p>\n","protected":false},"featured_media":5944836,"comment_status":"closed","ping_status":"closed","template":"","meta":[],"product_brand":[3492],"product_cat":[2027],"product_tag":[],"class_list":{"0":"post-3698280","1":"product","2":"type-product","3":"status-publish","4":"has-post-thumbnail","6":"product_brand-trem-pt","7":"product_cat-acessorios-eletricos","9":"first","10":"instock","11":"shipping-taxable","12":"purchasable","13":"product-type-simple"},"_links":{"self":[{"href":"https:\/\/stoic-curie.212-227-153-4.plesk.page\/pt\/wp-json\/wp\/v2\/product\/3698280","targetHints":{"allow":["GET"]}}],"collection":[{"href":"https:\/\/stoic-curie.212-227-153-4.plesk.page\/pt\/wp-json\/wp\/v2\/product"}],"about":[{"href":"https:\/\/stoic-curie.212-227-153-4.plesk.page\/pt\/wp-json\/wp\/v2\/types\/product"}],"replies":[{"embeddable":true,"href":"https:\/\/stoic-curie.212-227-153-4.plesk.page\/pt\/wp-json\/wp\/v2\/comments?post=3698280"}],"version-history":[{"count":0,"href":"https:\/\/stoic-curie.212-227-153-4.plesk.page\/pt\/wp-json\/wp\/v2\/product\/3698280\/revisions"}],"wp:featuredmedia":[{"embeddable":true,"href":"https:\/\/stoic-curie.212-227-153-4.plesk.page\/pt\/wp-json\/wp\/v2\/media\/5944836"}],"wp:attachment":[{"href":"https:\/\/stoic-curie.212-227-153-4.plesk.page\/pt\/wp-json\/wp\/v2\/media?parent=3698280"}],"wp:term":[{"taxonomy":"product_brand","embeddable":true,"href":"https:\/\/stoic-curie.212-227-153-4.plesk.page\/pt\/wp-json\/wp\/v2\/product_brand?post=3698280"},{"taxonomy":"product_cat","embeddable":true,"href":"https:\/\/stoic-curie.212-227-153-4.plesk.page\/pt\/wp-json\/wp\/v2\/product_cat?post=3698280"},{"taxonomy":"product_tag","embeddable":true,"href":"https:\/\/stoic-curie.212-227-153-4.plesk.page\/pt\/wp-json\/wp\/v2\/product_tag?post=3698280"}],"curies":[{"name":"wp","href":"https:\/\/api.w.org\/{rel}","templated":true}]}}