{"id":3698282,"date":"2025-10-13T14:15:44","date_gmt":"2025-10-13T18:15:44","guid":{"rendered":"https:\/\/stoic-curie.212-227-153-4.plesk.page\/product\/glandula-do-cabo-de-entrada-dupla-branca-do-indice-indice-marine-cabos-de-3-a-6mm\/"},"modified":"2026-02-25T00:28:10","modified_gmt":"2026-02-25T00:28:10","slug":"glandula-do-cabo-de-entrada-dupla-branca-do-indice-indice-marine-cabos-de-3-a-6mm","status":"publish","type":"product","link":"https:\/\/stoic-curie.212-227-153-4.plesk.page\/pt\/product\/glandula-do-cabo-de-entrada-dupla-branca-do-indice-indice-marine-cabos-de-3-a-6mm\/","title":{"rendered":"Gl\u00e2ndula do cabo de entrada dupla branca do \u00edndice \u00cdndice Marine (cabos de 3 a 6mm)"},"content":{"rendered":"<p>Gl\u00e2ndula do cabo de entrada dupla branca do \u00edndice \u00cdndice Marine (cabos de 3 a 6mm) &#8211; Um gland de entrada lateral branco da gama Index Marine, este vedante duplo \u00e9 adequado para cabos de 2 x 3mm a 2 x 6mm. Este vedante horizontal foi projetado para funcionar nos ambientes mais hostis, tornando-o adequado para aplica\u00e7\u00f5es mar\u00edtimas, apoiado por uma classifica\u00e7\u00e3o IP68 \u00e0 prova d&#8217;\u00e1gua e poeira. O gland vem completo com 3 tamp\u00f5es pr\u00e9-moldados, com instala\u00e7\u00e3o f\u00e1cil e sem necessidade de furar.<\/p>\n","protected":false},"excerpt":{"rendered":"<p>Gl\u00e2ndula do cabo de entrada dupla branca do \u00edndice \u00cdndice Marine (cabos de 3 a 6mm) &#8211; Um gland de<\/p>\n","protected":false},"featured_media":5944838,"comment_status":"closed","ping_status":"closed","template":"","meta":[],"product_brand":[3237],"product_cat":[2027],"product_tag":[],"class_list":{"0":"post-3698282","1":"product","2":"type-product","3":"status-publish","4":"has-post-thumbnail","6":"product_brand-osculati-pt","7":"product_cat-acessorios-eletricos","9":"first","10":"instock","11":"shipping-taxable","12":"purchasable","13":"product-type-simple"},"_links":{"self":[{"href":"https:\/\/stoic-curie.212-227-153-4.plesk.page\/pt\/wp-json\/wp\/v2\/product\/3698282","targetHints":{"allow":["GET"]}}],"collection":[{"href":"https:\/\/stoic-curie.212-227-153-4.plesk.page\/pt\/wp-json\/wp\/v2\/product"}],"about":[{"href":"https:\/\/stoic-curie.212-227-153-4.plesk.page\/pt\/wp-json\/wp\/v2\/types\/product"}],"replies":[{"embeddable":true,"href":"https:\/\/stoic-curie.212-227-153-4.plesk.page\/pt\/wp-json\/wp\/v2\/comments?post=3698282"}],"version-history":[{"count":0,"href":"https:\/\/stoic-curie.212-227-153-4.plesk.page\/pt\/wp-json\/wp\/v2\/product\/3698282\/revisions"}],"wp:featuredmedia":[{"embeddable":true,"href":"https:\/\/stoic-curie.212-227-153-4.plesk.page\/pt\/wp-json\/wp\/v2\/media\/5944838"}],"wp:attachment":[{"href":"https:\/\/stoic-curie.212-227-153-4.plesk.page\/pt\/wp-json\/wp\/v2\/media?parent=3698282"}],"wp:term":[{"taxonomy":"product_brand","embeddable":true,"href":"https:\/\/stoic-curie.212-227-153-4.plesk.page\/pt\/wp-json\/wp\/v2\/product_brand?post=3698282"},{"taxonomy":"product_cat","embeddable":true,"href":"https:\/\/stoic-curie.212-227-153-4.plesk.page\/pt\/wp-json\/wp\/v2\/product_cat?post=3698282"},{"taxonomy":"product_tag","embeddable":true,"href":"https:\/\/stoic-curie.212-227-153-4.plesk.page\/pt\/wp-json\/wp\/v2\/product_tag?post=3698282"}],"curies":[{"name":"wp","href":"https:\/\/api.w.org\/{rel}","templated":true}]}}