{"id":3698283,"date":"2025-10-13T14:15:44","date_gmt":"2025-10-13T18:15:44","guid":{"rendered":"https:\/\/stoic-curie.212-227-153-4.plesk.page\/product\/cobertura-vte-234-cable-eye-terminal-entrada-vermelha-178-mm\/"},"modified":"2026-02-25T00:28:10","modified_gmt":"2026-02-25T00:28:10","slug":"cobertura-vte-234-cable-eye-terminal-entrada-vermelha-178-mm","status":"publish","type":"product","link":"https:\/\/stoic-curie.212-227-153-4.plesk.page\/pt\/product\/cobertura-vte-234-cable-eye-terminal-entrada-vermelha-178-mm\/","title":{"rendered":"Cobertura VTE 234 Cable Eye Terminal (entrada vermelha \/ 17,8 mm)"},"content":{"rendered":"<p>Cobertura VTE 234 Cable Eye Terminal (entrada vermelha \/ 17,8 mm) &#8211; N\u00famero da pe\u00e7a VTE: 234N4V02. Da s\u00e9rie 234 de isoladores de terminais de olhal da VTE. Esta capa de terminal \u00e9 feita de PVC e foi projetada para proteger as conex\u00f5es dos terminais contra curtos-circuitos. A s\u00e9rie 234 \u00e9 projetada para ser visualmente agrad\u00e1vel, al\u00e9m de proteger sua eletr\u00f4nica. Este isolador de terminal de anel e lug \u00e9 codificado por cores em vermelho para sinalizar uma conex\u00e3o positiva. O uso desta capa de terminal permite que voc\u00ea cumpra os padr\u00f5es ABYC E-9, USCG 33 Subparte I e ISO 10133. <\/p>\n<p>Especifica\u00e7\u00f5es: <\/p>\n<p>Aprova\u00e7\u00f5es: Cumpre os padr\u00f5es ABYC E-9, USCG 33 Subparte I &#038; ISO 10133.<br \/>\nAltura: 43,2 mm<br \/>\nComprimento: Terminal: 50,8 mm, Total: 94 mm<br \/>\nMarca: VTE<br \/>\nCor: Preto<br \/>\nTemperatura m\u00e1xima de opera\u00e7\u00e3o: 105 \u00b0C<br \/>\nTemperatura quebradi\u00e7a: -44 \u00b0C<br \/>\nTamanho da entrada do cabo: 17,8 mm (Calibres de cabo 2\/0-4\/0)<br \/>\nConstru\u00e7\u00e3o: PVC<br \/>\nDi\u00e2metro: OD do terminal: 34 mm, Di\u00e2metro interno da pega: 22,86 mm<br \/>\nEspessura: Espessura nominal do material: 2,54 mm.<\/p>\n","protected":false},"excerpt":{"rendered":"<p>Cobertura VTE 234 Cable Eye Terminal (entrada vermelha \/ 17,8 mm) &#8211; N\u00famero da pe\u00e7a VTE: 234N4V02. Da s\u00e9rie 234<\/p>\n","protected":false},"featured_media":5944840,"comment_status":"closed","ping_status":"closed","template":"","meta":[],"product_brand":[2832],"product_cat":[2016,2039],"product_tag":[],"class_list":{"0":"post-3698283","1":"product","2":"type-product","3":"status-publish","4":"has-post-thumbnail","6":"product_brand-blue-sea-systems-pt","7":"product_cat-baterias-equipamento-eletrico","8":"product_cat-terminais-e-cabos-de-bateria","10":"first","11":"instock","12":"shipping-taxable","13":"purchasable","14":"product-type-simple"},"_links":{"self":[{"href":"https:\/\/stoic-curie.212-227-153-4.plesk.page\/pt\/wp-json\/wp\/v2\/product\/3698283","targetHints":{"allow":["GET"]}}],"collection":[{"href":"https:\/\/stoic-curie.212-227-153-4.plesk.page\/pt\/wp-json\/wp\/v2\/product"}],"about":[{"href":"https:\/\/stoic-curie.212-227-153-4.plesk.page\/pt\/wp-json\/wp\/v2\/types\/product"}],"replies":[{"embeddable":true,"href":"https:\/\/stoic-curie.212-227-153-4.plesk.page\/pt\/wp-json\/wp\/v2\/comments?post=3698283"}],"version-history":[{"count":0,"href":"https:\/\/stoic-curie.212-227-153-4.plesk.page\/pt\/wp-json\/wp\/v2\/product\/3698283\/revisions"}],"wp:featuredmedia":[{"embeddable":true,"href":"https:\/\/stoic-curie.212-227-153-4.plesk.page\/pt\/wp-json\/wp\/v2\/media\/5944840"}],"wp:attachment":[{"href":"https:\/\/stoic-curie.212-227-153-4.plesk.page\/pt\/wp-json\/wp\/v2\/media?parent=3698283"}],"wp:term":[{"taxonomy":"product_brand","embeddable":true,"href":"https:\/\/stoic-curie.212-227-153-4.plesk.page\/pt\/wp-json\/wp\/v2\/product_brand?post=3698283"},{"taxonomy":"product_cat","embeddable":true,"href":"https:\/\/stoic-curie.212-227-153-4.plesk.page\/pt\/wp-json\/wp\/v2\/product_cat?post=3698283"},{"taxonomy":"product_tag","embeddable":true,"href":"https:\/\/stoic-curie.212-227-153-4.plesk.page\/pt\/wp-json\/wp\/v2\/product_tag?post=3698283"}],"curies":[{"name":"wp","href":"https:\/\/api.w.org\/{rel}","templated":true}]}}