{"id":3698284,"date":"2025-10-13T14:15:44","date_gmt":"2025-10-13T18:15:44","guid":{"rendered":"https:\/\/stoic-curie.212-227-153-4.plesk.page\/product\/cobertura-vte-234-cabo-terminal-ocular-entrada-preta-178-mm-de-diametro\/"},"modified":"2026-02-25T00:28:10","modified_gmt":"2026-02-25T00:28:10","slug":"cobertura-vte-234-cabo-terminal-ocular-entrada-preta-178-mm-de-diametro","status":"publish","type":"product","link":"https:\/\/stoic-curie.212-227-153-4.plesk.page\/pt\/product\/cobertura-vte-234-cabo-terminal-ocular-entrada-preta-178-mm-de-diametro\/","title":{"rendered":"Cobertura VTE 234 Cabo Terminal ocular (entrada preta \/ 17,8 mm de di\u00e2metro)"},"content":{"rendered":"<p>Cobertura VTE 234 Cabo Terminal ocular (entrada preta \/ 17,8 mm de di\u00e2metro) &#8211; N\u00famero da Pe\u00e7a VTE: 234N4V14. Da s\u00e9rie 234 de isoladores de terminais de olho VTE. Esta capa de terminal, feita de PVC n\u00e3o inflam\u00e1vel, foi projetada para proteger as conex\u00f5es do terminal contra curtos-circuitos. A s\u00e9rie 234 foi projetada para ser atraente, al\u00e9m de proteger sua eletr\u00f4nica. Este isolador de terminal de lingui\u00e7a e anel est\u00e1 codificado em vermelho para sinalizar uma conex\u00e3o positiva. O uso desta capa de terminal permite que voc\u00ea atenda aos padr\u00f5es ABYC E-9, USCG 33 Subparte I e ISO 10133.<\/p>\n","protected":false},"excerpt":{"rendered":"<p>Cobertura VTE 234 Cabo Terminal ocular (entrada preta \/ 17,8 mm de di\u00e2metro) &#8211; N\u00famero da Pe\u00e7a VTE: 234N4V14. Da<\/p>\n","protected":false},"featured_media":5944841,"comment_status":"closed","ping_status":"closed","template":"","meta":[],"product_brand":[2832],"product_cat":[2016,2039],"product_tag":[],"class_list":{"0":"post-3698284","1":"product","2":"type-product","3":"status-publish","4":"has-post-thumbnail","6":"product_brand-blue-sea-systems-pt","7":"product_cat-baterias-equipamento-eletrico","8":"product_cat-terminais-e-cabos-de-bateria","10":"first","11":"instock","12":"shipping-taxable","13":"purchasable","14":"product-type-simple"},"_links":{"self":[{"href":"https:\/\/stoic-curie.212-227-153-4.plesk.page\/pt\/wp-json\/wp\/v2\/product\/3698284","targetHints":{"allow":["GET"]}}],"collection":[{"href":"https:\/\/stoic-curie.212-227-153-4.plesk.page\/pt\/wp-json\/wp\/v2\/product"}],"about":[{"href":"https:\/\/stoic-curie.212-227-153-4.plesk.page\/pt\/wp-json\/wp\/v2\/types\/product"}],"replies":[{"embeddable":true,"href":"https:\/\/stoic-curie.212-227-153-4.plesk.page\/pt\/wp-json\/wp\/v2\/comments?post=3698284"}],"version-history":[{"count":0,"href":"https:\/\/stoic-curie.212-227-153-4.plesk.page\/pt\/wp-json\/wp\/v2\/product\/3698284\/revisions"}],"wp:featuredmedia":[{"embeddable":true,"href":"https:\/\/stoic-curie.212-227-153-4.plesk.page\/pt\/wp-json\/wp\/v2\/media\/5944841"}],"wp:attachment":[{"href":"https:\/\/stoic-curie.212-227-153-4.plesk.page\/pt\/wp-json\/wp\/v2\/media?parent=3698284"}],"wp:term":[{"taxonomy":"product_brand","embeddable":true,"href":"https:\/\/stoic-curie.212-227-153-4.plesk.page\/pt\/wp-json\/wp\/v2\/product_brand?post=3698284"},{"taxonomy":"product_cat","embeddable":true,"href":"https:\/\/stoic-curie.212-227-153-4.plesk.page\/pt\/wp-json\/wp\/v2\/product_cat?post=3698284"},{"taxonomy":"product_tag","embeddable":true,"href":"https:\/\/stoic-curie.212-227-153-4.plesk.page\/pt\/wp-json\/wp\/v2\/product_tag?post=3698284"}],"curies":[{"name":"wp","href":"https:\/\/api.w.org\/{rel}","templated":true}]}}