{"id":3698286,"date":"2025-10-13T14:15:45","date_gmt":"2025-10-13T18:15:45","guid":{"rendered":"https:\/\/stoic-curie.212-227-153-4.plesk.page\/product\/caixa-de-fusivel-eletrico-para-fusiveis-de-6-laminas-indicador-led\/"},"modified":"2026-02-25T00:28:10","modified_gmt":"2026-02-25T00:28:10","slug":"caixa-de-fusivel-eletrico-para-fusiveis-de-6-laminas-indicador-led","status":"publish","type":"product","link":"https:\/\/stoic-curie.212-227-153-4.plesk.page\/pt\/product\/caixa-de-fusivel-eletrico-para-fusiveis-de-6-laminas-indicador-led\/","title":{"rendered":"Caixa de fus\u00edvel el\u00e9trico para fus\u00edveis de 6 l\u00e2minas (indicador LED)"},"content":{"rendered":"<p>Caixa de fus\u00edvel el\u00e9trico para fus\u00edveis de 6 l\u00e2minas (indicador LED) &#8211; Caixa de fus\u00edveis el\u00e9trica adequada para acomodar 6 fus\u00edveis de l\u00e2mina. A base da caixa tem buracos de montagem permitindo que seja fixada a um painel ou qualquer outra superf\u00edcie s\u00f3lida. A tampa transparente permite uma r\u00e1pida inspe\u00e7\u00e3o visual dos fus\u00edveis, que cada um tem um indicador de luz LED vermelho separado que mostra quando um fus\u00edvel queimou. Cada fus\u00edvel possui um terminal macho de l\u00e2mina de 6,3 mm e h\u00e1 um \u00fanico pino de entrada de energia positiva de 5 mm que alimenta cada um dos fus\u00edveis de l\u00e2mina.<\/p>\n","protected":false},"excerpt":{"rendered":"<p>Caixa de fus\u00edvel el\u00e9trico para fus\u00edveis de 6 l\u00e2minas (indicador LED) &#8211; Caixa de fus\u00edveis el\u00e9trica adequada para acomodar 6<\/p>\n","protected":false},"featured_media":5944843,"comment_status":"closed","ping_status":"closed","template":"","meta":[],"product_brand":[2832],"product_cat":[2027],"product_tag":[],"class_list":{"0":"post-3698286","1":"product","2":"type-product","3":"status-publish","4":"has-post-thumbnail","6":"product_brand-blue-sea-systems-pt","7":"product_cat-acessorios-eletricos","9":"first","10":"instock","11":"shipping-taxable","12":"purchasable","13":"product-type-simple"},"_links":{"self":[{"href":"https:\/\/stoic-curie.212-227-153-4.plesk.page\/pt\/wp-json\/wp\/v2\/product\/3698286","targetHints":{"allow":["GET"]}}],"collection":[{"href":"https:\/\/stoic-curie.212-227-153-4.plesk.page\/pt\/wp-json\/wp\/v2\/product"}],"about":[{"href":"https:\/\/stoic-curie.212-227-153-4.plesk.page\/pt\/wp-json\/wp\/v2\/types\/product"}],"replies":[{"embeddable":true,"href":"https:\/\/stoic-curie.212-227-153-4.plesk.page\/pt\/wp-json\/wp\/v2\/comments?post=3698286"}],"version-history":[{"count":0,"href":"https:\/\/stoic-curie.212-227-153-4.plesk.page\/pt\/wp-json\/wp\/v2\/product\/3698286\/revisions"}],"wp:featuredmedia":[{"embeddable":true,"href":"https:\/\/stoic-curie.212-227-153-4.plesk.page\/pt\/wp-json\/wp\/v2\/media\/5944843"}],"wp:attachment":[{"href":"https:\/\/stoic-curie.212-227-153-4.plesk.page\/pt\/wp-json\/wp\/v2\/media?parent=3698286"}],"wp:term":[{"taxonomy":"product_brand","embeddable":true,"href":"https:\/\/stoic-curie.212-227-153-4.plesk.page\/pt\/wp-json\/wp\/v2\/product_brand?post=3698286"},{"taxonomy":"product_cat","embeddable":true,"href":"https:\/\/stoic-curie.212-227-153-4.plesk.page\/pt\/wp-json\/wp\/v2\/product_cat?post=3698286"},{"taxonomy":"product_tag","embeddable":true,"href":"https:\/\/stoic-curie.212-227-153-4.plesk.page\/pt\/wp-json\/wp\/v2\/product_tag?post=3698286"}],"curies":[{"name":"wp","href":"https:\/\/api.w.org\/{rel}","templated":true}]}}